{"id":1467,"date":"2020-03-03T11:56:53","date_gmt":"2020-03-03T11:56:53","guid":{"rendered":"https:\/\/www.afibmatters.org\/que-dois-je-savoir\/la-fa-est-elle-hereditaire\/"},"modified":"2020-03-17T10:08:23","modified_gmt":"2020-03-17T10:08:23","slug":"la-fa-est-elle-hereditaire","status":"publish","type":"page","link":"https:\/\/www.afibmatters.org\/fr\/que-dois-je-savoir\/la-fa-est-elle-hereditaire\/","title":{"rendered":"La FA est-elle h\u00e9r\u00e9ditaire&nbsp;?"},"content":{"rendered":"<p>La fibrillation atriale est le trouble du rythme cardiaque le plus fr\u00e9quent et, par cons\u00e9quent, le fait d\u2019avoir des parents avec la m\u00eame arythmie n\u2019est pas rare. \u00c0 mesure que l&#8217;on vieillit, il est plus probable que la fibrillation atriale soit li\u00e9e \u00e0 des comorbidit\u00e9s plut\u00f4t qu\u2019\u00e0 une maladie g\u00e9n\u00e9tique. Chacun d\u2019entre nous a un <strong><a href=\"\/fr\/que-dois-je-savoir\/la-fibrillation-atriale-est-elle-une-maladie-frequente\/\">risque plus \u00e9lev\u00e9 de d\u00e9velopper une fibrillation atriale avec l\u2019\u00e2ge<\/a>.<\/strong><\/p>\n<p>Cependant, on observe parfois que dans certaines familles, le risque de fibrillation atriale est plus \u00e9lev\u00e9, m\u00eame \u00e0 un jeune \u00e2ge ou sans autre probl\u00e8me m\u00e9dical. C\u2019est ce qu\u2019on appelle la fibrillation atriale familiale. Dans certains cas rares, il est d\u00e9montr\u00e9 que des changements dans certains g\u00e8nes (mutations) peuvent en \u00eatre responsables, mais dans la plupart des cas, la cause n\u2019est pas encore identifi\u00e9e. Des \u00e9tudes sont encores n\u00e9cessaires pour clarifier les facteurs g\u00e9n\u00e9tiques associ\u00e9s \u00e0 la fibrillation atriale familiale.<\/p>\n<p>Si vous avez des parents atteints de fibrillation atriale et que vous craignez de d\u00e9velopper cette affection, parlez-en avec votre m\u00e9decin. Votre m\u00e9decin peut identifier les facteurs de risque de fibrillation atriale et peut vous aider \u00e0 les traiter.<\/p>\n<p>&nbsp;<\/p>\n<p>&nbsp;<\/p>\n","protected":false},"excerpt":{"rendered":"<p>La fibrillation atriale est le trouble du rythme cardiaque le plus fr\u00e9quent et, par cons\u00e9quent, le fait d\u2019avoir des parents avec la m\u00eame arythmie n\u2019est pas rare. \u00c0 mesure que l&#8217;on vieillit, il est plus probable que la fibrillation atriale soit li\u00e9e \u00e0 des comorbidit\u00e9s plut\u00f4t qu\u2019\u00e0 une maladie g\u00e9n\u00e9tique. Chacun d\u2019entre nous a un [&hellip;]<\/p>\n","protected":false},"author":1,"featured_media":0,"parent":1407,"menu_order":12,"comment_status":"closed","ping_status":"closed","template":"","meta":{"_acf_changed":false,"footnotes":""},"categories":[49],"tags":[],"class_list":["post-1467","page","type-page","status-publish","hentry","category-que-dois-je-savoir"],"acf":[],"_links":{"self":[{"href":"https:\/\/www.afibmatters.org\/fr\/wp-json\/wp\/v2\/pages\/1467","targetHints":{"allow":["GET"]}}],"collection":[{"href":"https:\/\/www.afibmatters.org\/fr\/wp-json\/wp\/v2\/pages"}],"about":[{"href":"https:\/\/www.afibmatters.org\/fr\/wp-json\/wp\/v2\/types\/page"}],"author":[{"embeddable":true,"href":"https:\/\/www.afibmatters.org\/fr\/wp-json\/wp\/v2\/users\/1"}],"replies":[{"embeddable":true,"href":"https:\/\/www.afibmatters.org\/fr\/wp-json\/wp\/v2\/comments?post=1467"}],"version-history":[{"count":6,"href":"https:\/\/www.afibmatters.org\/fr\/wp-json\/wp\/v2\/pages\/1467\/revisions"}],"predecessor-version":[{"id":2186,"href":"https:\/\/www.afibmatters.org\/fr\/wp-json\/wp\/v2\/pages\/1467\/revisions\/2186"}],"up":[{"embeddable":true,"href":"https:\/\/www.afibmatters.org\/fr\/wp-json\/wp\/v2\/pages\/1407"}],"wp:attachment":[{"href":"https:\/\/www.afibmatters.org\/fr\/wp-json\/wp\/v2\/media?parent=1467"}],"wp:term":[{"taxonomy":"category","embeddable":true,"href":"https:\/\/www.afibmatters.org\/fr\/wp-json\/wp\/v2\/categories?post=1467"},{"taxonomy":"post_tag","embeddable":true,"href":"https:\/\/www.afibmatters.org\/fr\/wp-json\/wp\/v2\/tags?post=1467"}],"curies":[{"name":"wp","href":"https:\/\/api.w.org\/{rel}","templated":true}]}}