{"id":1454,"date":"2020-03-03T11:56:50","date_gmt":"2020-03-03T11:56:50","guid":{"rendered":"https:\/\/www.afibmatters.org\/que-peut-faire-mon-medecin\/"},"modified":"2021-08-03T15:12:25","modified_gmt":"2021-08-03T14:12:25","slug":"que-peut-faire-mon-medecin","status":"publish","type":"page","link":"https:\/\/www.afibmatters.org\/fr\/que-peut-faire-mon-medecin\/","title":{"rendered":"Que peut faire mon m\u00e9decin&nbsp;?"},"content":{"rendered":"<p>Votre m\u00e9decin g\u00e9n\u00e9raliste doit \u00eatre votre premier contact lorsqu&#8217;il s&#8217;agit de votre \u00e9tat g\u00e9n\u00e9ral de sant\u00e9. Cependant, si vos sympt\u00f4mes sont li\u00e9s \u00e0 votre sant\u00e9 cardiaque, il est susceptible de vous rediriger vers un cardiologue. Vous pouvez \u00e9galement \u00eatre redirig\u00e9 vers un \u00e9lectrophysiologiste ou rythmologue, un cardiologue sp\u00e9cialis\u00e9 dans la prise en charge sp\u00e9cifique des probl\u00e8mes de rythme cardiaque.<\/p>\n<p>&nbsp;<\/p>\n<h2><a href=\"https:\/\/www.afibmatters.org\/fr\/que-peut-faire-mon-medecin\/examens-utiles\/\">Examens utiles<\/a><\/h2>\n<p>La premi\u00e8re \u00e9tape consiste \u00e0 d\u00e9terminer ce qui cause la fibrillation auriculaire. Pour ce faire, une s\u00e9rie d&#8217;examens est n\u00e9cessaire, en fonction de votre \u00e9tat.<\/p>\n<p>Un \u00e9lectrocardiogramme, ou ECG, est un examen qui enregistre l&#8217;activit\u00e9 \u00e9lectrique de votre c\u0153ur et son rythme. Les examens d&#8217;ECG sont non invasifs, indolores, peuvent \u00eatre effectu\u00e9s \u00e0 l&#8217;h\u00f4pital ou par votre cardiologue et prennent g\u00e9n\u00e9ralement environ cinq minutes. De petits patchs, ou \u00e9lectrodes, sont plac\u00e9s sur vos bras, votre poitrine et vos jambes. L&#8217;ECG enregistre ensuite le rythme de votre c\u0153ur et l&#8217;affiche sous forme d&#8217;ondes sur un \u00e9cran ou sur du papier.<\/p>\n<p>Un enregistrement ECG de longue dur\u00e9e est g\u00e9n\u00e9ralement effectu\u00e9e si une fibrillation atriale est suspect\u00e9e, mais ne dure que pendant une courte p\u00e9riode. Quatre patchs sont plac\u00e9s sur votre poitrine et connect\u00e9s par des fils \u00e0 un petit appareil de surveillance portable qui est attach\u00e9 \u00e0 une ceinture ou port\u00e9 \u00e0 l&#8217;aide d&#8217;une sangle autour du cou. Cela permet de surveiller votre c\u0153ur sur une p\u00e9riode de 24 \u00e0 48 heures. Depuis peu, on peut vous proposer un patch ECG \u00e9tanche, qui peut \u00eatre port\u00e9 de 7 \u00e0 14 jours.<\/p>\n<p>L&#8217;\u00e9chographie cardiaque (\u00e9chocardiogramme transthoracique) peut \u00eatre utilis\u00e9e pour prendre des clich\u00e9s mobiles de votre c\u0153ur, en regardant la taille et la force contractile des cavit\u00e9s cardiaques et la fa\u00e7on dont les valves fonctionnent. Elle est indolore et prend 15-20 minutes.<\/p>\n<p>Un m\u00e9decin peut \u00e9galement avoir besoin d&#8217;en savoir plus votre c\u0153ur. Il pourra utiliser un \u00e9chocardiogramme trans\u0153sophagien, ou \u00ab\u00a0ETO\u00a0\u00bb. Le dispositif utilis\u00e9 se pr\u00e9sente sous la forme d&#8217;un tube flexible qui est ins\u00e9r\u00e9 par la bouche et l&#8217;\u0153sophage par d\u00e9glutition et \u00e9met des ultrasons pour obtenir des images d\u00e9taill\u00e9es du c\u0153ur.<\/p>\n<p>Si votre m\u00e9decin soup\u00e7onne un diab\u00e8te, il pourra faire des analyses de sang pour l&#8217;identifier. Il se peut que vous ayez besoin d&#8217;une surveillance \u00e9troite de votre pression art\u00e9rielle. Si vous ronflez fortement, si vous arr\u00eatez de respirer pendant de courtes p\u00e9riodes la nuit et vous endormez pendant la journ\u00e9e, votre m\u00e9decin peut vous prescrire un examen du sommeil afin de rechercher une \u00e9ventuelle apn\u00e9e obstructive du sommeil. Si vous \u00eates en surpoids, votre m\u00e9decin peut vous donner des conseils relatifs \u00e0 l&#8217;activit\u00e9 physique, \u00e0 votre r\u00e9gime alimentaire et aux r\u00e9gimes amaigrissants.<\/p>\n<p>&nbsp;<\/p>\n<h2><a href=\"https:\/\/www.afibmatters.org\/fr\/que-peut-faire-mon-medecin\/retablir-un-rythme-cardiaque-normal-et-prevenir-les-rechutes\/\">Traitement m\u00e9dical<\/a><\/h2>\n<p>Pour contr\u00f4ler la fibrillation atriale, des m\u00e9dicaments, appel\u00e9s antiarythmiques, sont utilis\u00e9s pour restaurer le rythme cardiaque naturel du c\u0153ur et contr\u00f4ler la fr\u00e9quence \u00e0 laquelle le c\u0153ur bat. Le type de m\u00e9dicament antiarythmique recommand\u00e9 d\u00e9pend de votre type de fibrillation atriale, de la sant\u00e9 de votre c\u0153ur, des autres m\u00e9dicaments qui vous ont \u00e9t\u00e9 prescrits et des effets secondaires de ces m\u00e9dicaments.<\/p>\n<p>&nbsp;<\/p>\n<h2><a href=\"https:\/\/www.afibmatters.org\/fr\/que-peut-faire-mon-medecin\/quest-ce-quune-cardioversion\/\">Qu\u2019est-ce qu\u2019une cardioversion ?<\/a><\/h2>\n<p>La cardioversion, \u00e9galement connue sous le nom de cardioversion \u00e9lectrique, est un traitement visant \u00e0 ramener un rythme cardiaque anormal \u00e0 la normale. Elle ne se pratique que chez les personnes souffrant de fibrillation atriale, dont le rythme doit revenir \u00e0 la normale tr\u00e8s rapidement (en raidon d\u2019une mauvaise tol\u00e9rance) ou chez celles qui souffrent de fibrillation atriale depuis de nombreux jours et dont le rythme ne reviendra pas \u00e0 la normale de lui-m\u00eame. Un choc \u00e9lectrique est d\u00e9livr\u00e9 par un d\u00e9fibrillateur par le biais de deux patchs, l&#8217;un \u00e0 l&#8217;avant et l&#8217;autre sur le c\u00f4t\u00e9 ou \u00e0 l&#8217;arri\u00e8re de la poitrine. Avant l&#8217;administration du choc, le patient re\u00e7oit soit un anesth\u00e9sique g\u00e9n\u00e9ral, soit une s\u00e9dation lourde afin qu&#8217;il ne ressente pas le choc.<\/p>\n<p>&nbsp;<\/p>\n<h2><a href=\"https:\/\/www.afibmatters.org\/fr\/que-peut-faire-mon-medecin\/ablation-de-la-fibrillation-atriale\/\">Ablation de la fibrillation atriale<\/a><\/h2>\n<p>L&#8217;ablation est un traitement de la fibrillation atriale qui utilise la chaleur ou du froid soigneusement dirig\u00e9 pour cr\u00e9er d\u00e9lib\u00e9r\u00e9ment des cicatrices dans les oreillettes pour servir d&#8217;isolant et emp\u00eacher la propagation des impulsions \u00e9lectriques anormales provoquant le rythme anormal. L&#8217;ablation de la fibrillation atriale est couramment utilis\u00e9e lorsque des m\u00e9dicaments ou d&#8217;autres traitements s&#8217;av\u00e8rent inefficaces. Cependant, selon le patient, elle peut \u00e9galement \u00eatre utilis\u00e9e comme premier traitement. Lors de la proc\u00e9dure, des sondes de petite taille, \u00e9galement connus sous le nom de cath\u00e9ters, sont ins\u00e9r\u00e9s dans une veine du haut de la jambe, puis remont\u00e9s jusqu&#8217;\u00e0 l&#8217;int\u00e9rieur du c\u0153ur. Cela prend quelques heures et peut \u00eatre fait avec sous anesth\u00e9sie locale et une s\u00e9dation, ou sous anesth\u00e9sie g\u00e9n\u00e9rale. Les ablations sont effectu\u00e9es dans des h\u00f4pitaux sp\u00e9cialis\u00e9s par des \u00e9lectrophysiologistes cardiaques.<\/p>\n<p>&nbsp;<\/p>\n<h2><a href=\"https:\/\/www.afibmatters.org\/fr\/que-peut-faire-mon-medecin\/comment-prevenir-les-accidents-vasculaires-cerebraux\/\">Comment \u00e9viter un AVC ?<\/a><\/h2>\n<p>Un accident vasculaire c\u00e9r\u00e9bral survient lorsque l&#8217;irrigation sanguine du cerveau est interrompue, et que, en cons\u00e9quence les cellules du cerveau sont endommag\u00e9es ou meurent. Afin de maintenir une bonne sant\u00e9 c\u00e9r\u00e9brale, le cerveau a besoin d&#8217;un flux continu de sang transportant l&#8217;oxyg\u00e8ne et les nutriments vitaux.<\/p>\n<p>Pour \u00e9viter les risques d&#8217;accident vasculaire c\u00e9r\u00e9bral, la combinaison d&#8217;une activit\u00e9 physique r\u00e9guli\u00e8re et d&#8217;une alimentation saine, la pr\u00e9vention du tabagisme et de l&#8217;alcool et la gestion des pathologies associ\u00e9es, telles que la pression art\u00e9rielle et le diab\u00e8te, sont recommand\u00e9es.<\/p>\n<p>La fibrillation atriale peut \u00eatre une cause directe d&#8217;accident vasculaire c\u00e9r\u00e9bral. La FA peut ralentir le flux sanguin dans l&#8217;oreillette gauche au point que le sang commence \u00e0 coaguler. Si un caillot se forme et est ensuite d\u00e9log\u00e9, puis pomp\u00e9 hors du c\u0153ur, il passera g\u00e9n\u00e9ralement par le cerveau, o\u00f9 il va bloquer une art\u00e8re et provoquer un accident vasculaire c\u00e9r\u00e9bral. Chez les personnes atteintes de FA qui pr\u00e9sentent un risque \u00e9lev\u00e9 d&#8217;AVC, les m\u00e9dicaments commun\u00e9ment appel\u00e9s \u00ab\u00a0anticoagulants\u00a0\u00bb sont utilis\u00e9s pour r\u00e9duire le risque en pr\u00e9venant les caillots. Il peut s&#8217;agir de warfarine (un antagoniste de la vitamine K) ou d&#8217;anticoagulants oraux directs (AOD, \u00e9galement connus sous le nom de NOAC) tels que l&#8217;apixaban, le dabiagtran, le rivaroxaban et l&#8217;edoxaban. Votre m\u00e9decin vous aidera \u00e0 d\u00e9terminer si vous courez un risque \u00e9lev\u00e9 et avez besoin d&#8217;\u00eatre prot\u00e9g\u00e9, en s&#8217;appuyant sur le score CHADS-VASc, et vous conseillera d&#8217;essayer le meilleur anticoagulant pour vous.<\/p>\n<p>&nbsp;<\/p>\n<h2><a href=\"https:\/\/www.afibmatters.org\/fr\/que-peut-faire-mon-medecin\/comment-prevenir-linsuffisance-cardiaque\/\">Comment pr\u00e9venir l\u2019insuffisance cardiaque ?<\/a><\/h2>\n<p>Chez les personnes qui souffrent en continu de fibrillation atriale (FA persistante ou permanente), il est important de s&#8217;assurer que la fr\u00e9quence cardiaque n&#8217;est pas rapide en permanence Votre m\u00e9decin testera votre fr\u00e9quence cardiaque au repos et prescrira, si n\u00e9cessaire, des m\u00e9dicaments pour la ralentir.<\/p>\n<p>&nbsp;<\/p>\n","protected":false},"excerpt":{"rendered":"<p>Votre m\u00e9decin g\u00e9n\u00e9raliste doit \u00eatre votre premier contact lorsqu&#8217;il s&#8217;agit de votre \u00e9tat g\u00e9n\u00e9ral de sant\u00e9. Cependant, si vos sympt\u00f4mes sont li\u00e9s \u00e0 votre sant\u00e9 cardiaque, il est susceptible de vous rediriger vers un cardiologue. Vous pouvez \u00e9galement \u00eatre redirig\u00e9 vers un \u00e9lectrophysiologiste ou rythmologue, un cardiologue sp\u00e9cialis\u00e9 dans la prise en charge sp\u00e9cifique des [&hellip;]<\/p>\n","protected":false},"author":1,"featured_media":0,"parent":0,"menu_order":13,"comment_status":"closed","ping_status":"closed","template":"templates\/parent.php","meta":{"_acf_changed":false,"footnotes":""},"categories":[56],"tags":[],"class_list":["post-1454","page","type-page","status-publish","hentry","category-que-peut-faire-mon-medecin"],"acf":[],"_links":{"self":[{"href":"https:\/\/www.afibmatters.org\/fr\/wp-json\/wp\/v2\/pages\/1454","targetHints":{"allow":["GET"]}}],"collection":[{"href":"https:\/\/www.afibmatters.org\/fr\/wp-json\/wp\/v2\/pages"}],"about":[{"href":"https:\/\/www.afibmatters.org\/fr\/wp-json\/wp\/v2\/types\/page"}],"author":[{"embeddable":true,"href":"https:\/\/www.afibmatters.org\/fr\/wp-json\/wp\/v2\/users\/1"}],"replies":[{"embeddable":true,"href":"https:\/\/www.afibmatters.org\/fr\/wp-json\/wp\/v2\/comments?post=1454"}],"version-history":[{"count":7,"href":"https:\/\/www.afibmatters.org\/fr\/wp-json\/wp\/v2\/pages\/1454\/revisions"}],"predecessor-version":[{"id":4936,"href":"https:\/\/www.afibmatters.org\/fr\/wp-json\/wp\/v2\/pages\/1454\/revisions\/4936"}],"wp:attachment":[{"href":"https:\/\/www.afibmatters.org\/fr\/wp-json\/wp\/v2\/media?parent=1454"}],"wp:term":[{"taxonomy":"category","embeddable":true,"href":"https:\/\/www.afibmatters.org\/fr\/wp-json\/wp\/v2\/categories?post=1454"},{"taxonomy":"post_tag","embeddable":true,"href":"https:\/\/www.afibmatters.org\/fr\/wp-json\/wp\/v2\/tags?post=1454"}],"curies":[{"name":"wp","href":"https:\/\/api.w.org\/{rel}","templated":true}]}}