{"id":1445,"date":"2020-03-03T11:56:48","date_gmt":"2020-03-03T11:56:48","guid":{"rendered":"https:\/\/www.afibmatters.org\/que-dois-je-savoir\/pourquoi-la-fibrillation-auriculaire-est-elle-dangereuse\/"},"modified":"2021-04-21T16:18:46","modified_gmt":"2021-04-21T15:18:46","slug":"pourquoi-la-fibrillation-atriale-est-elle-dangereuse","status":"publish","type":"page","link":"https:\/\/www.afibmatters.org\/fr\/que-dois-je-savoir\/pourquoi-la-fibrillation-atriale-est-elle-dangereuse\/","title":{"rendered":"Pourquoi la fibrillation atriale est-elle dangereuse&nbsp;?"},"content":{"rendered":"<p>Beaucoup de patients vivent avec de l\u2019arythmie pendant des d\u00e9cennies sans probl\u00e8mes. Cependant, si elle n\u2019est pas trait\u00e9e, la fibrillation atriale peut entra\u00eener des complications, telles qu\u2019un accident vasculaire c\u00e9r\u00e9bral et une insuffisance cardiaque, qui peuvent avoir de graves cons\u00e9quences sur votre vie.<\/p>\n<ul>\n<li><a href=\"https:\/\/www.afibmatters.org\/fr\/que-peut-faire-mon-medecin\/comment-prevenir-linsuffisance-cardiaque\/\">Risque d\u2019insuffisance cardiaque<\/a><\/li>\n<li><a href=\"https:\/\/www.afibmatters.org\/fr\/que-peut-faire-mon-medecin\/comment-prevenir-les-accidents-vasculaires-cerebraux\/\">Risque d\u2019accident vasculaire c\u00e9r\u00e9bral<\/a><\/li>\n<\/ul>\n<p>&nbsp;<\/p>\n","protected":false},"excerpt":{"rendered":"<p>Beaucoup de patients vivent avec de l\u2019arythmie pendant des d\u00e9cennies sans probl\u00e8mes. Cependant, si elle n\u2019est pas trait\u00e9e, la fibrillation atriale peut entra\u00eener des complications, telles qu\u2019un accident vasculaire c\u00e9r\u00e9bral et une insuffisance cardiaque, qui peuvent avoir de graves cons\u00e9quences sur votre vie. Risque d\u2019insuffisance cardiaque Risque d\u2019accident vasculaire c\u00e9r\u00e9bral &nbsp;<\/p>\n","protected":false},"author":1,"featured_media":0,"parent":1407,"menu_order":10,"comment_status":"closed","ping_status":"closed","template":"","meta":{"_acf_changed":false,"footnotes":""},"categories":[49],"tags":[],"class_list":["post-1445","page","type-page","status-publish","hentry","category-que-dois-je-savoir"],"acf":[],"_links":{"self":[{"href":"https:\/\/www.afibmatters.org\/fr\/wp-json\/wp\/v2\/pages\/1445","targetHints":{"allow":["GET"]}}],"collection":[{"href":"https:\/\/www.afibmatters.org\/fr\/wp-json\/wp\/v2\/pages"}],"about":[{"href":"https:\/\/www.afibmatters.org\/fr\/wp-json\/wp\/v2\/types\/page"}],"author":[{"embeddable":true,"href":"https:\/\/www.afibmatters.org\/fr\/wp-json\/wp\/v2\/users\/1"}],"replies":[{"embeddable":true,"href":"https:\/\/www.afibmatters.org\/fr\/wp-json\/wp\/v2\/comments?post=1445"}],"version-history":[{"count":4,"href":"https:\/\/www.afibmatters.org\/fr\/wp-json\/wp\/v2\/pages\/1445\/revisions"}],"predecessor-version":[{"id":3329,"href":"https:\/\/www.afibmatters.org\/fr\/wp-json\/wp\/v2\/pages\/1445\/revisions\/3329"}],"up":[{"embeddable":true,"href":"https:\/\/www.afibmatters.org\/fr\/wp-json\/wp\/v2\/pages\/1407"}],"wp:attachment":[{"href":"https:\/\/www.afibmatters.org\/fr\/wp-json\/wp\/v2\/media?parent=1445"}],"wp:term":[{"taxonomy":"category","embeddable":true,"href":"https:\/\/www.afibmatters.org\/fr\/wp-json\/wp\/v2\/categories?post=1445"},{"taxonomy":"post_tag","embeddable":true,"href":"https:\/\/www.afibmatters.org\/fr\/wp-json\/wp\/v2\/tags?post=1445"}],"curies":[{"name":"wp","href":"https:\/\/api.w.org\/{rel}","templated":true}]}}