{"id":1413,"date":"2020-03-03T11:56:39","date_gmt":"2020-03-03T11:56:39","guid":{"rendered":"https:\/\/www.afibmatters.org\/quest-ce-que-la-fibrillation-auriculaire\/le-coeur-pendant-la-fibrillation-auriculaire\/"},"modified":"2022-01-26T11:04:31","modified_gmt":"2022-01-26T11:04:31","slug":"le-coeur-pendant-la-fibrillation-atriale","status":"publish","type":"page","link":"https:\/\/www.afibmatters.org\/fr\/quest-ce-que-la-fibrillation-atriale\/le-coeur-pendant-la-fibrillation-atriale\/","title":{"rendered":"Le c\u0153ur pendant la fibrillation atriale"},"content":{"rendered":"<p>La fibrillation atriale est un trouble du rythme cardiaque provenant des oreillettes qui entra\u00eene un rythme cardiaque irr\u00e9gulier et rapide. En raison de l\u2019activation irr\u00e9guli\u00e8re et rapide des oreillettes, la contraction diminue, provoquant un ralentissement ou m\u00eame une stagnation du flux sanguin.<\/p>\n<p><img loading=\"lazy\" decoding=\"async\" class=\"alignnone wp-image-5640 size-full\" src=\"https:\/\/cdn-endpoint-afib.azureedge.net\/afibmatters\/2022\/01\/Asset-10afib-FRE-1024x667-min.jpg?_t=1643195064\" alt=\"\" width=\"1024\" height=\"667\" srcset=\"https:\/\/cdn-endpoint-afib.azureedge.net\/afibmatters\/2022\/01\/Asset-10afib-FRE-1024x667-min.jpg 1024w, https:\/\/cdn-endpoint-afib.azureedge.net\/afibmatters\/2022\/01\/Asset-10afib-FRE-1024x667-min-300x195.jpg 300w, https:\/\/cdn-endpoint-afib.azureedge.net\/afibmatters\/2022\/01\/Asset-10afib-FRE-1024x667-min-768x500.jpg 768w, https:\/\/cdn-endpoint-afib.azureedge.net\/afibmatters\/2022\/01\/Asset-10afib-FRE-1024x667-min-500x326.jpg 500w\" sizes=\"auto, (max-width: 1024px) 100vw, 1024px\" \/><\/p>\n<p>&nbsp;<\/p>\n","protected":false},"excerpt":{"rendered":"<p>La fibrillation atriale est un trouble du rythme cardiaque provenant des oreillettes qui entra\u00eene un rythme cardiaque irr\u00e9gulier et rapide. En raison de l\u2019activation irr\u00e9guli\u00e8re et rapide des oreillettes, la contraction diminue, provoquant un ralentissement ou m\u00eame une stagnation du flux sanguin. &nbsp;<\/p>\n","protected":false},"author":1,"featured_media":0,"parent":1389,"menu_order":4,"comment_status":"closed","ping_status":"closed","template":"","meta":{"_acf_changed":false,"footnotes":""},"categories":[42],"tags":[],"class_list":["post-1413","page","type-page","status-publish","hentry","category-quest-ce-que-la-fa"],"acf":[],"_links":{"self":[{"href":"https:\/\/www.afibmatters.org\/fr\/wp-json\/wp\/v2\/pages\/1413","targetHints":{"allow":["GET"]}}],"collection":[{"href":"https:\/\/www.afibmatters.org\/fr\/wp-json\/wp\/v2\/pages"}],"about":[{"href":"https:\/\/www.afibmatters.org\/fr\/wp-json\/wp\/v2\/types\/page"}],"author":[{"embeddable":true,"href":"https:\/\/www.afibmatters.org\/fr\/wp-json\/wp\/v2\/users\/1"}],"replies":[{"embeddable":true,"href":"https:\/\/www.afibmatters.org\/fr\/wp-json\/wp\/v2\/comments?post=1413"}],"version-history":[{"count":4,"href":"https:\/\/www.afibmatters.org\/fr\/wp-json\/wp\/v2\/pages\/1413\/revisions"}],"predecessor-version":[{"id":5652,"href":"https:\/\/www.afibmatters.org\/fr\/wp-json\/wp\/v2\/pages\/1413\/revisions\/5652"}],"up":[{"embeddable":true,"href":"https:\/\/www.afibmatters.org\/fr\/wp-json\/wp\/v2\/pages\/1389"}],"wp:attachment":[{"href":"https:\/\/www.afibmatters.org\/fr\/wp-json\/wp\/v2\/media?parent=1413"}],"wp:term":[{"taxonomy":"category","embeddable":true,"href":"https:\/\/www.afibmatters.org\/fr\/wp-json\/wp\/v2\/categories?post=1413"},{"taxonomy":"post_tag","embeddable":true,"href":"https:\/\/www.afibmatters.org\/fr\/wp-json\/wp\/v2\/tags?post=1413"}],"curies":[{"name":"wp","href":"https:\/\/api.w.org\/{rel}","templated":true}]}}