{"id":1407,"date":"2020-03-03T11:56:37","date_gmt":"2020-03-03T11:56:37","guid":{"rendered":"https:\/\/www.afibmatters.org\/que-dois-je-savoir\/"},"modified":"2022-03-24T10:47:53","modified_gmt":"2022-03-24T10:47:53","slug":"que-dois-je-savoir","status":"publish","type":"page","link":"https:\/\/www.afibmatters.org\/fr\/que-dois-je-savoir\/","title":{"rendered":"Que dois-je savoir&nbsp;?"},"content":{"rendered":"<p>La fibrillation auriculaire est une maladie courante qui cause des battements cardiaques anormaux, ce qui peut donner aux patients le sentiment que leur c\u0153ur bat de mani\u00e8re iet chaotique.<\/p>\n<p>Lorsque la fibrillation auriculaire est diagnostiqu\u00e9e, le traitement et l&#8217;am\u00e9lioration du mode de vie sont essentiels pour r\u00e9duire le risque d&#8217;autres probl\u00e8mes cardiaques, tels que les accidents vasculaires c\u00e9r\u00e9braux et l&#8217;insuffisance cardiaque.<\/p>\n<p>&nbsp;<\/p>\n<h2><a href=\"https:\/\/www.afibmatters.org\/fr\/que-dois-je-savoir\/la-fibrillation-atriale-est-elle-une-maladie-frequente\/\">La fibrillation auriculaire est-elle une maladie fr\u00e9quente&nbsp;?<\/a><\/h2>\n<p>La fibrillation auriculaire est le trouble du rythme cardiaque le plus fr\u00e9quent. Elle touche les adultes de tout \u00e2ge, mais elle est beaucoup plus fr\u00e9quente chez les personnes \u00e2g\u00e9es et plus fr\u00e9quente chez les hommes que chez les femmes. Les personnes souffrant d&#8217;autres affections cardiaques, comme l&#8217;hypertension art\u00e9rielle (hypertension), le diab\u00e8te, l&#8217;ath\u00e9roscl\u00e9rose (lorsque les art\u00e8res sont obstru\u00e9es par le cholest\u00e9rol) ou les valvulopathies, sont plus susceptibles de pr\u00e9senter une fibrillation auriculaire.<\/p>\n<p>&nbsp;<\/p>\n<h2><a href=\"https:\/\/www.afibmatters.org\/fr\/que-dois-je-savoir\/qui-est-plus-a-risque-de-presenter-une-fibrillation-atriale\/\">Qui est plus \u00e0 risque de pr\u00e9senter une fibrillation auriculaire&nbsp;?<\/a><\/h2>\n<p>La fibrillation auriculaire est associ\u00e9e \u00e0 des maladies qui endommagent la structure du c\u0153ur. Les personnes souffrant d&#8217;hypertension art\u00e9rielle, de cardiopathie coronarienne, de troubles cardiaques, d&#8217;insuffisance cardiaque ou valvulaire, de cardiopathie rhumatismale, d&#8217;hyperthyro\u00efdie, de diab\u00e8te, de syndrome m\u00e9tabolique, de maladie pulmonaire, de maladie r\u00e9nale, d&#8217;apn\u00e9e du sommeil et ayant des ant\u00e9c\u00e9dents familiaux de fibrillation auriculaire, ont un risque plus \u00e9lev\u00e9 de d\u00e9velopper une fibrillation auriculaire.<\/p>\n<p>Une personne qui consomme trop d&#8217;alcool, souffre d&#8217;ob\u00e9sit\u00e9, est inactive, fume, est stress\u00e9 et abuse de stimulants (notamment la caf\u00e9ine) peut \u00e9galement pr\u00e9senter plus de risques.<\/p>\n<p>Cela dit, on peut \u00e9galement retrouver la fibrillation auriculaire chez les personnes plus jeunes ayant des c\u0153urs sains et aucun probl\u00e8me de sant\u00e9. M\u00eame chez les athl\u00e8tes&nbsp;!<\/p>\n<p>&nbsp;<\/p>\n<h2><a href=\"https:\/\/www.afibmatters.org\/fr\/que-dois-je-savoir\/quest-ce-que-cela-fait-de-vivre-avec-la-fibrillation-atriale\/\">Qu\u2019est-ce que cela fait de vivre avec la fibrillation auriculaire&nbsp;?<\/a><\/h2>\n<p>La fibrillation auriculaire ne se manifeste pas de la m\u00eame mani\u00e8re chez toutes les personnes. Les sympt\u00f4mes et la fr\u00e9quence de leur apparition peuvent varier consid\u00e9rablement. Il est \u00e9galement possible qu&#8217;une personne n&#8217;ait aucun sympt\u00f4me et que la fibrillation auriculaire soit d\u00e9couverte par hasard lors d&#8217;un examen de routine.<\/p>\n<p>Le sympt\u00f4me le plus \u00e9vident de la fibrillation auriculaire est les palpitations cardiaques (une perception d\u00e9sagr\u00e9able des battements du c\u0153ur), qui d\u00e9passent g\u00e9n\u00e9ralement 100 battements par minute, ces battements \u00e9tant chaotiques et irr\u00e9guliers. En outre, la fatigue, la d\u00e9tresse respiratoire, l&#8217;essoufflement, les sensations d&#8217;\u00e9vanouissement ou d&#8217;\u00e9tourdissement, les sensations vertigineuses, les douleurs thoraciques et les naus\u00e9es sont \u00e9galement des sympt\u00f4mes courants.<\/p>\n<p>&nbsp;<\/p>\n<h2><a href=\"https:\/\/www.afibmatters.org\/fr\/que-dois-je-savoir\/pourquoi-la-fibrillation-atriale-est-elle-dangereuse\/\">Pourquoi la fibrillation auriculaire est-elle dangereuse&nbsp;?<\/a><\/h2>\n<p>Les personnes atteintes de fibrillation auriculaire courent un risque 4 \u00e0 5 fois plus \u00e9lev\u00e9 d&#8217;avoir un accident vasculaire c\u00e9r\u00e9bral. Cependant, les risques sont fortement influenc\u00e9s par d&#8217;autres facteurs, notamment l&#8217;\u00e2ge, le sexe, la pression art\u00e9rielle, le diab\u00e8te, l&#8217;insuffisance cardiaque et des ant\u00e9c\u00e9dents de caillots sanguins ou d&#8217;accidents vasculaires c\u00e9r\u00e9braux.<\/p>\n<p>Lorsque la fibrillation auriculaire est persistante (pr\u00e9sente en permanence) et que la fr\u00e9quence cardiaque est constamment sup\u00e9rieure \u00e0 100 battements par minute, elle peut entra\u00eener une insuffisance cardiaque lorsque le muscle cardiaque s&#8217;affaiblit et est incapable de pomper le sang efficacement \u00e0 travers le corps.<\/p>\n<p>&nbsp;<\/p>\n<h2><a href=\"https:\/\/www.afibmatters.org\/fr\/que-dois-je-savoir\/la-fibrillation-atriale-peut-elle-revenir\/\">La fibrillation auriculaire peut-elle revenir&nbsp;?<\/a><\/h2>\n<p>Il est possible de n&#8217;avoir qu&#8217;un seul \u00e9pisode isol\u00e9 de fibrillation auriculaire. Cependant, selon la cause, la fibrillation auriculaire peut aller et venir par intermittence ou persister, et peut n\u00e9cessiter un traitement \u00e0 vie. Lorsque la fibrillation auriculaire survient en raison d&#8217;une affection temporaire qui peut \u00eatre trait\u00e9e, elle est moins susceptible de se reproduire. Les pathologies \u00e0 long terme qui causent la fibrillation auriculaire augmentent les chances de r\u00e9cidive. Au fil du temps, cela a tendance \u00e0 se produire plus souvent et \u00e0 durer plus longtemps.<\/p>\n<p>&nbsp;<\/p>\n<h2><a href=\"https:\/\/www.afibmatters.org\/fr\/que-dois-je-savoir\/la-fa-est-elle-hereditaire\/\">La fibrillation auriculaire est-elle h\u00e9r\u00e9ditaire ?<\/a><\/h2>\n<p>Bien qu&#8217;il ne s&#8217;agisse pas d&#8217;une situation courante, la fibrillation auriculaire peut se transmettre de g\u00e9n\u00e9ration en g\u00e9n\u00e9ration et, lorsque cela arrive, on parle de fibrillation auriculaire familiale. La cause en est encore inconnue et d&#8217;autres \u00e9tudes sont n\u00e9cessaires pour clarifier les facteurs associ\u00e9s \u00e0 la fibrillation auriculaire familiale.<\/p>\n<p>Si vous avez des parents proches atteints de fibrillation auriculaire et que vous craignez de d\u00e9velopper cette pathologie, vous devez en parler avec votre m\u00e9decin, qui pourra identifier les facteurs de risque et vous aider \u00e0 suivre un traitement.<\/p>\n<p>&nbsp;<\/p>\n","protected":false},"excerpt":{"rendered":"<p>La fibrillation auriculaire est une maladie courante qui cause des battements cardiaques anormaux, ce qui peut donner aux patients le sentiment que leur c\u0153ur bat de mani\u00e8re iet chaotique. Lorsque la fibrillation auriculaire est diagnostiqu\u00e9e, le traitement et l&#8217;am\u00e9lioration du mode de vie sont essentiels pour r\u00e9duire le risque d&#8217;autres probl\u00e8mes cardiaques, tels que les [&hellip;]<\/p>\n","protected":false},"author":1,"featured_media":0,"parent":0,"menu_order":6,"comment_status":"closed","ping_status":"closed","template":"templates\/parent.php","meta":{"_acf_changed":false,"footnotes":""},"categories":[49],"tags":[],"class_list":["post-1407","page","type-page","status-publish","hentry","category-que-dois-je-savoir"],"acf":[],"_links":{"self":[{"href":"https:\/\/www.afibmatters.org\/fr\/wp-json\/wp\/v2\/pages\/1407","targetHints":{"allow":["GET"]}}],"collection":[{"href":"https:\/\/www.afibmatters.org\/fr\/wp-json\/wp\/v2\/pages"}],"about":[{"href":"https:\/\/www.afibmatters.org\/fr\/wp-json\/wp\/v2\/types\/page"}],"author":[{"embeddable":true,"href":"https:\/\/www.afibmatters.org\/fr\/wp-json\/wp\/v2\/users\/1"}],"replies":[{"embeddable":true,"href":"https:\/\/www.afibmatters.org\/fr\/wp-json\/wp\/v2\/comments?post=1407"}],"version-history":[{"count":8,"href":"https:\/\/www.afibmatters.org\/fr\/wp-json\/wp\/v2\/pages\/1407\/revisions"}],"predecessor-version":[{"id":6581,"href":"https:\/\/www.afibmatters.org\/fr\/wp-json\/wp\/v2\/pages\/1407\/revisions\/6581"}],"wp:attachment":[{"href":"https:\/\/www.afibmatters.org\/fr\/wp-json\/wp\/v2\/media?parent=1407"}],"wp:term":[{"taxonomy":"category","embeddable":true,"href":"https:\/\/www.afibmatters.org\/fr\/wp-json\/wp\/v2\/categories?post=1407"},{"taxonomy":"post_tag","embeddable":true,"href":"https:\/\/www.afibmatters.org\/fr\/wp-json\/wp\/v2\/tags?post=1407"}],"curies":[{"name":"wp","href":"https:\/\/api.w.org\/{rel}","templated":true}]}}