{"id":1397,"date":"2020-03-03T11:56:34","date_gmt":"2020-03-03T11:56:34","guid":{"rendered":"https:\/\/www.afibmatters.org\/quest-ce-que-la-fibrillation-auriculaire\/les-differents-types-de-fa\/"},"modified":"2022-01-26T15:41:00","modified_gmt":"2022-01-26T15:41:00","slug":"les-differents-types-de-fa","status":"publish","type":"page","link":"https:\/\/www.afibmatters.org\/fr\/quest-ce-que-la-fibrillation-atriale\/les-differents-types-de-fa\/","title":{"rendered":"Les diff\u00e9rents types de FA"},"content":{"rendered":"<p><img loading=\"lazy\" decoding=\"async\" class=\"aligncenter wp-image-5519\" src=\"https:\/\/cdn-endpoint-afib.azureedge.net\/afibmatters\/2022\/01\/iStock-653030504-Converted-e1576842831897-1024x865-min-300x253.jpg?_t=1643211616\" alt=\"\" width=\"400\" height=\"338\" srcset=\"https:\/\/www.afibmatters.org\/wp-content\/uploads\/2022\/01\/iStock-653030504-Converted-e1576842831897-1024x865-min-300x253.jpg 300w, https:\/\/www.afibmatters.org\/wp-content\/uploads\/2022\/01\/iStock-653030504-Converted-e1576842831897-1024x865-min-768x649.jpg 768w, https:\/\/www.afibmatters.org\/wp-content\/uploads\/2022\/01\/iStock-653030504-Converted-e1576842831897-1024x865-min-429x362.jpg 429w, https:\/\/www.afibmatters.org\/wp-content\/uploads\/2022\/01\/iStock-653030504-Converted-e1576842831897-1024x865-min.jpg 1024w\" sizes=\"auto, (max-width: 400px) 100vw, 400px\" \/><\/p>\n<p>&nbsp;<\/p>\n<p>Si la fibrillation auatriale iculaire cesse rapidement, elle est appel\u00e9e <strong>paroxystique, <\/strong> mais si cette derni\u00e8re est pr\u00e9sente en continu, ou se poursuit pendant de longues p\u00e9riodes, elle est dite <strong>persistante<\/strong>. Lorsque le rythme cardiaque normal ne peut pas \u00eatre restaur\u00e9, la fibrillation atriale est qualifi\u00e9e de <strong>permanente<\/strong>. Ces types de fibrillation atriale ont une r\u00e9ponse variable au traitement et sont donc g\u00e9r\u00e9s diff\u00e9remment.<\/p>\n<p>&nbsp;<\/p>\n<table>\n<tbody>\n<tr>\n<th><strong>Paroxystique<\/strong><\/th>\n<td>Des crises de fibrillation atriale qui durent moins de 7 jours.<\/td>\n<\/tr>\n<tr>\n<th><strong>Persistante<\/strong><\/th>\n<td>Une crise de fibrillation atriale d\u2019une dur\u00e9e sup\u00e9rieure \u00e0 7 jours.<\/td>\n<\/tr>\n<tr>\n<th><strong>Persistante de longue date<\/strong><\/th>\n<td>Une crise de fibrillation atriale d\u2019une dur\u00e9e sup\u00e9rieure \u00e0 1 an.<\/td>\n<\/tr>\n<tr>\n<th><strong>Permanente<\/strong><\/th>\n<td>Lorsqu\u2019aucune tentative n\u2019est faite ou qu\u2019il n\u2019est pas possible de restaurer le rythme normal.<\/td>\n<\/tr>\n<\/tbody>\n<\/table>\n<p>&nbsp;<\/p>\n<p>&nbsp;<\/p>\n","protected":false},"excerpt":{"rendered":"<p>&nbsp; Si la fibrillation auatriale iculaire cesse rapidement, elle est appel\u00e9e paroxystique, mais si cette derni\u00e8re est pr\u00e9sente en continu, ou se poursuit pendant de longues p\u00e9riodes, elle est dite persistante. Lorsque le rythme cardiaque normal ne peut pas \u00eatre restaur\u00e9, la fibrillation atriale est qualifi\u00e9e de permanente. Ces types de fibrillation atriale ont une [&hellip;]<\/p>\n","protected":false},"author":1,"featured_media":0,"parent":1389,"menu_order":5,"comment_status":"closed","ping_status":"closed","template":"","meta":{"_acf_changed":false,"footnotes":""},"categories":[42],"tags":[],"class_list":["post-1397","page","type-page","status-publish","hentry","category-quest-ce-que-la-fa"],"acf":[],"_links":{"self":[{"href":"https:\/\/www.afibmatters.org\/fr\/wp-json\/wp\/v2\/pages\/1397","targetHints":{"allow":["GET"]}}],"collection":[{"href":"https:\/\/www.afibmatters.org\/fr\/wp-json\/wp\/v2\/pages"}],"about":[{"href":"https:\/\/www.afibmatters.org\/fr\/wp-json\/wp\/v2\/types\/page"}],"author":[{"embeddable":true,"href":"https:\/\/www.afibmatters.org\/fr\/wp-json\/wp\/v2\/users\/1"}],"replies":[{"embeddable":true,"href":"https:\/\/www.afibmatters.org\/fr\/wp-json\/wp\/v2\/comments?post=1397"}],"version-history":[{"count":4,"href":"https:\/\/www.afibmatters.org\/fr\/wp-json\/wp\/v2\/pages\/1397\/revisions"}],"predecessor-version":[{"id":5892,"href":"https:\/\/www.afibmatters.org\/fr\/wp-json\/wp\/v2\/pages\/1397\/revisions\/5892"}],"up":[{"embeddable":true,"href":"https:\/\/www.afibmatters.org\/fr\/wp-json\/wp\/v2\/pages\/1389"}],"wp:attachment":[{"href":"https:\/\/www.afibmatters.org\/fr\/wp-json\/wp\/v2\/media?parent=1397"}],"wp:term":[{"taxonomy":"category","embeddable":true,"href":"https:\/\/www.afibmatters.org\/fr\/wp-json\/wp\/v2\/categories?post=1397"},{"taxonomy":"post_tag","embeddable":true,"href":"https:\/\/www.afibmatters.org\/fr\/wp-json\/wp\/v2\/tags?post=1397"}],"curies":[{"name":"wp","href":"https:\/\/api.w.org\/{rel}","templated":true}]}}