{"id":1389,"date":"2020-03-03T11:51:15","date_gmt":"2020-03-03T11:51:15","guid":{"rendered":"https:\/\/www.afibmatters.org\/quest-ce-que-la-fibrillation-auriculaire\/"},"modified":"2021-08-03T15:02:54","modified_gmt":"2021-08-03T14:02:54","slug":"quest-ce-que-la-fibrillation-atriale","status":"publish","type":"page","link":"https:\/\/www.afibmatters.org\/fr\/quest-ce-que-la-fibrillation-atriale\/","title":{"rendered":"Qu\u2019est-ce que la fibrillation atriale ?"},"content":{"rendered":"<p>La fibrillation auriculaire est une maladie cardiaque qui cause des battements cardiques irr\u00e9guliers et souvent anormalement rapides. Une fr\u00e9quence cardiaque normale au repos doit \u00eatre r\u00e9guli\u00e8re et comprise entre 60 et 100 battements par minute, mais les patients atteints de fibrillation atriale peuvent souvent avoir une fr\u00e9quence cardiaque au repos de 100 \u00e0 120 battements par minute, voire plus dans certains cas.<\/p>\n<p>La fibrillation atriale est le trouble du rythme cardiaque le plus fr\u00e9quent, affectant environ 1\u00a0% de la population. Bien qu&#8217;il soit rare que les jeunes d\u00e9veloppent une fibrillation atriale, environ 5\u00a0% des plus de 65 ans et 10\u00a0% des plus de 80 ans sont affect\u00e9s par cette maladie.<\/p>\n<p>&nbsp;<\/p>\n<h2><a href=\"https:\/\/www.afibmatters.org\/fr\/quest-ce-que-la-fibrillation-atriale\/le-rythme-cardiaque-normal-et-lanatomie\/\">Le rythme cardiaque normal<\/a><\/h2>\n<p>Quand le c\u0153ur bat normalement, ses parois musculaires se contractent pour \u00e9vacuer le sang et l&#8217;acheminer dans tout le corps. Ensuite, les muscles se relaxent et le c\u0153ur peut \u00e0 nouveau se remplir de sang. Le processus est r\u00e9p\u00e9t\u00e9 \u00e0 chaque fois que le c\u0153ur bat.<\/p>\n<p>&nbsp;<\/p>\n<h2><a href=\"https:\/\/www.afibmatters.org\/fr\/quest-ce-que-la-fibrillation-atriale\/le-coeur-pendant-la-fibrillation-atriale\/\">Comment la fibrillation auriculaire affecte-t-elle le c\u0153ur ?<\/a><\/h2>\n<p>La fibrillation atriale se produit lorsque des impulsions \u00e9lectriques anormales commencent soudainement \u00e0 se d\u00e9clencher dans les cavit\u00e9s sup\u00e9rieures du c\u0153ur (oreillettes). Cela provoque une contraction irr\u00e9guli\u00e8re des oreillettes et parfois trop rapide pour que le muscle cardiaque se relaxe correctement entre les contractions, ce qui r\u00e9duit les performances et l&#8217;efficacit\u00e9 du c\u0153ur.<\/p>\n<p>Les causes de la fibrillation atriale ne sont pas enti\u00e8rement comprises. Bien que cette maladie ne soit g\u00e9n\u00e9ralement pas mortelle en soi, chez certaines personnes, il s&#8217;agit d&#8217;un trouble grave qui peut n\u00e9cessiter un traitement urgent. L&#8217;une des raisons est qu&#8217;elle augmente la probabilit\u00e9 de d\u00e9velopper des caillots sanguins dans les cavit\u00e9s sup\u00e9rieures du c\u0153ur qui peuvent \u00eatre pomp\u00e9s vers d&#8217;autres organes. Lorsque ces caillots bloquent les art\u00e8res des autres organes, comme le cerveau, ils emp\u00eachent la circulation de sang et d&#8217;oxyg\u00e8ne et peuvent causer des dommages importants, comme un accident vasculaire c\u00e9r\u00e9bral.<\/p>\n<p>&nbsp;<\/p>\n<h2><a href=\"https:\/\/www.afibmatters.org\/fr\/quest-ce-que-la-fibrillation-atriale\/les-differents-types-de-fa\/\">Types de fibrillation auriculaire<\/a><\/h2>\n<p>La fibrillation atriale peut \u00eatre d\u00e9finie de diff\u00e9rentes mani\u00e8res, selon la fr\u00e9quence et la dur\u00e9e des \u00e9pisodes. La fibrillation atriale paroxystique comprend des \u00e9pisodes qui vont et viennent, et qui durent g\u00e9n\u00e9ralement moins de 7 jours\u00a0; chez de nombreuses personnes, ils peuvent durer plusieurs minutes ou des heures. Les \u00e9pisodes de fibrillation atriale persistante durent plus de 7 jours et s\u2019appellent fibrillation atriale persistante de longue date en cas de fibrillation atriale continue pendant un an ou plus. On parle de fibrillation atriale permanente lorsqu&#8217;il est admis que la fibrillation atriale persistera et qu&#8217;aucune tentative ne sera faite pour l&#8217;\u00e9liminer.<\/p>\n<p>&nbsp;<\/p>\n<h2>Sympt\u00f4mes de la fibrillation auriculaire<\/h2>\n<p>Les sympt\u00f4mes de la fibrillation atriale comprennent des palpitations cardiaques, des \u00e9tourdissements, des vertiges, un essoufflement et de la fatigue. La palpitation implique le fait d&#8217;\u00eatre conscient du rythme cardiaque et, dans le cas de la fibrillation atriale, il s&#8217;agit d&#8217;une sensation de battements forts ou de battements irr\u00e9guliers et chaotiques. D&#8217;autres sympt\u00f4mes incluent une oppression thoracique, une sensation de congestion ou simplement une l\u00e9thargie g\u00e9n\u00e9rale.<\/p>\n<p>&nbsp;<\/p>\n<h2>Complications de la fibrillation auriculaire<\/h2>\n<p>De nombreuses personnes atteintes de fibrillation atriale ne sont pas conscientes qu&#8217;elles en sont atteintes, car elles peuvent ne pas pr\u00e9senter de sympt\u00f4mes. Cependant, l&#8217;absence de sympt\u00f4mes ne signifie pas que le risque de caillots sanguins et d&#8217;accidents vasculaires c\u00e9r\u00e9braux est moindre. Les patients atteints de fibrillation atriale sont 4 \u00e0 5 fois plus susceptibles d&#8217;\u00eatre victimes d&#8217;un accident vasculaire c\u00e9r\u00e9bral que ceux qui n&#8217;en sont pas atteints. Les accidents vasculaires c\u00e9r\u00e9braux surviennent g\u00e9n\u00e9ralement chez des personnes qui ne savent pas qu&#8217;elles souffrent de fibrillation atriale et ne prennent pas de m\u00e9dicaments pour se prot\u00e9ger.<\/p>\n<p>De plus, si la fr\u00e9quence cardiaque est tr\u00e8s rapide tout au long de la journ\u00e9e et de la nuit pendant de nombreuses semaines, elle peut affaiblir le muscle cardiaque et provoquer une insuffisance cardiaque, une affection lors de laquelle votre c\u0153ur ne fait pas circuler suffisamment de sang pour r\u00e9pondre aux besoins de votre corps.<\/p>\n<p>Cette section du site Internet fournit des informations d\u00e9taill\u00e9es sur l&#8217;anatomie du c\u0153ur, la fa\u00e7on dont ce dernier est affect\u00e9 par la fibrillation atriale, des informations sur les diff\u00e9rents types de fibrillation atriale et le degr\u00e9 auquel chacun de ces types affecte les patients.<\/p>\n<p>&nbsp;<\/p>\n","protected":false},"excerpt":{"rendered":"<p>La fibrillation auriculaire est une maladie cardiaque qui cause des battements cardiques irr\u00e9guliers et souvent anormalement rapides. Une fr\u00e9quence cardiaque normale au repos doit \u00eatre r\u00e9guli\u00e8re et comprise entre 60 et 100 battements par minute, mais les patients atteints de fibrillation atriale peuvent souvent avoir une fr\u00e9quence cardiaque au repos de 100 \u00e0 120 battements [&hellip;]<\/p>\n","protected":false},"author":1,"featured_media":898,"parent":0,"menu_order":2,"comment_status":"closed","ping_status":"closed","template":"templates\/parent.php","meta":{"_acf_changed":false,"footnotes":""},"categories":[42],"tags":[],"class_list":["post-1389","page","type-page","status-publish","has-post-thumbnail","hentry","category-quest-ce-que-la-fa"],"acf":[],"_links":{"self":[{"href":"https:\/\/www.afibmatters.org\/fr\/wp-json\/wp\/v2\/pages\/1389","targetHints":{"allow":["GET"]}}],"collection":[{"href":"https:\/\/www.afibmatters.org\/fr\/wp-json\/wp\/v2\/pages"}],"about":[{"href":"https:\/\/www.afibmatters.org\/fr\/wp-json\/wp\/v2\/types\/page"}],"author":[{"embeddable":true,"href":"https:\/\/www.afibmatters.org\/fr\/wp-json\/wp\/v2\/users\/1"}],"replies":[{"embeddable":true,"href":"https:\/\/www.afibmatters.org\/fr\/wp-json\/wp\/v2\/comments?post=1389"}],"version-history":[{"count":7,"href":"https:\/\/www.afibmatters.org\/fr\/wp-json\/wp\/v2\/pages\/1389\/revisions"}],"predecessor-version":[{"id":4920,"href":"https:\/\/www.afibmatters.org\/fr\/wp-json\/wp\/v2\/pages\/1389\/revisions\/4920"}],"wp:featuredmedia":[{"embeddable":true,"href":"https:\/\/www.afibmatters.org\/fr\/wp-json\/wp\/v2\/media\/898"}],"wp:attachment":[{"href":"https:\/\/www.afibmatters.org\/fr\/wp-json\/wp\/v2\/media?parent=1389"}],"wp:term":[{"taxonomy":"category","embeddable":true,"href":"https:\/\/www.afibmatters.org\/fr\/wp-json\/wp\/v2\/categories?post=1389"},{"taxonomy":"post_tag","embeddable":true,"href":"https:\/\/www.afibmatters.org\/fr\/wp-json\/wp\/v2\/tags?post=1389"}],"curies":[{"name":"wp","href":"https:\/\/api.w.org\/{rel}","templated":true}]}}