{"id":6674,"date":"2022-03-24T10:49:30","date_gmt":"2022-03-24T10:49:30","guid":{"rendered":"https:\/\/www.afibmatters.org\/que-debo-saber\/que-se-siente-al-tener-fibrilacion-auricular\/aleteo\/"},"modified":"2022-03-24T10:49:30","modified_gmt":"2022-03-24T10:49:30","slug":"aleteo","status":"publish","type":"page","link":"https:\/\/www.afibmatters.org\/es\/que-debo-saber\/que-se-siente-al-tener-fibrilacion-auricular\/aleteo\/","title":{"rendered":"Aleteo"},"content":{"rendered":"<p><img loading=\"lazy\" decoding=\"async\" class=\"alignnone wp-image-6373 size-full\" src=\"https:\/\/cdn-endpoint-afib.azureedge.net\/afibmatters\/2022\/03\/shutterstock_1292580628-1-min.jpg?_t=1646320255\" alt=\"\" width=\"900\" height=\"600\" srcset=\"https:\/\/cdn-endpoint-afib.azureedge.net\/afibmatters\/2022\/03\/shutterstock_1292580628-1-min.jpg 900w, https:\/\/cdn-endpoint-afib.azureedge.net\/afibmatters\/2022\/03\/shutterstock_1292580628-1-min-300x200.jpg 300w, https:\/\/cdn-endpoint-afib.azureedge.net\/afibmatters\/2022\/03\/shutterstock_1292580628-1-min-768x512.jpg 768w, https:\/\/cdn-endpoint-afib.azureedge.net\/afibmatters\/2022\/03\/shutterstock_1292580628-1-min-500x333.jpg 500w\" sizes=\"auto, (max-width: 900px) 100vw, 900px\" \/><\/p>\n<p>Una sensaci\u00f3n de aleteo en el pecho ocurre cuando el coraz\u00f3n late muy r\u00e1pido, lo cual tambi\u00e9n se conoce como aceleraci\u00f3n card\u00edaca. Puede provocar dificultad para recuperar el aliento, dolor tor\u00e1cico y mareos. Si presenta un ritmo card\u00edaco acelerado con frecuencia, quiz\u00e1 deba valorar que est\u00e1 sucediendo algo m\u00e1s grave.<\/p>\n<p>Por lo general, se considera que tiene un latido card\u00edaco acelerado (a menudo conocido como taquicardia por los profesionales m\u00e9dicos) cuando el coraz\u00f3n late m\u00e1s r\u00e1pido que 100 latidos por minuto. Normalmente, y en funci\u00f3n de su estado f\u00edsico, su coraz\u00f3n se acelera cuando hace ejercicio y se ralentiza gradualmente cuando descansa despu\u00e9s de unos minutos.<\/p>\n<p>Si nota que su coraz\u00f3n late r\u00e1pido en reposo o m\u00e1s r\u00e1pido que la media durante el ejercicio o el esfuerzo, debe pedir cita con su m\u00e9dico de cabecera para analizar estos s\u00edntomas en profundidad. Es posible que su m\u00e9dico le pida que lleve un diario de cu\u00e1ndo se producen estos casos de ritmo card\u00edaco acelerado. Si se sospecha de una arritmia card\u00edaca, como fibrilaci\u00f3n auricular, es probable que su m\u00e9dico pida una ECG en reposo (electrocardiograf\u00eda) o un registro de ECG a largo plazo (usando un registrador de ECG port\u00e1til).<\/p>\n<p>Si los resultados de las pruebas determinan que padece fibrilaci\u00f3n auricular, su m\u00e9dico puede optar por recetarle medicamentos para controlar los s\u00edntomas, sobre todo si van acompa\u00f1ados de dolor o molestias en el pecho.<\/p>\n<p>Debido al riesgo de que se formen co\u00e1gulos de sangre, que pueden provocar un accidente cerebrovascular, tambi\u00e9n se le puede recetar un medicamento para evitarlo (conocido como <a href=\"https:\/\/www.afibmatters.org\/what-can-my-doctor-do\/how-to-prevent-stroke\/\">anticoagulante<\/a>).<\/p>\n<p>En muchos casos, la fibrilaci\u00f3n auricular se puede controlar con el uso de medicamentos adecuados. Sin embargo, en algunos casos, puede requerir tratamiento adicional con procedimientos m\u00e9dicos, como la cardioversi\u00f3n y ablaci\u00f3n.<\/p>\n<p>Para obtener m\u00e1s informaci\u00f3n sobre estos procedimientos, haga clic en el enlace a las siguientes p\u00e1ginas: <a href=\"https:\/\/www.afibmatters.org\/what-can-my-doctor-do\/what-is-a-cardioversion\/\">\u201c\u00bfQu\u00e9 es una cardioversi\u00f3n?\u201d<\/a> y <a href=\"https:\/\/www.afibmatters.org\/what-can-my-doctor-do\/atrial-fibrillation-ablation\/\">\u201c\u00bfQu\u00e9 es una ablaci\u00f3n?\u201d<\/a>.<\/p>\n<p>Si el m\u00e9dico le diagnostica fibrilaci\u00f3n auricular y le receta los medicamentos apropiados, probablemente notar\u00e1 que los s\u00edntomas, como palpitaciones, aceleraci\u00f3n card\u00edaca o latidos card\u00edacos irregulares, disminuyen r\u00e1pidamente o con el tiempo.<\/p>\n<p>Si su afecci\u00f3n requiere cardioversi\u00f3n y ablaci\u00f3n, y estos procedimientos son satisfactorios, es probable que estos s\u00edntomas desaparezcan.<\/p>\n","protected":false},"excerpt":{"rendered":"<p>Una sensaci\u00f3n de aleteo en el pecho ocurre cuando el coraz\u00f3n late muy r\u00e1pido, lo cual tambi\u00e9n se conoce como aceleraci\u00f3n card\u00edaca. Puede provocar dificultad para recuperar el aliento, dolor tor\u00e1cico y mareos. Si presenta un ritmo card\u00edaco acelerado con frecuencia, quiz\u00e1 deba valorar que est\u00e1 sucediendo algo m\u00e1s grave. Por lo general, se considera [&hellip;]<\/p>\n","protected":false},"author":1,"featured_media":0,"parent":1439,"menu_order":6,"comment_status":"closed","ping_status":"closed","template":"","meta":{"_acf_changed":false,"footnotes":""},"categories":[55],"tags":[],"class_list":["post-6674","page","type-page","status-publish","hentry","category-que-debo-saber"],"acf":[],"_links":{"self":[{"href":"https:\/\/www.afibmatters.org\/es\/wp-json\/wp\/v2\/pages\/6674","targetHints":{"allow":["GET"]}}],"collection":[{"href":"https:\/\/www.afibmatters.org\/es\/wp-json\/wp\/v2\/pages"}],"about":[{"href":"https:\/\/www.afibmatters.org\/es\/wp-json\/wp\/v2\/types\/page"}],"author":[{"embeddable":true,"href":"https:\/\/www.afibmatters.org\/es\/wp-json\/wp\/v2\/users\/1"}],"replies":[{"embeddable":true,"href":"https:\/\/www.afibmatters.org\/es\/wp-json\/wp\/v2\/comments?post=6674"}],"version-history":[{"count":0,"href":"https:\/\/www.afibmatters.org\/es\/wp-json\/wp\/v2\/pages\/6674\/revisions"}],"up":[{"embeddable":true,"href":"https:\/\/www.afibmatters.org\/es\/wp-json\/wp\/v2\/pages\/1439"}],"wp:attachment":[{"href":"https:\/\/www.afibmatters.org\/es\/wp-json\/wp\/v2\/media?parent=6674"}],"wp:term":[{"taxonomy":"category","embeddable":true,"href":"https:\/\/www.afibmatters.org\/es\/wp-json\/wp\/v2\/categories?post=6674"},{"taxonomy":"post_tag","embeddable":true,"href":"https:\/\/www.afibmatters.org\/es\/wp-json\/wp\/v2\/tags?post=6674"}],"curies":[{"name":"wp","href":"https:\/\/api.w.org\/{rel}","templated":true}]}}