{"id":6655,"date":"2022-03-24T10:49:12","date_gmt":"2022-03-24T10:49:12","guid":{"rendered":"https:\/\/www.afibmatters.org\/que-debo-saber\/que-se-siente-al-tener-fibrilacion-auricular\/dolor-toracico\/"},"modified":"2022-03-24T10:49:12","modified_gmt":"2022-03-24T10:49:12","slug":"dolor-toracico","status":"publish","type":"page","link":"https:\/\/www.afibmatters.org\/es\/que-debo-saber\/que-se-siente-al-tener-fibrilacion-auricular\/dolor-toracico\/","title":{"rendered":"Dolor tor\u00e1cico."},"content":{"rendered":"<p><img loading=\"lazy\" decoding=\"async\" class=\"alignnone wp-image-3635 size-large\" src=\"https:\/\/cdn-endpoint-afib.azureedge.net\/afibmatters\/2021\/06\/shutterstock_1720383349-2-1024x667.jpg?_t=1646320234\" alt=\"\" width=\"1024\" height=\"667\" srcset=\"https:\/\/cdn-endpoint-afib.azureedge.net\/afibmatters\/2021\/06\/shutterstock_1720383349-2-1024x667.jpg 1024w, https:\/\/cdn-endpoint-afib.azureedge.net\/afibmatters\/2021\/06\/shutterstock_1720383349-2-300x196.jpg 300w, https:\/\/cdn-endpoint-afib.azureedge.net\/afibmatters\/2021\/06\/shutterstock_1720383349-2-768x501.jpg 768w, https:\/\/cdn-endpoint-afib.azureedge.net\/afibmatters\/2021\/06\/shutterstock_1720383349-2-1536x1001.jpg 1536w, https:\/\/cdn-endpoint-afib.azureedge.net\/afibmatters\/2021\/06\/shutterstock_1720383349-2-2048x1335.jpg 2048w, https:\/\/cdn-endpoint-afib.azureedge.net\/afibmatters\/2021\/06\/shutterstock_1720383349-2-500x326.jpg 500w\" sizes=\"auto, (max-width: 1024px) 100vw, 1024px\" \/><\/p>\n<p>Los pacientes suelen describir el dolor tor\u00e1cico producido por un problema card\u00edaco como un dolor aplastante o sordo en el pecho o como si se colocara algo pesado en el centro del pecho. A veces puede irradiarse a la mand\u00edbula o al brazo izquierdo y tambi\u00e9n se denomina angina.<\/p>\n<p>Con menor frecuencia, se presenta como una sensaci\u00f3n de ardor en la parte superior del vientre y se confunde f\u00e1cilmente con dolor de est\u00f3mago o indigesti\u00f3n. Por otro lado, sentir un dolor en el pecho punzante o agudo, especialmente si se agrava al inhalar y exhalar, rara vez est\u00e1 relacionado con un problema card\u00edaco.<\/p>\n<p>M\u00e1s frecuentemente, el dolor de pecho relacionado con el coraz\u00f3n es un s\u00edntoma de enfermedad arterial coronaria, en la que los vasos sangu\u00edneos que suministran sangre al m\u00fasculo card\u00edaco se estrechan y no hay suficiente ox\u00edgeno suministrado a los tejidos card\u00edacos. En tal caso, el dolor tor\u00e1cico se produce al principio y sobre todo despu\u00e9s de un esfuerzo considerable. Con el tiempo es provocado por un esfuerzo cada vez menor.<\/p>\n<p>Si persiste a pesar del descanso, puede ser un signo de infarto de miocardio. En este caso, es necesario llamar a una ambulancia.<\/p>\n<p>El dolor tor\u00e1cico que ocurre durante la fibrilaci\u00f3n auricular tiene las mismas caracter\u00edsticas. Sin embargo, se produce durante los episodios de fibrilaci\u00f3n auricular sin estar inducido por el ejercicio. El dolor tor\u00e1cico puede ser el \u00fanico s\u00edntoma de la fibrilaci\u00f3n auricular, pero se asocia con m\u00e1s frecuencia con palpitaciones, dificultad para respirar y la sensaci\u00f3n de aceleraci\u00f3n card\u00edaca, a veces incluso mareos y desmayos.<\/p>\n<p>Puede ser una sensaci\u00f3n muy desagradable y necesita recibir atenci\u00f3n m\u00e9dica urgentemente, a ser posible llamando a una ambulancia. Si el dolor tor\u00e1cico ocurre de forma intermitente y no se asocia con otros s\u00edntomas, debe consultar con su m\u00e9dico de cabecera. Es posible que le recomiende hacerse una ECG (electrocardiograma) o usar una cinta Holter (tambi\u00e9n conocida como cinta\/ECG de 24 horas).<\/p>\n<p>Si se trata pronto, la fibrilaci\u00f3n auricular a menudo puede controlarse con medicamentos y, en muchos casos, resolverse temporal o permanentemente mediante procedimientos m\u00e9dicos conocidos como cardioversi\u00f3n y ablaci\u00f3n. La mayor\u00eda de los pacientes pueden optar por este tratamiento, pero hay determinadas circunstancias o comorbilidades que anulan su utilidad y por tanto se evita hacerlo en esos casos.<\/p>\n<p>Para obtener m\u00e1s informaci\u00f3n sobre estos procedimientos, haga clic en el enlace a las siguientes p\u00e1ginas: <a href=\"https:\/\/www.afibmatters.org\/what-can-my-doctor-do\/what-is-a-cardioversion\/\">\u201c\u00bfQu\u00e9 es una cardioversi\u00f3n?\u201d<\/a> y <a href=\"https:\/\/www.afibmatters.org\/what-can-my-doctor-do\/atrial-fibrillation-ablation\/\">\u201c\u00bfQu\u00e9 es una ablaci\u00f3n?\u201d<\/a>.<\/p>\n","protected":false},"excerpt":{"rendered":"<p>Los pacientes suelen describir el dolor tor\u00e1cico producido por un problema card\u00edaco como un dolor aplastante o sordo en el pecho o como si se colocara algo pesado en el centro del pecho. A veces puede irradiarse a la mand\u00edbula o al brazo izquierdo y tambi\u00e9n se denomina angina. Con menor frecuencia, se presenta como [&hellip;]<\/p>\n","protected":false},"author":1,"featured_media":0,"parent":1439,"menu_order":5,"comment_status":"closed","ping_status":"closed","template":"","meta":{"_acf_changed":false,"footnotes":""},"categories":[55],"tags":[],"class_list":["post-6655","page","type-page","status-publish","hentry","category-que-debo-saber"],"acf":[],"_links":{"self":[{"href":"https:\/\/www.afibmatters.org\/es\/wp-json\/wp\/v2\/pages\/6655","targetHints":{"allow":["GET"]}}],"collection":[{"href":"https:\/\/www.afibmatters.org\/es\/wp-json\/wp\/v2\/pages"}],"about":[{"href":"https:\/\/www.afibmatters.org\/es\/wp-json\/wp\/v2\/types\/page"}],"author":[{"embeddable":true,"href":"https:\/\/www.afibmatters.org\/es\/wp-json\/wp\/v2\/users\/1"}],"replies":[{"embeddable":true,"href":"https:\/\/www.afibmatters.org\/es\/wp-json\/wp\/v2\/comments?post=6655"}],"version-history":[{"count":0,"href":"https:\/\/www.afibmatters.org\/es\/wp-json\/wp\/v2\/pages\/6655\/revisions"}],"up":[{"embeddable":true,"href":"https:\/\/www.afibmatters.org\/es\/wp-json\/wp\/v2\/pages\/1439"}],"wp:attachment":[{"href":"https:\/\/www.afibmatters.org\/es\/wp-json\/wp\/v2\/media?parent=6655"}],"wp:term":[{"taxonomy":"category","embeddable":true,"href":"https:\/\/www.afibmatters.org\/es\/wp-json\/wp\/v2\/categories?post=6655"},{"taxonomy":"post_tag","embeddable":true,"href":"https:\/\/www.afibmatters.org\/es\/wp-json\/wp\/v2\/tags?post=6655"}],"curies":[{"name":"wp","href":"https:\/\/api.w.org\/{rel}","templated":true}]}}