{"id":6649,"date":"2022-03-24T10:49:08","date_gmt":"2022-03-24T10:49:08","guid":{"rendered":"https:\/\/www.afibmatters.org\/que-debo-saber\/que-se-siente-al-tener-fibrilacion-auricular\/fatiga\/"},"modified":"2022-03-24T10:49:08","modified_gmt":"2022-03-24T10:49:08","slug":"fatiga","status":"publish","type":"page","link":"https:\/\/www.afibmatters.org\/es\/que-debo-saber\/que-se-siente-al-tener-fibrilacion-auricular\/fatiga\/","title":{"rendered":"Fatiga"},"content":{"rendered":"<p><img loading=\"lazy\" decoding=\"async\" class=\"alignnone wp-image-6357 size-full\" src=\"https:\/\/cdn-endpoint-afib.azureedge.net\/afibmatters\/2022\/03\/shutterstock_1018438789-1-min.jpg?_t=1646320214\" alt=\"\" width=\"900\" height=\"600\" srcset=\"https:\/\/cdn-endpoint-afib.azureedge.net\/afibmatters\/2022\/03\/shutterstock_1018438789-1-min.jpg 900w, https:\/\/cdn-endpoint-afib.azureedge.net\/afibmatters\/2022\/03\/shutterstock_1018438789-1-min-300x200.jpg 300w, https:\/\/cdn-endpoint-afib.azureedge.net\/afibmatters\/2022\/03\/shutterstock_1018438789-1-min-768x512.jpg 768w, https:\/\/cdn-endpoint-afib.azureedge.net\/afibmatters\/2022\/03\/shutterstock_1018438789-1-min-500x333.jpg 500w\" sizes=\"auto, (max-width: 900px) 100vw, 900px\" \/><\/p>\n<p>Uno de los s\u00edntomas de la fibrilaci\u00f3n auricular es la fatiga. Es normal tener una sensaci\u00f3n de cansancio de vez en cuando; sin embargo, si siente agotamiento o cansancio todo el tiempo, ya sea de forma repentina o constante, es necesario indagar m\u00e1s.<\/p>\n<p>La sensaci\u00f3n de cansancio, agotamiento, cansarse con facilidad o una falta general de energ\u00eda pueden atribuirse a una amplia gama de afecciones m\u00e9dicas subyacentes de las que quiz\u00e1s no sea consciente. Entre este tipo de afecciones frecuentes se incluyen anemia, insuficiencia de vitamina D, problemas de tiroides y fibrilaci\u00f3n auricular.<\/p>\n<p>El cansancio producido por la fibrilaci\u00f3n auricular es causado por un latido card\u00edaco m\u00e1s r\u00e1pido de lo habitual y err\u00e1tico. Esto conduce a una falta de coordinaci\u00f3n entre las diferentes c\u00e1maras del coraz\u00f3n, lo que hace que el bombeo de sangre sea menos eficiente. Como resultado, el suministro de ox\u00edgeno a los \u00f3rganos se ve afectado, lo que provoca la sensaci\u00f3n de agotamiento.<\/p>\n<p>Algunos medicamentos recetados por su m\u00e9dico pueden ayudar a aliviar la fatiga de la fibrilaci\u00f3n auricular, pero el tratamiento m\u00e1s eficaz es restablecer un ritmo card\u00edaco normal. La fibrilaci\u00f3n auricular a veces se puede controlar con medicamentos o procedimientos m\u00e9dicos conocidos como cardioversi\u00f3n y ablaci\u00f3n. La mayor\u00eda de los pacientes pueden optar por este tratamiento, pero hay determinadas circunstancias o comorbilidades que anulan su utilidad y por tanto se evita hacerlo en esos casos.<\/p>\n<p>Para obtener m\u00e1s informaci\u00f3n sobre estos procedimientos, haga clic en el enlace a las siguientes p\u00e1ginas:<\/p>\n<ul>\n<li><a href=\"https:\/\/www.afibmatters.org\/what-can-my-doctor-do\/what-is-a-cardioversion\/\">\u201c\u00bfQu\u00e9 es una cardioversi\u00f3n?\u201d<\/a><\/li>\n<li><a href=\"https:\/\/www.afibmatters.org\/what-can-my-doctor-do\/atrial-fibrillation-ablation\/\">&#8220;\u00bfQu\u00e9 es una ablaci\u00f3n?&#8221;<\/a><\/li>\n<\/ul>\n","protected":false},"excerpt":{"rendered":"<p>Uno de los s\u00edntomas de la fibrilaci\u00f3n auricular es la fatiga. Es normal tener una sensaci\u00f3n de cansancio de vez en cuando; sin embargo, si siente agotamiento o cansancio todo el tiempo, ya sea de forma repentina o constante, es necesario indagar m\u00e1s. La sensaci\u00f3n de cansancio, agotamiento, cansarse con facilidad o una falta general [&hellip;]<\/p>\n","protected":false},"author":1,"featured_media":0,"parent":1439,"menu_order":0,"comment_status":"closed","ping_status":"closed","template":"","meta":{"_acf_changed":false,"footnotes":""},"categories":[55],"tags":[],"class_list":["post-6649","page","type-page","status-publish","hentry","category-que-debo-saber"],"acf":[],"_links":{"self":[{"href":"https:\/\/www.afibmatters.org\/es\/wp-json\/wp\/v2\/pages\/6649","targetHints":{"allow":["GET"]}}],"collection":[{"href":"https:\/\/www.afibmatters.org\/es\/wp-json\/wp\/v2\/pages"}],"about":[{"href":"https:\/\/www.afibmatters.org\/es\/wp-json\/wp\/v2\/types\/page"}],"author":[{"embeddable":true,"href":"https:\/\/www.afibmatters.org\/es\/wp-json\/wp\/v2\/users\/1"}],"replies":[{"embeddable":true,"href":"https:\/\/www.afibmatters.org\/es\/wp-json\/wp\/v2\/comments?post=6649"}],"version-history":[{"count":0,"href":"https:\/\/www.afibmatters.org\/es\/wp-json\/wp\/v2\/pages\/6649\/revisions"}],"up":[{"embeddable":true,"href":"https:\/\/www.afibmatters.org\/es\/wp-json\/wp\/v2\/pages\/1439"}],"wp:attachment":[{"href":"https:\/\/www.afibmatters.org\/es\/wp-json\/wp\/v2\/media?parent=6649"}],"wp:term":[{"taxonomy":"category","embeddable":true,"href":"https:\/\/www.afibmatters.org\/es\/wp-json\/wp\/v2\/categories?post=6649"},{"taxonomy":"post_tag","embeddable":true,"href":"https:\/\/www.afibmatters.org\/es\/wp-json\/wp\/v2\/tags?post=6649"}],"curies":[{"name":"wp","href":"https:\/\/api.w.org\/{rel}","templated":true}]}}