{"id":6636,"date":"2022-03-24T10:48:51","date_gmt":"2022-03-24T10:48:51","guid":{"rendered":"https:\/\/www.afibmatters.org\/que-debo-saber\/que-se-siente-al-tener-fibrilacion-auricular\/palpitaciones\/"},"modified":"2022-03-29T11:40:15","modified_gmt":"2022-03-29T10:40:15","slug":"palpitaciones","status":"publish","type":"page","link":"https:\/\/www.afibmatters.org\/es\/que-debo-saber\/que-se-siente-al-tener-fibrilacion-auricular\/palpitaciones\/","title":{"rendered":"Palpitaciones"},"content":{"rendered":"<p><img loading=\"lazy\" decoding=\"async\" class=\"alignnone wp-image-3635 size-large\" src=\"https:\/\/cdn-endpoint-afib.azureedge.net\/afibmatters\/2021\/06\/shutterstock_1720383349-2-1024x667.jpg?_t=1646320170\" alt=\"\" width=\"1024\" height=\"667\" srcset=\"https:\/\/cdn-endpoint-afib.azureedge.net\/afibmatters\/2021\/06\/shutterstock_1720383349-2-1024x667.jpg 1024w, https:\/\/cdn-endpoint-afib.azureedge.net\/afibmatters\/2021\/06\/shutterstock_1720383349-2-300x196.jpg 300w, https:\/\/cdn-endpoint-afib.azureedge.net\/afibmatters\/2021\/06\/shutterstock_1720383349-2-768x501.jpg 768w, https:\/\/cdn-endpoint-afib.azureedge.net\/afibmatters\/2021\/06\/shutterstock_1720383349-2-1536x1001.jpg 1536w, https:\/\/cdn-endpoint-afib.azureedge.net\/afibmatters\/2021\/06\/shutterstock_1720383349-2-2048x1335.jpg 2048w, https:\/\/cdn-endpoint-afib.azureedge.net\/afibmatters\/2021\/06\/shutterstock_1720383349-2-500x326.jpg 500w\" sizes=\"auto, (max-width: 1024px) 100vw, 1024px\" \/><\/p>\n<p>Una de las razones m\u00e1s frecuentes por las que las personas recurren a su m\u00e9dico es la sensaci\u00f3n de percepci\u00f3n de sus propios latidos o palpitaciones. Todos somos conscientes de nuestros latidos card\u00edacos de vez en cuando, sobre todo despu\u00e9s del ejercicio, cuando estamos nerviosos o tal vez cuando nos sentimos mal por una infecci\u00f3n. Es l\u00f3gico que estos s\u00edntomas sean preocupantes, pero es importante recordar que no siempre son una caracter\u00edstica de la enfermedad card\u00edaca.<\/p>\n<p>El t\u00e9rmino palpitaci\u00f3n abarca una amplia gama de ritmos card\u00edacos, incluido el hecho de percibir un ritmo card\u00edaco normal que puede sentirse m\u00e1s fuerte o ligeramente m\u00e1s r\u00e1pido de lo normal. Otros s\u00edntomas frecuentes incluyen la percepci\u00f3n de un ritmo card\u00edaco irregular, ya sea latidos omitidos, ausentes, intermitentes o irregulares.<\/p>\n<p>Menos frecuentemente puede producirse la sensaci\u00f3n de tener un latido card\u00edaco muy r\u00e1pido, ya sea \u201caleteo\u201d o sensaci\u00f3n de coraz\u00f3n \u201cacelerado\u201d. Ello puede deberse a distintas causas, sin embargo, aqu\u00ed nos concentramos en las asociadas con la fibrilaci\u00f3n auricular.<\/p>\n<p>Aunque la percepci\u00f3n de un cambio en el ritmo card\u00edaco es una caracter\u00edstica importante de la fibrilaci\u00f3n auricular, muchas personas no son conscientes de ning\u00fan cambio en el ritmo de su coraz\u00f3n. En cambio, estos pacientes pueden ser asintom\u00e1ticos o presentar otros s\u00edntomas como dificultad para respirar, fatiga, molestias en el pecho o mareos.<\/p>\n<p>En la era moderna de los relojes inteligentes y los monitores de acondicionamiento f\u00edsico (o al ir al gimnasio), quiz\u00e1s le hayan alertado de una posible anomal\u00eda en el ritmo card\u00edaco de la que no era consciente. Esto suele producir gran ansiedad y debe tenerse en cuenta que estos dispositivos no siempre son precisos y tienen un umbral bajo para informar de anomal\u00edas.<\/p>\n<p>&nbsp;<\/p>\n<h3>Las palpitaciones en la fibrilaci\u00f3n auricular<\/h3>\n<p>La caracter\u00edstica clave de la fibrilaci\u00f3n auricular es que el latido del coraz\u00f3n es irregular: la pausa entre cada latido var\u00eda de manera impredecible, lo que da lugar al t\u00e9rmino \u201cirregularmente irregular\u201d. Puede ser consciente de ello por una sensaci\u00f3n de aleteo o de que los latidos son desiguales, con una percepci\u00f3n particular de que los latidos m\u00e1s fuertes se producen de una manera err\u00e1tica.Esta sensaci\u00f3n puede ser m\u00e1s evidente al hacer ejercicio o al descansar en la cama por la noche.<\/p>\n<p>Es posible que usted o su m\u00e9dico detecten esta irregularidad al sentir su pulso. Sin embargo, existen otras causas de esta sensaci\u00f3n. Por ejemplo, latidos adicionales o ect\u00f3picos que a menudo hacen que sea dif\u00edcil hacer un diagn\u00f3stico definitivo sin un registro del coraz\u00f3n (tambi\u00e9n conocido como electrocardiograf\u00eda o ECG) cuando surgen los s\u00edntomas. Esto tambi\u00e9n puede ser as\u00ed cuando la frecuencia card\u00edaca es particularmente r\u00e1pida y quiz\u00e1s sea imposible para usted o su m\u00e9dico determinar si el ritmo es irregular solo con al tomar el pulso.<\/p>\n<p>Las palpitaciones debidas a la fibrilaci\u00f3n auricular pueden ser \u201cconstantes\u201d. Esto significa que las palpitaciones se prolongan durante siete d\u00edas o m\u00e1s (a menudo hasta que se produce una intervenci\u00f3n m\u00e9dica, como la cardioversi\u00f3n, para devolver un ritmo normal al coraz\u00f3n), o se produce un episodio \u201cparox\u00edstico\u201d, lo que significa que las palpitaciones contin\u00faan durante un per\u00edodo antes de que el coraz\u00f3n vuelva espont\u00e1neamente a un ritmo normal.<\/p>\n<p>Los episodios de fibrilaci\u00f3n auricular, particularmente cuando la frecuencia card\u00edaca es r\u00e1pida, pueden ser muy molestos e incapacitantes, ya sea por la sola conciencia del ritmo o por los s\u00edntomas asociados de disnea, mareos, desmayos o dolor en el pecho. Tales episodios requieren intervenci\u00f3n m\u00e9dica inmediata.<\/p>\n<p>La percepci\u00f3n de la irregularidad del coraz\u00f3n por parte de los pacientes con fibrilaci\u00f3n auricular de larga duraci\u00f3n y ritmo card\u00edaco \u201cpermanente\u201d puede disminuir durante un per\u00edodo de semanas a meses de forma espont\u00e1nea o con la ayuda del tratamiento para controlar la frecuencia card\u00edaca.<\/p>\n<h3>\nVisitas al m\u00e9dico<\/h3>\n<p>Antes de la visita al m\u00e9dico, es \u00fatil mantener un diario de sus s\u00edntomas, registrando particularmente cualquier caracter\u00edstica asociada, como dolor en el pecho o dificultad para respirar, su duraci\u00f3n y cualquier causa precipitante (por ejemplo, ejercicio, alcohol o cafe\u00edna).<\/p>\n<p>Cuando la sensaci\u00f3n de palpitaciones es continua, a menudo se puede realizar un diagn\u00f3stico con un registro de ECG en reposo en la cl\u00ednica. Sin embargo, cuando los s\u00edntomas son intermitentes y est\u00e1n ausentes al visitar al m\u00e9dico, puede que no sea posible hacer un diagn\u00f3stico definitivo de esta manera.<\/p>\n<p><img loading=\"lazy\" decoding=\"async\" class=\"alignnone wp-image-6338 size-full\" src=\"https:\/\/cdn-endpoint-afib.azureedge.net\/afibmatters\/2022\/03\/shutterstock_1382268998-1-min.jpg?_t=1646320183\" alt=\"\" width=\"900\" height=\"601\" srcset=\"https:\/\/cdn-endpoint-afib.azureedge.net\/afibmatters\/2022\/03\/shutterstock_1382268998-1-min.jpg 900w, https:\/\/cdn-endpoint-afib.azureedge.net\/afibmatters\/2022\/03\/shutterstock_1382268998-1-min-300x200.jpg 300w, https:\/\/cdn-endpoint-afib.azureedge.net\/afibmatters\/2022\/03\/shutterstock_1382268998-1-min-768x513.jpg 768w, https:\/\/cdn-endpoint-afib.azureedge.net\/afibmatters\/2022\/03\/shutterstock_1382268998-1-min-500x334.jpg 500w\" sizes=\"auto, (max-width: 900px) 100vw, 900px\" \/><\/p>\n<p>La clave para identificar la causa de las palpitaciones es un trazado card\u00edaco realizado cuando se tienen s\u00edntomas. Por lo tanto, es posible que le coloquen o le den un dispositivo de grabaci\u00f3n para documentar la ECG cuando tenga s\u00edntomas.<\/p>\n<p>Cuando los s\u00edntomas son m\u00e1s infrecuentes, puede ser necesario un peque\u00f1o monitor implantado debajo de la piel (conocido como registrador de bucle implantable o ILR) para controlar la frecuencia card\u00edaca durante varios a\u00f1os o hasta que los s\u00edntomas reaparezcan.<\/p>\n","protected":false},"excerpt":{"rendered":"<p>Una de las razones m\u00e1s frecuentes por las que las personas recurren a su m\u00e9dico es la sensaci\u00f3n de percepci\u00f3n de sus propios latidos o palpitaciones. Todos somos conscientes de nuestros latidos card\u00edacos de vez en cuando, sobre todo despu\u00e9s del ejercicio, cuando estamos nerviosos o tal vez cuando nos sentimos mal por una infecci\u00f3n. [&hellip;]<\/p>\n","protected":false},"author":1,"featured_media":0,"parent":1439,"menu_order":3,"comment_status":"closed","ping_status":"closed","template":"","meta":{"_acf_changed":false,"footnotes":""},"categories":[55],"tags":[],"class_list":["post-6636","page","type-page","status-publish","hentry","category-que-debo-saber"],"acf":[],"_links":{"self":[{"href":"https:\/\/www.afibmatters.org\/es\/wp-json\/wp\/v2\/pages\/6636","targetHints":{"allow":["GET"]}}],"collection":[{"href":"https:\/\/www.afibmatters.org\/es\/wp-json\/wp\/v2\/pages"}],"about":[{"href":"https:\/\/www.afibmatters.org\/es\/wp-json\/wp\/v2\/types\/page"}],"author":[{"embeddable":true,"href":"https:\/\/www.afibmatters.org\/es\/wp-json\/wp\/v2\/users\/1"}],"replies":[{"embeddable":true,"href":"https:\/\/www.afibmatters.org\/es\/wp-json\/wp\/v2\/comments?post=6636"}],"version-history":[{"count":2,"href":"https:\/\/www.afibmatters.org\/es\/wp-json\/wp\/v2\/pages\/6636\/revisions"}],"predecessor-version":[{"id":6874,"href":"https:\/\/www.afibmatters.org\/es\/wp-json\/wp\/v2\/pages\/6636\/revisions\/6874"}],"up":[{"embeddable":true,"href":"https:\/\/www.afibmatters.org\/es\/wp-json\/wp\/v2\/pages\/1439"}],"wp:attachment":[{"href":"https:\/\/www.afibmatters.org\/es\/wp-json\/wp\/v2\/media?parent=6636"}],"wp:term":[{"taxonomy":"category","embeddable":true,"href":"https:\/\/www.afibmatters.org\/es\/wp-json\/wp\/v2\/categories?post=6636"},{"taxonomy":"post_tag","embeddable":true,"href":"https:\/\/www.afibmatters.org\/es\/wp-json\/wp\/v2\/tags?post=6636"}],"curies":[{"name":"wp","href":"https:\/\/api.w.org\/{rel}","templated":true}]}}