{"id":2899,"date":"2020-06-05T10:14:12","date_gmt":"2020-06-05T09:14:12","guid":{"rendered":"https:\/\/www.afibmatters.org\/enlaces-utiles\/"},"modified":"2025-05-05T13:17:28","modified_gmt":"2025-05-05T12:17:28","slug":"enlaces-utiles","status":"publish","type":"page","link":"https:\/\/www.afibmatters.org\/es\/enlaces-utiles\/","title":{"rendered":"Enlaces \u00fatiles"},"content":{"rendered":"<h3><a href=\"https:\/\/www.escardio.org\/Sub-specialty-communities\/European-Heart-Rhythm-Association-(EHRA)\/Advocacy\/find-my-ep\" target=\"_blank\" rel=\"noopener\">Buscar especialista<\/a><\/h3>\n<p>Consulte el directorio de especialistas en electrofisiolog\u00eda de la EHRA.<\/p>\n<p>&nbsp;<\/p>\n<h3><a href=\"https:\/\/www.myrhythmdevice.org\/\" target=\"_blank\" rel=\"noopener\">www.MyRhythmDevice.org<\/a><\/h3>\n<p>Visite el sitio web de la EHRA para pacientes con dispositivos card\u00edacos implantados.<\/p>\n<p>&nbsp;<\/p>\n<h3><a href=\"https:\/\/www.healthy-heart.org\" target=\"_blank\" rel=\"noopener noreferrer\">www.Healthy-Heart.org<\/a><\/h3>\n<p>Respuestas y consejos fiables para pacientes sobre c\u00f3mo proteger el coraz\u00f3n proporcionados por la Sociedad Europea de Cardiolog\u00eda.<\/p>\n<p>&nbsp;<\/p>\n<h3><a href=\"https:\/\/www.heartfailurematters.org\" target=\"_blank\" rel=\"noopener noreferrer\">www.HeartFailureMatters.org<\/a><\/h3>\n<p>Informaci\u00f3n pr\u00e1ctica sobre la insuficiencia card\u00edaca para pacientes, familiares y cuidadores de enfermos card\u00edacos proporcionada por la Asociaci\u00f3n de Insuficiencia Card\u00edaca de la Sociedad Europea de Cardiolog\u00eda.<\/p>\n<p>&nbsp;<\/p>\n<h3><a href=\"https:\/\/www.heartrhythmalliance.org\/aa\/uk\/news\/coronavirus-information-uk\" target=\"_blank\" rel=\"noopener noreferrer\">www.HeartRhythmAlliance.org<\/a><\/h3>\n<p>Arrhythmia Alliance y las organizaciones ben\u00e9ficas afiliadas (AF Association y STARS \u2013 syncope trust) han desarrollado recursos espec\u00edficos sobre la COVID-19 para pacientes y profesionales sanitarios que complementan a los ya existentes sobre todas las arritmias, los tratamientos y sus cuidados y atenci\u00f3n, y, espec\u00edficamente, sobre fibrilaci\u00f3n auricular y el s\u00edncope.<\/p>\n<p>&nbsp;<\/p>\n<h3><a href=\"https:\/\/www.escardio.org\/Sub-specialty-communities\/European-Heart-Rhythm-Association-(EHRA)\/Advocacy\/pulse-day\" target=\"_blank\" rel=\"noopener\">D\u00eda del Pulso<\/a><\/h3>\n<p>D\u00eda Mundial de Concienciaci\u00f3n sobre la Arritmia<\/p>\n<p>&nbsp;<\/p>\n<h3><a href=\"https:\/\/cdn-endpoint-afib.azureedge.net\/afibmatters\/2025\/04\/Guia-pacientes_2025_fibrilacion-auricular.pdf\"><span style=\"font-size: 14pt;\">Guia de la ESC sobre fibrilaci\u00f3n auricular \u2013 Explicaci\u00f3n para pacientes<\/span><\/a><\/h3>\n<p>&nbsp;<\/p>\n","protected":false},"excerpt":{"rendered":"<p>Buscar especialista Consulte el directorio de especialistas en electrofisiolog\u00eda de la EHRA. &nbsp; www.MyRhythmDevice.org Visite el sitio web de la EHRA para pacientes con dispositivos card\u00edacos implantados. &nbsp; www.Healthy-Heart.org Respuestas y consejos fiables para pacientes sobre c\u00f3mo proteger el coraz\u00f3n proporcionados por la Sociedad Europea de Cardiolog\u00eda. &nbsp; www.HeartFailureMatters.org Informaci\u00f3n pr\u00e1ctica sobre la insuficiencia card\u00edaca [&hellip;]<\/p>\n","protected":false},"author":1,"featured_media":0,"parent":0,"menu_order":0,"comment_status":"closed","ping_status":"closed","template":"","meta":{"_acf_changed":false,"footnotes":""},"categories":[],"tags":[],"class_list":["post-2899","page","type-page","status-publish","hentry"],"acf":[],"_links":{"self":[{"href":"https:\/\/www.afibmatters.org\/es\/wp-json\/wp\/v2\/pages\/2899","targetHints":{"allow":["GET"]}}],"collection":[{"href":"https:\/\/www.afibmatters.org\/es\/wp-json\/wp\/v2\/pages"}],"about":[{"href":"https:\/\/www.afibmatters.org\/es\/wp-json\/wp\/v2\/types\/page"}],"author":[{"embeddable":true,"href":"https:\/\/www.afibmatters.org\/es\/wp-json\/wp\/v2\/users\/1"}],"replies":[{"embeddable":true,"href":"https:\/\/www.afibmatters.org\/es\/wp-json\/wp\/v2\/comments?post=2899"}],"version-history":[{"count":9,"href":"https:\/\/www.afibmatters.org\/es\/wp-json\/wp\/v2\/pages\/2899\/revisions"}],"predecessor-version":[{"id":9666,"href":"https:\/\/www.afibmatters.org\/es\/wp-json\/wp\/v2\/pages\/2899\/revisions\/9666"}],"wp:attachment":[{"href":"https:\/\/www.afibmatters.org\/es\/wp-json\/wp\/v2\/media?parent=2899"}],"wp:term":[{"taxonomy":"category","embeddable":true,"href":"https:\/\/www.afibmatters.org\/es\/wp-json\/wp\/v2\/categories?post=2899"},{"taxonomy":"post_tag","embeddable":true,"href":"https:\/\/www.afibmatters.org\/es\/wp-json\/wp\/v2\/tags?post=2899"}],"curies":[{"name":"wp","href":"https:\/\/api.w.org\/{rel}","templated":true}]}}