{"id":1572,"date":"2020-03-03T12:01:01","date_gmt":"2020-03-03T12:01:01","guid":{"rendered":"https:\/\/www.afibmatters.org\/apoyo-financiero\/"},"modified":"2024-03-11T09:56:19","modified_gmt":"2024-03-11T09:56:19","slug":"apoyo-financiero","status":"publish","type":"page","link":"https:\/\/www.afibmatters.org\/es\/apoyo-financiero\/","title":{"rendered":"Apoyo financiero"},"content":{"rendered":"<h2>Descubra el sitio web y comp\u00e1rtalo con sus pacientes<\/h2>\n<blockquote><p><strong>Ayude a sus pacientes a comprender la fibrilaci\u00f3n auricular, los signos, s\u00edntomas y tratamientos en \u00e1rabe, chino, holand\u00e9s, ingl\u00e9s, franc\u00e9s, alem\u00e1n, italiano, espa\u00f1ol, sueco, polaco, portugu\u00e9s y ruso.<\/strong><\/p><\/blockquote>\n<p>Afibmatters.org es un sitio web educativo dise\u00f1ado por profesionales de la salud y pacientes destinado a las personas que sufren de fibrilaci\u00f3n auricular y sus familias y cuidadores.<\/p>\n<p>Este sitio web informativo y f\u00e1cil de usar est\u00e1 dise\u00f1ado para sensibilizar sobre la fibrilaci\u00f3n auricular y la importancia de su detecci\u00f3n y tratamiento adecuados. Es un recurso fiable para que pacientes y m\u00e9dicos lo utilicen como parte del programa de tratamiento.<\/p>\n<p>El sitio web utiliza t\u00e9rminos sencillos, f\u00e1ciles de entender y de usar y compatibles con los dispositivos m\u00f3viles.<\/p>\n<p>Tambi\u00e9n puede desear echar un vistazo al conjunto de diapositivas de <a href=\"https:\/\/www.escardio.org\/static_file\/Escardio\/Subspecialty\/EHRA\/Publications\/NOAC\/Slideset%20Patient%20value.pdf\">taquiarritmias card\u00edacas y valores y preferencias de los pacientes para su tratamiento.<\/a><\/p>\n\t\t\t\t\t\n","protected":false},"excerpt":{"rendered":"<p>Descubra el sitio web y comp\u00e1rtalo con sus pacientes Ayude a sus pacientes a comprender la fibrilaci\u00f3n auricular, los signos, s\u00edntomas y tratamientos en \u00e1rabe, chino, holand\u00e9s, ingl\u00e9s, franc\u00e9s, alem\u00e1n, italiano, espa\u00f1ol, sueco, polaco, portugu\u00e9s y ruso. Afibmatters.org es un sitio web educativo dise\u00f1ado por profesionales de la salud y pacientes destinado a las personas [&hellip;]<\/p>\n","protected":false},"author":1,"featured_media":0,"parent":0,"menu_order":27,"comment_status":"closed","ping_status":"closed","template":"","meta":{"_acf_changed":false,"footnotes":""},"categories":[],"tags":[],"class_list":["post-1572","page","type-page","status-publish","hentry"],"acf":[],"_links":{"self":[{"href":"https:\/\/www.afibmatters.org\/es\/wp-json\/wp\/v2\/pages\/1572","targetHints":{"allow":["GET"]}}],"collection":[{"href":"https:\/\/www.afibmatters.org\/es\/wp-json\/wp\/v2\/pages"}],"about":[{"href":"https:\/\/www.afibmatters.org\/es\/wp-json\/wp\/v2\/types\/page"}],"author":[{"embeddable":true,"href":"https:\/\/www.afibmatters.org\/es\/wp-json\/wp\/v2\/users\/1"}],"replies":[{"embeddable":true,"href":"https:\/\/www.afibmatters.org\/es\/wp-json\/wp\/v2\/comments?post=1572"}],"version-history":[{"count":8,"href":"https:\/\/www.afibmatters.org\/es\/wp-json\/wp\/v2\/pages\/1572\/revisions"}],"predecessor-version":[{"id":9147,"href":"https:\/\/www.afibmatters.org\/es\/wp-json\/wp\/v2\/pages\/1572\/revisions\/9147"}],"wp:attachment":[{"href":"https:\/\/www.afibmatters.org\/es\/wp-json\/wp\/v2\/media?parent=1572"}],"wp:term":[{"taxonomy":"category","embeddable":true,"href":"https:\/\/www.afibmatters.org\/es\/wp-json\/wp\/v2\/categories?post=1572"},{"taxonomy":"post_tag","embeddable":true,"href":"https:\/\/www.afibmatters.org\/es\/wp-json\/wp\/v2\/tags?post=1572"}],"curies":[{"name":"wp","href":"https:\/\/api.w.org\/{rel}","templated":true}]}}