{"id":1547,"date":"2020-03-03T11:57:35","date_gmt":"2020-03-03T11:57:35","guid":{"rendered":"https:\/\/www.afibmatters.org\/que-puedo-hacer\/como-debo-cambiar-mi-vida\/"},"modified":"2022-03-24T10:48:12","modified_gmt":"2022-03-24T10:48:12","slug":"como-debo-cambiar-mi-vida","status":"publish","type":"page","link":"https:\/\/www.afibmatters.org\/es\/que-puedo-hacer\/como-debo-cambiar-mi-vida\/","title":{"rendered":"\u00bfC\u00f3mo debo cambiar mi vida?"},"content":{"rendered":"<p>La mayor\u00eda de los pacientes pueden lograr una calidad de vida excelente, aunque puede haber algunas restricciones. Su m\u00e9dico le guiar\u00e1 para lograr sus objetivos.<\/p>\n<h3>Ejercicio f\u00edsico<\/h3>\n<p><img loading=\"lazy\" decoding=\"async\" class=\"alignnone wp-image-5949 size-full\" src=\"https:\/\/cdn-endpoint-afib.azureedge.net\/afibmatters\/2022\/01\/iStock-905501696-1536x1024-1-min.jpg?_t=1643215295\" alt=\"\" width=\"800\" height=\"533\" srcset=\"https:\/\/cdn-endpoint-afib.azureedge.net\/afibmatters\/2022\/01\/iStock-905501696-1536x1024-1-min.jpg 800w, https:\/\/cdn-endpoint-afib.azureedge.net\/afibmatters\/2022\/01\/iStock-905501696-1536x1024-1-min-300x200.jpg 300w, https:\/\/cdn-endpoint-afib.azureedge.net\/afibmatters\/2022\/01\/iStock-905501696-1536x1024-1-min-768x512.jpg 768w, https:\/\/cdn-endpoint-afib.azureedge.net\/afibmatters\/2022\/01\/iStock-905501696-1536x1024-1-min-500x333.jpg 500w\" sizes=\"auto, (max-width: 800px) 100vw, 800px\" \/><\/p>\n<p>El ejercicio moderado es bueno para la mayor\u00eda de las personas y ayuda a disminuir el riesgo general de sufrir una enfermedad cardiaca. Ayuda a regular los ritmos biol\u00f3gicos diarios, mejora el sue\u00f1o y el estado de \u00e1nimo, y es importante para el control de peso. No obstante, antes de comenzar cualquier programa de ejercicio, debe consultar con su m\u00e9dico u otro profesional sanitario cualificado y comentarle el nivel de actividad f\u00edsica que planea realizar, especialmente si no tolera bien el ejercicio.<\/p>\n<p>Sin embargo, el ejercicio intenso debe evitarse. Algunos estudios han demostrado que el riesgo de fibrilaci\u00f3n auricular aumenta en atletas de resistencia, como los corredores de largas distancias o los ciclistas. Por lo tanto, se anima a los pacientes a hacer un ejercicio ligero o moderado, evitando el ejercicio excesivo.<\/p>\n<p>&nbsp;<\/p>\n<p>Si desarrolla un episodio de fibrilaci\u00f3n auricular mientras hace ejercicio, debe detenerse, sentarse y seguir las recomendaciones de su m\u00e9dico o buscar ayuda m\u00e9dica.<\/p>\n<p>Existen muchas aplicaciones y dispositivos port\u00e1tiles (rastreadores de actividad, relojes inteligentes) para supervisar el ejercicio, que incluyen monitores de frecuencia card\u00edaca, contadores de pasos y rastreadores de distancia o de ritmo.<\/p>\n<h3>Alcohol<\/h3>\n<p>El consumo de alcohol se asocia con un mayor riesgo de fibrilaci\u00f3n auricular dependiente de la dosis. Aunque el consumo bajo o moderado de alcohol no suele causar problemas en pacientes con fibrilaci\u00f3n auricular, se recomienda evitar el consumo excesivo. Si nota que el consumo de alcohol, incluso en peque\u00f1as cantidades, le desencadena episodios de fibrilaci\u00f3n auricular, deber\u00e1 evitarlo.<\/p>\n<p>Grandes cantidades de alcohol pueden causar fibrilaci\u00f3n auricular y pueden afectar la prevenci\u00f3n del accidente cerebrovascular con el tratamiento anticoagulante, particularmente en pacientes que toman antagonistas de la vitamina K (como warfarina, acenocumarol, etc.). Tambi\u00e9n puede aumentar el riesgo de hemorragia de los pacientes que toman anticoagulantes. Debe ser sincero si su m\u00e9dico le pregunta qu\u00e9 cantidad de alcohol consume diariamente.<\/p>\n<p>Las recomendaciones sobre el consumo de alcohol var\u00edan seg\u00fan el pa\u00eds, pero la Organizaci\u00f3n Mundial de la Salud recomienda que el consumo no sea superior a 2 unidades est\u00e1ndar de alcohol al d\u00eda.<br \/>\n<strong>Haga clic aqu\u00ed para descubrir cu\u00e1ntas unidades contiene una bebida.<\/strong><\/p>\n<p>Tambi\u00e9n debe intentar no consumir alcohol al menos 2-3 d\u00edas por semana.<br \/>\n<a href=\"https:\/\/cdn-endpoint-afib.azureedge.net\/afibmatters\/2019\/12\/SENSIBLE-DRINKING-1.pdf\" target=\"_blank\" rel=\"noopener noreferrer\"><strong>Consulte m\u00e1s informaci\u00f3n sobre las pautas de consumo sensato (PDF)<\/strong><\/a><\/p>\n<p><a href=\"https:\/\/www.afibmatters.org\/what-can-i-do\/how-should-i-change-my-life\/alcohol-atrial-fibrillation-what-you-need-to-know\/\">Haga clic aqu\u00ed para leer m\u00e1s sobre el alcohol<\/a><\/p>\n<p>&nbsp;<\/p>\n<h3>Cafe\u00edna<\/h3>\n<p>Tomar demasiada cafe\u00edna podr\u00eda aumentar la tensi\u00f3n arterial y la frecuencia card\u00edaca (lo que podr\u00eda desencadenar una fibrilaci\u00f3n auricular). Por lo tanto, puede ser aconsejable limitar el consumo de cafe\u00edna a un nivel moderado, por ejemplo 2-3 tazas de caf\u00e9 por d\u00eda.<\/p>\n<p><a href=\"https:\/\/www.afibmatters.org\/what-can-i-do\/how-should-i-change-my-life\/caffeine-atrial-fibrillation\/\">Haga clic aqu\u00ed para leer m\u00e1s sobre la cafe\u00edna<\/a><\/p>\n<h3>Tabaquismo<\/h3>\n<p>En el caso de la fibrilaci\u00f3n auricular, el tabaco produce un da\u00f1o adicional, porque acelera el latido el coraz\u00f3n y reduce el nivel de ox\u00edgeno de la sangre. Su m\u00e9dico le recomendar\u00e1 encarecidamente no fumar para preservar su salud en general. Solicite consejo a su m\u00e9dico de cabecera.<\/p>\n<p><a href=\"https:\/\/www.afibmatters.org\/what-can-i-do\/how-should-i-change-my-life\/smoking\/\">Haga clic aqu\u00ed para leer m\u00e1s sobre el tabaquismo<\/a><\/p>\n<h3>P\u00e9rdida de peso<\/h3>\n<p>La obesidad est\u00e1 estrechamente relacionada con el desarrollo de fibrilaci\u00f3n auricular y aumenta la probabilidad de recurrencia tras una intervenci\u00f3n como la ablaci\u00f3n. La p\u00e9rdida de peso y la ausencia de fluctuaciones importantes del peso mejoran el control de la fibrilaci\u00f3n auricular, as\u00ed como los resultados de la ablaci\u00f3n. Los datos cient\u00edficos respaldan firmemente la recomendaci\u00f3n de perder peso, tanto para la prevenci\u00f3n como para el tratamiento de la fibrilaci\u00f3n auricular. En pacientes obesos, el objetivo principal es perder un 10&nbsp;% de peso corporal a corto plazo.<\/p>\n<p><a href=\"https:\/\/www.afibmatters.org\/what-can-i-do\/how-should-i-change-my-life\/obesity\/\">Haga clic aqu\u00ed para leer m\u00e1s sobre la obesidad<\/a><\/p>\n<h3>Estr\u00e9s<\/h3>\n<p>La experiencia cl\u00ednica relaciona el estr\u00e9s con episodios de fibrilaci\u00f3n auricular, pero los datos de ensayos cl\u00ednicos son escasos. Es plausible que algunas medidas para reducir el estr\u00e9s diario (por ejemplo, yoga, meditaci\u00f3n, t\u00e9cnicas de relajaci\u00f3n ejercicio moderado) pueden ayudar a controlar la fibrilaci\u00f3n auricular, y para su salud general es recomendable evitar el estr\u00e9s en la medida de lo posible.<\/p>\n<p><a href=\"https:\/\/www.afibmatters.org\/what-can-i-do\/how-should-i-change-my-life\/stress\/\">Haga clic aqu\u00ed para leer m\u00e1s sobre el estr\u00e9s<\/a><\/p>\n<h3>Cambios en la dieta<\/h3>\n<p><img loading=\"lazy\" decoding=\"async\" class=\"alignnone wp-image-5961 size-full\" src=\"https:\/\/cdn-endpoint-afib.azureedge.net\/afibmatters\/2022\/01\/iStock-876656828-1536x1024-1-min.jpg?_t=1643215316\" alt=\"\" width=\"800\" height=\"533\" srcset=\"https:\/\/cdn-endpoint-afib.azureedge.net\/afibmatters\/2022\/01\/iStock-876656828-1536x1024-1-min.jpg 800w, https:\/\/cdn-endpoint-afib.azureedge.net\/afibmatters\/2022\/01\/iStock-876656828-1536x1024-1-min-300x200.jpg 300w, https:\/\/cdn-endpoint-afib.azureedge.net\/afibmatters\/2022\/01\/iStock-876656828-1536x1024-1-min-768x512.jpg 768w, https:\/\/cdn-endpoint-afib.azureedge.net\/afibmatters\/2022\/01\/iStock-876656828-1536x1024-1-min-500x333.jpg 500w\" sizes=\"auto, (max-width: 800px) 100vw, 800px\" \/><\/p>\n<p>Unos h\u00e1bitos de vida saludables y una dieta equilibrada son importantes para todos, especialmente si sufre problemas card\u00edacos, como la fibrilaci\u00f3n auricular. Le recomendamos que siga una dieta sana y equilibrada y, si tiene sobrepeso, que pierda peso.<\/p>\n<p>En caso de hipertensi\u00f3n, es aconsejable comer alimentos con un bajo contenido en sal (se puede comprobar en las etiquetas de los alimentos) y no a\u00f1adir sal mientras cocina o en la mesa. Puede preguntar a su m\u00e9dico por la posibilidad de reemplazar la sal com\u00fan por sal de potasio (otro tipo de sal que no causa un aumento de la presi\u00f3n arterial) o por hierbas arom\u00e1ticas.<\/p>\n<p>Su dieta es especialmente importante si est\u00e1 tomando determinados medicamentos anticoagulantes (antagonistas de la vitamina K). Esto se debe a que ciertos alimentos, en particular las verduras de hoja verde (lechuga, acelga, espinacas), contienen mucha vitamina K, que contrarresta la eficacia de estos comprimidos. Consulte m\u00e1s informaci\u00f3n sobre la dieta de los pacientes que toman warfarina\/antagonista de la vitamina K.<br \/>\nSi est\u00e1 tomando suplementos diet\u00e9ticos o plantas medicinales como el hip\u00e9rico, pregunte a su m\u00e9dico sobre posibles interacciones con su medicamento, especialmente si toma anticoagulantes orales nuevos (NOAC).<\/p>\n<p>No se recomienda la ingesta rutinaria de aceite de pescado para reducir los episodios de fibrilaci\u00f3n auricular.<\/p>\n<h3>Vida sexual<\/h3>\n<p>A las personas que han experimentado problemas card\u00edacos a menudo les preocupa el hecho de mantener relaciones sexuales, y pueden reducir la frecuencia o dejar de mantenerlas por miedo a que puedan ocasionarles m\u00e1s problemas card\u00edacos. Creen que mantener relaciones sexuales podr\u00eda ser arriesgado y piensan &#8220;tengo que evitarlo&#8221; o &#8220;existe el riesgo de que me excite demasiado y eso podr\u00eda matarme.&#8221; Tales pensamientos conducen a un estr\u00e9s y ansiedad innecesarios respecto a las relaciones sexuales.<br \/>\nLa buena noticia es que en la mayor\u00eda de las personas con problemas card\u00edacos mantener relaciones sexuales es seguro y est\u00e1 recomendado por los m\u00e9dicos. Piensen en lo siguiente, para un hombre o mujer promedio, tener relaciones sexuales supone la misma cantidad de trabajo card\u00edaco que un paseo de 20 minutos a un ritmo constante, y un orgasmo equivale a subir un tramo de escaleras. El ejercicio es bueno para el coraz\u00f3n y la actividad sexual solo es otra forma de ejercicio. Por lo tanto, la actividad sexual regular puede ser buena para el coraz\u00f3n. Pida consejo a su m\u00e9dico sobre su actividad f\u00edsica, especialmente si no tolera bien el ejercicio.<\/p>\n<ul>\n<li>El sexo es bueno para el coraz\u00f3n.<\/li>\n<li>El sexo alivia el estr\u00e9s.<\/li>\n<li>El sexo estimula el sistema inmunitario.<\/li>\n<\/ul>\n<p>&nbsp;<\/p>\n<h3>Conducci\u00f3n<\/h3>\n<p><img loading=\"lazy\" decoding=\"async\" class=\"alignnone wp-image-5973 size-full\" src=\"https:\/\/cdn-endpoint-afib.azureedge.net\/afibmatters\/2022\/01\/iStock-530258711-1536x1025-1-min.jpg?_t=1643215333\" alt=\"\" width=\"800\" height=\"534\" srcset=\"https:\/\/cdn-endpoint-afib.azureedge.net\/afibmatters\/2022\/01\/iStock-530258711-1536x1025-1-min.jpg 800w, https:\/\/cdn-endpoint-afib.azureedge.net\/afibmatters\/2022\/01\/iStock-530258711-1536x1025-1-min-300x200.jpg 300w, https:\/\/cdn-endpoint-afib.azureedge.net\/afibmatters\/2022\/01\/iStock-530258711-1536x1025-1-min-768x513.jpg 768w, https:\/\/cdn-endpoint-afib.azureedge.net\/afibmatters\/2022\/01\/iStock-530258711-1536x1025-1-min-500x334.jpg 500w\" sizes=\"auto, (max-width: 800px) 100vw, 800px\" \/><\/p>\n<p>La mayor\u00eda de los pacientes con fibrilaci\u00f3n auricular pueden conducir. Sin embargo, si experimenta alg\u00fan episodio de mareo o desmayo, no debe conducir y debe informar a su m\u00e9dico, ya que estos s\u00edntomas pueden estar relacionados con la fibrilaci\u00f3n auricular.<\/p>\n<p>&nbsp;<\/p>\n<h3>Viajes<\/h3>\n<p><img loading=\"lazy\" decoding=\"async\" class=\"alignnone wp-image-5985 size-full\" src=\"https:\/\/cdn-endpoint-afib.azureedge.net\/afibmatters\/2022\/01\/iStock-891573112-1536x1024-1-min.jpg?_t=1643215352\" alt=\"\" width=\"800\" height=\"533\" srcset=\"https:\/\/cdn-endpoint-afib.azureedge.net\/afibmatters\/2022\/01\/iStock-891573112-1536x1024-1-min.jpg 800w, https:\/\/cdn-endpoint-afib.azureedge.net\/afibmatters\/2022\/01\/iStock-891573112-1536x1024-1-min-300x200.jpg 300w, https:\/\/cdn-endpoint-afib.azureedge.net\/afibmatters\/2022\/01\/iStock-891573112-1536x1024-1-min-768x512.jpg 768w, https:\/\/cdn-endpoint-afib.azureedge.net\/afibmatters\/2022\/01\/iStock-891573112-1536x1024-1-min-500x333.jpg 500w\" sizes=\"auto, (max-width: 800px) 100vw, 800px\" \/><\/p>\n<p>En general, tener fibrilaci\u00f3n auricular no es motivo para no poder viajar (incluyendo volar), pero es mejor consultar primero con su m\u00e9dico. Se recomienda viajar c\u00f3modamente, y lo ideal es evitar temperaturas extremas (calor y fr\u00edo) y altas altitudes.<br \/>\nAntes de hacer cualquier plan de vacaciones, es recomendable que:<\/p>\n<ul>\n<li>Su fibrilaci\u00f3n auricular est\u00e9 bien controlada y estable.<\/li>\n<li>Lleve sus medicamentos y se asegure de no quedarse sin comprimidos mientras est\u00e1 fuera.<\/li>\n<li>Lleve un resumen de tu historial m\u00e9dico.<\/li>\n<li>Hable con su m\u00e9dico sobre un plan de acci\u00f3n en caso de presentar un episodio de fibrilaci\u00f3n auricular mientras est\u00e1 fuera.<\/li>\n<\/ul>\n<p>&nbsp;<\/p>\n","protected":false},"excerpt":{"rendered":"<p>La mayor\u00eda de los pacientes pueden lograr una calidad de vida excelente, aunque puede haber algunas restricciones. Su m\u00e9dico le guiar\u00e1 para lograr sus objetivos. Ejercicio f\u00edsico El ejercicio moderado es bueno para la mayor\u00eda de las personas y ayuda a disminuir el riesgo general de sufrir una enfermedad cardiaca. Ayuda a regular los ritmos [&hellip;]<\/p>\n","protected":false},"author":1,"featured_media":0,"parent":1535,"menu_order":24,"comment_status":"closed","ping_status":"closed","template":"","meta":{"_acf_changed":false,"footnotes":""},"categories":[66],"tags":[],"class_list":["post-1547","page","type-page","status-publish","hentry","category-que-puedo-hacer"],"acf":[],"_links":{"self":[{"href":"https:\/\/www.afibmatters.org\/es\/wp-json\/wp\/v2\/pages\/1547","targetHints":{"allow":["GET"]}}],"collection":[{"href":"https:\/\/www.afibmatters.org\/es\/wp-json\/wp\/v2\/pages"}],"about":[{"href":"https:\/\/www.afibmatters.org\/es\/wp-json\/wp\/v2\/types\/page"}],"author":[{"embeddable":true,"href":"https:\/\/www.afibmatters.org\/es\/wp-json\/wp\/v2\/users\/1"}],"replies":[{"embeddable":true,"href":"https:\/\/www.afibmatters.org\/es\/wp-json\/wp\/v2\/comments?post=1547"}],"version-history":[{"count":5,"href":"https:\/\/www.afibmatters.org\/es\/wp-json\/wp\/v2\/pages\/1547\/revisions"}],"predecessor-version":[{"id":6602,"href":"https:\/\/www.afibmatters.org\/es\/wp-json\/wp\/v2\/pages\/1547\/revisions\/6602"}],"up":[{"embeddable":true,"href":"https:\/\/www.afibmatters.org\/es\/wp-json\/wp\/v2\/pages\/1535"}],"wp:attachment":[{"href":"https:\/\/www.afibmatters.org\/es\/wp-json\/wp\/v2\/media?parent=1547"}],"wp:term":[{"taxonomy":"category","embeddable":true,"href":"https:\/\/www.afibmatters.org\/es\/wp-json\/wp\/v2\/categories?post=1547"},{"taxonomy":"post_tag","embeddable":true,"href":"https:\/\/www.afibmatters.org\/es\/wp-json\/wp\/v2\/tags?post=1547"}],"curies":[{"name":"wp","href":"https:\/\/api.w.org\/{rel}","templated":true}]}}