{"id":1537,"date":"2020-03-03T11:57:32","date_gmt":"2020-03-03T11:57:32","guid":{"rendered":"https:\/\/www.afibmatters.org\/podre-contratar-un-seguro-de-viaje-si-tengo-fibrilacion-auricular\/"},"modified":"2022-01-26T16:22:31","modified_gmt":"2022-01-26T16:22:31","slug":"podre-contratar-un-seguro-de-viaje-si-tengo-fibrilacion-auricular","status":"publish","type":"page","link":"https:\/\/www.afibmatters.org\/es\/que-puedo-hacer\/como-debo-cambiar-mi-vida\/podre-contratar-un-seguro-de-viaje-si-tengo-fibrilacion-auricular\/","title":{"rendered":"\u00bfPodr\u00e9 contratar un seguro de viaje si tengo fibrilaci\u00f3n auricular?"},"content":{"rendered":"<p><img loading=\"lazy\" decoding=\"async\" class=\"alignnone wp-image-5918 size-full\" src=\"https:\/\/cdn-endpoint-afib.azureedge.net\/afibmatters\/2022\/01\/shutterstock_605436266-1536x1024-1-min.jpg?_t=1643214138\" alt=\"\" width=\"800\" height=\"533\" srcset=\"https:\/\/www.afibmatters.org\/wp-content\/uploads\/2022\/01\/shutterstock_605436266-1536x1024-1-min.jpg 800w, https:\/\/www.afibmatters.org\/wp-content\/uploads\/2022\/01\/shutterstock_605436266-1536x1024-1-min-300x200.jpg 300w, https:\/\/www.afibmatters.org\/wp-content\/uploads\/2022\/01\/shutterstock_605436266-1536x1024-1-min-768x512.jpg 768w, https:\/\/www.afibmatters.org\/wp-content\/uploads\/2022\/01\/shutterstock_605436266-1536x1024-1-min-500x333.jpg 500w\" sizes=\"auto, (max-width: 800px) 100vw, 800px\" \/><\/p>\n<p>S\u00ed, la mayor\u00eda de los pacientes con fibrilaci\u00f3n auricular pueden contratar un seguro de viaje. Sin embargo, algunas veces requiere una prima m\u00e1s alta (cuesta m\u00e1s). Solicite consejo a la compa\u00f1\u00eda aseguradora. A veces es \u00fatil ponerse en contacto con varias compa\u00f1\u00edas de seguros de salud para encontrar la mejor oferta.<\/p>\n<p>&nbsp;<\/p>\n<p>&nbsp;<\/p>\n","protected":false},"excerpt":{"rendered":"<p>S\u00ed, la mayor\u00eda de los pacientes con fibrilaci\u00f3n auricular pueden contratar un seguro de viaje. Sin embargo, algunas veces requiere una prima m\u00e1s alta (cuesta m\u00e1s). Solicite consejo a la compa\u00f1\u00eda aseguradora. A veces es \u00fatil ponerse en contacto con varias compa\u00f1\u00edas de seguros de salud para encontrar la mejor oferta. &nbsp; &nbsp;<\/p>\n","protected":false},"author":1,"featured_media":0,"parent":1547,"menu_order":25,"comment_status":"closed","ping_status":"closed","template":"","meta":{"_acf_changed":false,"footnotes":""},"categories":[66],"tags":[],"class_list":["post-1537","page","type-page","status-publish","hentry","category-que-puedo-hacer"],"acf":[],"_links":{"self":[{"href":"https:\/\/www.afibmatters.org\/es\/wp-json\/wp\/v2\/pages\/1537","targetHints":{"allow":["GET"]}}],"collection":[{"href":"https:\/\/www.afibmatters.org\/es\/wp-json\/wp\/v2\/pages"}],"about":[{"href":"https:\/\/www.afibmatters.org\/es\/wp-json\/wp\/v2\/types\/page"}],"author":[{"embeddable":true,"href":"https:\/\/www.afibmatters.org\/es\/wp-json\/wp\/v2\/users\/1"}],"replies":[{"embeddable":true,"href":"https:\/\/www.afibmatters.org\/es\/wp-json\/wp\/v2\/comments?post=1537"}],"version-history":[{"count":2,"href":"https:\/\/www.afibmatters.org\/es\/wp-json\/wp\/v2\/pages\/1537\/revisions"}],"predecessor-version":[{"id":5937,"href":"https:\/\/www.afibmatters.org\/es\/wp-json\/wp\/v2\/pages\/1537\/revisions\/5937"}],"up":[{"embeddable":true,"href":"https:\/\/www.afibmatters.org\/es\/wp-json\/wp\/v2\/pages\/1547"}],"wp:attachment":[{"href":"https:\/\/www.afibmatters.org\/es\/wp-json\/wp\/v2\/media?parent=1537"}],"wp:term":[{"taxonomy":"category","embeddable":true,"href":"https:\/\/www.afibmatters.org\/es\/wp-json\/wp\/v2\/categories?post=1537"},{"taxonomy":"post_tag","embeddable":true,"href":"https:\/\/www.afibmatters.org\/es\/wp-json\/wp\/v2\/tags?post=1537"}],"curies":[{"name":"wp","href":"https:\/\/api.w.org\/{rel}","templated":true}]}}