{"id":1513,"date":"2020-03-03T11:57:06","date_gmt":"2020-03-03T11:57:06","guid":{"rendered":"https:\/\/www.afibmatters.org\/que-puede-hacer-mi-medico\/ablacion-de-la-fibrilacion-auricular\/marcapasos-y-ablacion-del-nodulo-auriculoventricular-o-el-fasciculo-de-his\/"},"modified":"2022-01-27T09:46:25","modified_gmt":"2022-01-27T09:46:25","slug":"marcapasos-y-ablacion-del-nodulo-auriculoventricular-o-el-fasciculo-de-his","status":"publish","type":"page","link":"https:\/\/www.afibmatters.org\/es\/que-puede-hacer-mi-medico\/ablacion-de-la-fibrilacion-auricular\/marcapasos-y-ablacion-del-nodulo-auriculoventricular-o-el-fasciculo-de-his\/","title":{"rendered":"Marcapasos y ablaci\u00f3n del nodo auriculoventricular o el fasc\u00edculo de His"},"content":{"rendered":"<p>&nbsp;<\/p>\n<p>Si el medicamento o la combinaci\u00f3n de medicamentos que le han recetado no pueden controlar su ritmo card\u00edaco o le producen efectos secundarios, pueden sugerirle una ablaci\u00f3n del nodo auriculoventricular (nodo AV) y la colocaci\u00f3n de un marcapasos.<\/p>\n<p>La ablaci\u00f3n del nodo auriculoventricular es una intervenci\u00f3n mediante un cat\u00e9ter que bloquea la transmisi\u00f3n de los impulsos el\u00e9ctricos r\u00e1pidos de las aur\u00edculas (c\u00e1maras superiores del coraz\u00f3n) a los ventr\u00edculos (c\u00e1maras inferiores del coraz\u00f3n). El tejido del nodo auriculoventricular, que conecta el\u00e9ctricamente las aur\u00edculas y los ventr\u00edculos, se destruye mediante energ\u00eda de radiofrecuencia, causando un bloqueo auriculoventricular completo.<\/p>\n<p><img loading=\"lazy\" decoding=\"async\" class=\"alignnone wp-image-6097 size-full\" src=\"https:\/\/cdn-endpoint-afib.azureedge.net\/afibmatters\/2022\/01\/shutterstock_333628025-1024x686-1-min.jpg?_t=1643276766\" alt=\"\" width=\"800\" height=\"536\" srcset=\"https:\/\/www.afibmatters.org\/wp-content\/uploads\/2022\/01\/shutterstock_333628025-1024x686-1-min.jpg 800w, https:\/\/www.afibmatters.org\/wp-content\/uploads\/2022\/01\/shutterstock_333628025-1024x686-1-min-300x201.jpg 300w, https:\/\/www.afibmatters.org\/wp-content\/uploads\/2022\/01\/shutterstock_333628025-1024x686-1-min-768x515.jpg 768w, https:\/\/www.afibmatters.org\/wp-content\/uploads\/2022\/01\/shutterstock_333628025-1024x686-1-min-500x335.jpg 500w\" sizes=\"auto, (max-width: 800px) 100vw, 800px\" \/><\/p>\n<p>Con el fin de mantener la frecuencia ventricular normal, antes de un procedimiento de ablaci\u00f3n se implanta un marcapasos. El marcapasos controla artificialmente el pulso, a pesar de la fibrilaci\u00f3n auricular permanente. El procedimiento es sencillo y no lleva mucho tiempo, pero, como su m\u00e9dico le explicar\u00e1 antes, debe tener en cuenta que se trata de un tratamiento irreversible. A partir de entonces, el marcapasos controlar\u00e1 su frecuencia card\u00edaca durante el resto de su vida (usted ser\u00e1 dependiente de marcapasos). Por eso, se considera la \u00faltima opci\u00f3n para controlar la frecuencia card\u00edaca si todos los procedimientos previos han fracasado y es m\u00e1s probable que este procedimiento se recomiende a pacientes mayores.<\/p>\n<h3>\u00bfC\u00f3mo se hace?<\/h3>\n<p>La ablaci\u00f3n mediante cat\u00e9ter es un procedimiento percut\u00e1neo que se efect\u00faa con anestesia local. El m\u00e9dico inserta unos tubos el\u00e1sticos largos y delgados (cat\u00e9teres) en las venas de la ingle y los hace avanzar hacia el coraz\u00f3n. La punta del cat\u00e9ter suministra energ\u00eda de radiofrecuencia (calor) a la peque\u00f1a zona de tejido card\u00edaco que debe destruirse. El tejido cicatricial no conduce los impulsos.<\/p>\n<p><img loading=\"lazy\" decoding=\"async\" class=\"alignnone size-full wp-image-6124\" src=\"https:\/\/cdn-endpoint-afib.azureedge.net\/afibmatters\/2022\/01\/shutterstock_101122669-1024x681-1-min.jpg\" alt=\"\" width=\"800\" height=\"532\" srcset=\"https:\/\/www.afibmatters.org\/wp-content\/uploads\/2022\/01\/shutterstock_101122669-1024x681-1-min.jpg 800w, https:\/\/www.afibmatters.org\/wp-content\/uploads\/2022\/01\/shutterstock_101122669-1024x681-1-min-300x200.jpg 300w, https:\/\/www.afibmatters.org\/wp-content\/uploads\/2022\/01\/shutterstock_101122669-1024x681-1-min-768x511.jpg 768w, https:\/\/www.afibmatters.org\/wp-content\/uploads\/2022\/01\/shutterstock_101122669-1024x681-1-min-500x333.jpg 500w\" sizes=\"auto, (max-width: 800px) 100vw, 800px\" \/><\/p>\n<p>La implantaci\u00f3n de un marcapasos debe realizarse antes de la ablaci\u00f3n del n\u00f3dulo auriculoventricular para mantener el latido correcto de las c\u00e1maras inferiores (ventr\u00edculos). En algunos centros, los m\u00e9dicos prefieren implantar el marcapasos algunas semanas antes de la ablaci\u00f3n, para garantizar un funcionamiento satisfactorio y estable del dispositivo. Despu\u00e9s de la ablaci\u00f3n, el ritmo card\u00edaco depende completamente del marcapasos y es necesario tomar medicamentos para controlar la frecuencia card\u00edaca.<br \/>\nLa tasa de \u00e9xitos de la ablaci\u00f3n de nodo auriculoventricular es alta.<\/p>\n<p><a href=\"https:\/\/www.afibmatters.org\/es\/que-puede-hacer-mi-medico\/ablacion-de-la-fibrilacion-auricular\/\"><strong>M\u00e1s informaci\u00f3n sobre: &#8220;Complicaciones&#8221;<\/strong><\/a><\/p>\n<p><a href=\"https:\/\/www.afibmatters.org\/es\/que-puedo-hacer\/como-debo-cambiar-mi-vida\/\"><strong>M\u00e1s informaci\u00f3n sobre: \u201c\u00bfC\u00f3mo debo cambiar mi vida?\u201d<\/strong><\/a><\/p>\n","protected":false},"excerpt":{"rendered":"<p>&nbsp; Si el medicamento o la combinaci\u00f3n de medicamentos que le han recetado no pueden controlar su ritmo card\u00edaco o le producen efectos secundarios, pueden sugerirle una ablaci\u00f3n del nodo auriculoventricular (nodo AV) y la colocaci\u00f3n de un marcapasos. La ablaci\u00f3n del nodo auriculoventricular es una intervenci\u00f3n mediante un cat\u00e9ter que bloquea la transmisi\u00f3n de [&hellip;]<\/p>\n","protected":false},"author":1,"featured_media":0,"parent":1502,"menu_order":19,"comment_status":"closed","ping_status":"closed","template":"","meta":{"_acf_changed":false,"footnotes":""},"categories":[61],"tags":[],"class_list":["post-1513","page","type-page","status-publish","hentry","category-que-puede-hacer-mi-medico"],"acf":[],"_links":{"self":[{"href":"https:\/\/www.afibmatters.org\/es\/wp-json\/wp\/v2\/pages\/1513","targetHints":{"allow":["GET"]}}],"collection":[{"href":"https:\/\/www.afibmatters.org\/es\/wp-json\/wp\/v2\/pages"}],"about":[{"href":"https:\/\/www.afibmatters.org\/es\/wp-json\/wp\/v2\/types\/page"}],"author":[{"embeddable":true,"href":"https:\/\/www.afibmatters.org\/es\/wp-json\/wp\/v2\/users\/1"}],"replies":[{"embeddable":true,"href":"https:\/\/www.afibmatters.org\/es\/wp-json\/wp\/v2\/comments?post=1513"}],"version-history":[{"count":6,"href":"https:\/\/www.afibmatters.org\/es\/wp-json\/wp\/v2\/pages\/1513\/revisions"}],"predecessor-version":[{"id":6141,"href":"https:\/\/www.afibmatters.org\/es\/wp-json\/wp\/v2\/pages\/1513\/revisions\/6141"}],"up":[{"embeddable":true,"href":"https:\/\/www.afibmatters.org\/es\/wp-json\/wp\/v2\/pages\/1502"}],"wp:attachment":[{"href":"https:\/\/www.afibmatters.org\/es\/wp-json\/wp\/v2\/media?parent=1513"}],"wp:term":[{"taxonomy":"category","embeddable":true,"href":"https:\/\/www.afibmatters.org\/es\/wp-json\/wp\/v2\/categories?post=1513"},{"taxonomy":"post_tag","embeddable":true,"href":"https:\/\/www.afibmatters.org\/es\/wp-json\/wp\/v2\/tags?post=1513"}],"curies":[{"name":"wp","href":"https:\/\/api.w.org\/{rel}","templated":true}]}}