{"id":1473,"date":"2020-03-03T11:56:54","date_gmt":"2020-03-03T11:56:54","guid":{"rendered":"https:\/\/www.afibmatters.org\/restablecer-un-ritmo-cardiaco-normal-y-prevenir-recaidas\/"},"modified":"2022-01-27T09:58:54","modified_gmt":"2022-01-27T09:58:54","slug":"restablecer-un-ritmo-cardiaco-normal-y-prevenir-recaidas","status":"publish","type":"page","link":"https:\/\/www.afibmatters.org\/es\/que-puede-hacer-mi-medico\/restablecer-un-ritmo-cardiaco-normal-y-prevenir-recaidas\/","title":{"rendered":"Restablecer un ritmo card\u00edaco normal y prevenir reca\u00eddas"},"content":{"rendered":"<p>Algunas veces, tras un episodio de fibrilaci\u00f3n auricular, el ritmo normal se restaura sin necesidad de tratamiento (de forma espont\u00e1nea). Si esto no sucede, o si tiene s\u00edntomas relevantes durante los episodios de fibrilaci\u00f3n auricular, el m\u00e9dico puede sugerirle <strong> restablecer el ritmo card\u00edaco<\/strong> normal (ritmo sinusal). Esto es lo que llamamos <strong>cardioversi\u00f3n. La cardioversi\u00f3n forma parte de la estrategia de<\/strong>\u00a0<strong>control del ritmo,\u00a0<\/strong>que incluye todas aquellas intervenciones (farmac\u00f3gicas o no destinadas a restaurar y mantener a largo plazo el ritmo normal).<\/p>\n<p>Cuando se elige la estrategia de control del ritmo, hay dos opciones para restaurar el ritmo sinusal normal: con medicaci\u00f3n (cardioversi\u00f3n farmacol\u00f3gica) y con un choque el\u00e9ctrico (cardioversi\u00f3n el\u00e9ctrica).<\/p>\n<p>Antes de practicarle una cardioversi\u00f3n, ya sea el\u00e9ctrica o farmacol\u00f3gica, el m\u00e9dico le puede pedir que tome anticoagulantes (diluyentes sangu\u00edneos) durante al menos 3 semanas antes del procedimiento. De lo contrario, es posible que el m\u00e9dico quiera descartar la presencia de co\u00e1gulos dentro del coraz\u00f3n realizando un estudio de imagen espec\u00edfico llamado ecocardiograma transesof\u00e1gico (ETE) antes de la cardioversi\u00f3n. Tambi\u00e9n tendr\u00e1 que seguir tomando medicamentos anticoagulantes durante al menos 4 semanas despu\u00e9s de la cardioversi\u00f3n para reducir el riesgo de accidente cerebrovascular. Dependiendo de su riesgo general de accidente cerebrovascular, el m\u00e9dico puede pedirle que siga tomando un anticoagulante durante el resto de su vida.<\/p>\n<p>&nbsp;<\/p>\n<ul>\n<li>\n<h3>Medicaci\u00f3n<\/h3>\n<\/li>\n<\/ul>\n<p><img loading=\"lazy\" decoding=\"async\" class=\"alignnone wp-image-6177 size-full\" src=\"https:\/\/cdn-endpoint-afib.azureedge.net\/afibmatters\/2022\/01\/iStock-467032360-1024x686-1-min.jpg?_t=1643277527\" alt=\"\" width=\"800\" height=\"536\" srcset=\"https:\/\/www.afibmatters.org\/wp-content\/uploads\/2022\/01\/iStock-467032360-1024x686-1-min.jpg 800w, https:\/\/www.afibmatters.org\/wp-content\/uploads\/2022\/01\/iStock-467032360-1024x686-1-min-300x201.jpg 300w, https:\/\/www.afibmatters.org\/wp-content\/uploads\/2022\/01\/iStock-467032360-1024x686-1-min-768x515.jpg 768w, https:\/\/www.afibmatters.org\/wp-content\/uploads\/2022\/01\/iStock-467032360-1024x686-1-min-500x335.jpg 500w\" sizes=\"auto, (max-width: 800px) 100vw, 800px\" \/><\/p>\n<p>La restauraci\u00f3n del ritmo normal se puede realizar con medicamentos. Esto se denomina <strong>cardioversi\u00f3n farmacol\u00f3gica<\/strong>. Los medicamentos tambi\u00e9n son \u00fatiles para prevenir reca\u00eddas de la fibrilaci\u00f3n auricular.<\/p>\n<p>Los f\u00e1rmacos que se emplean para restaurar el ritmo sinusal y reducir los episodios de fibrilaci\u00f3n auricular se llaman <strong>&#8220;antiarr\u00edtmicos&#8221;<\/strong> y los m\u00e1s utilizados son:<\/p>\n<ul>\n<li style=\"list-style-type: none;\">\n<ul>\n<li>Flecainida<\/li>\n<li>Dronedarona<\/li>\n<li>Sotalol<\/li>\n<li>Amiodarona<\/li>\n<li>Propafenona<\/li>\n<li>Disopiramida<\/li>\n<\/ul>\n<\/li>\n<\/ul>\n<p>&nbsp;<\/p>\n<p>Los medicamentos antiarr\u00edtmicos modifican la actividad el\u00e9ctrica de las c\u00e9lulas card\u00edacas y facilitan la restauraci\u00f3n del ritmo sinusal normal. Adem\u00e1s de revertir la fibrilaci\u00f3n auricular, los medicamentos antiarr\u00edtmicos tambi\u00e9n pueden ayudar a mantener el ritmo sinusal normal y reducir las probabilidades de reca\u00edda.<\/p>\n<p>En ocasiones, es necesario probar varios antiarr\u00edtmicos antes de encontrar el que m\u00e1s le conviene. Dado que no todos los f\u00e1rmacos antiarr\u00edtmicos son adecuados para todos los pacientes, su m\u00e9dico decidir\u00e1 cu\u00e1l es el m\u00e1s adecuado para usted, dependiendo de sus otras afecciones m\u00e9dicas.<\/p>\n<p>Algunos medicamentos antiarr\u00edtmicos, como la amiodarona, pueden tener efectos secundarios graves. Su m\u00e9dico lo controlar\u00e1 regularmente para asegurarse de que continuar tomando este medicamento es seguro. Tambi\u00e9n puede ser necesario controlar el medicamento con an\u00e1lisis de sangre. Su m\u00e9dico le ayudar\u00e1 a elegir el mejor medicamento antiarr\u00edtmico en funci\u00f3n de su situaci\u00f3n cl\u00ednica y le comentar\u00e1 m\u00e1s detalladamente las ventajas y posibles efectos secundarios.<\/p>\n<p>&nbsp;<\/p>\n<ul>\n<li><a href=\"https:\/\/www.afibmatters.org\/es\/que-puede-hacer-mi-medico\/que-es-una-cardioversion\/\">Cardioversi\u00f3n<\/a><\/li>\n<li><a href=\"https:\/\/www.afibmatters.org\/es\/que-puede-hacer-mi-medico\/ablacion-de-la-fibrilacion-auricular\/\">Ablaci\u00f3n<\/a><\/li>\n<\/ul>\n<p>&nbsp;<\/p>\n<p><a href=\"https:\/\/www.afibmatters.org\/es\/que-puedo-hacer\/como-debo-cambiar-mi-vida\/\"><strong>M\u00e1s informaci\u00f3n sobre: &#8220;\u00bfC\u00f3mo debo cambiar mi vida?&#8221;<\/strong><\/a><\/p>\n","protected":false},"excerpt":{"rendered":"<p>Algunas veces, tras un episodio de fibrilaci\u00f3n auricular, el ritmo normal se restaura sin necesidad de tratamiento (de forma espont\u00e1nea). Si esto no sucede, o si tiene s\u00edntomas relevantes durante los episodios de fibrilaci\u00f3n auricular, el m\u00e9dico puede sugerirle restablecer el ritmo card\u00edaco normal (ritmo sinusal). Esto es lo que llamamos cardioversi\u00f3n. La cardioversi\u00f3n forma [&hellip;]<\/p>\n","protected":false},"author":1,"featured_media":0,"parent":1474,"menu_order":15,"comment_status":"closed","ping_status":"closed","template":"","meta":{"_acf_changed":false,"footnotes":""},"categories":[61],"tags":[],"class_list":["post-1473","page","type-page","status-publish","hentry","category-que-puede-hacer-mi-medico"],"acf":[],"_links":{"self":[{"href":"https:\/\/www.afibmatters.org\/es\/wp-json\/wp\/v2\/pages\/1473","targetHints":{"allow":["GET"]}}],"collection":[{"href":"https:\/\/www.afibmatters.org\/es\/wp-json\/wp\/v2\/pages"}],"about":[{"href":"https:\/\/www.afibmatters.org\/es\/wp-json\/wp\/v2\/types\/page"}],"author":[{"embeddable":true,"href":"https:\/\/www.afibmatters.org\/es\/wp-json\/wp\/v2\/users\/1"}],"replies":[{"embeddable":true,"href":"https:\/\/www.afibmatters.org\/es\/wp-json\/wp\/v2\/comments?post=1473"}],"version-history":[{"count":5,"href":"https:\/\/www.afibmatters.org\/es\/wp-json\/wp\/v2\/pages\/1473\/revisions"}],"predecessor-version":[{"id":6183,"href":"https:\/\/www.afibmatters.org\/es\/wp-json\/wp\/v2\/pages\/1473\/revisions\/6183"}],"up":[{"embeddable":true,"href":"https:\/\/www.afibmatters.org\/es\/wp-json\/wp\/v2\/pages\/1474"}],"wp:attachment":[{"href":"https:\/\/www.afibmatters.org\/es\/wp-json\/wp\/v2\/media?parent=1473"}],"wp:term":[{"taxonomy":"category","embeddable":true,"href":"https:\/\/www.afibmatters.org\/es\/wp-json\/wp\/v2\/categories?post=1473"},{"taxonomy":"post_tag","embeddable":true,"href":"https:\/\/www.afibmatters.org\/es\/wp-json\/wp\/v2\/tags?post=1473"}],"curies":[{"name":"wp","href":"https:\/\/api.w.org\/{rel}","templated":true}]}}