{"id":1439,"date":"2020-03-03T11:56:46","date_gmt":"2020-03-03T11:56:46","guid":{"rendered":"https:\/\/www.afibmatters.org\/que-debo-saber\/que-se-siente-al-tener-fibrilacion-auricular\/"},"modified":"2022-03-24T10:48:08","modified_gmt":"2022-03-24T10:48:08","slug":"que-se-siente-al-tener-fibrilacion-auricular","status":"publish","type":"page","link":"https:\/\/www.afibmatters.org\/es\/que-debo-saber\/que-se-siente-al-tener-fibrilacion-auricular\/","title":{"rendered":"\u00bfQu\u00e9 se siente al tener fibrilaci\u00f3n auricular?"},"content":{"rendered":"<p><img loading=\"lazy\" decoding=\"async\" class=\"alignnone size-large wp-image-1053\" src=\"https:\/\/cdn-endpoint-afib.azureedge.net\/afibmatters\/2020\/01\/iStock-516900090-1024x680.jpg\" alt=\"Latido card\u00edaco\" width=\"1024\" height=\"680\" srcset=\"https:\/\/cdn-endpoint-afib.azureedge.net\/afibmatters\/2020\/01\/iStock-516900090-1024x680.jpg 1024w, https:\/\/cdn-endpoint-afib.azureedge.net\/afibmatters\/2020\/01\/iStock-516900090-300x199.jpg 300w, https:\/\/cdn-endpoint-afib.azureedge.net\/afibmatters\/2020\/01\/iStock-516900090-768x510.jpg 768w, https:\/\/cdn-endpoint-afib.azureedge.net\/afibmatters\/2020\/01\/iStock-516900090-1536x1020.jpg 1536w, https:\/\/cdn-endpoint-afib.azureedge.net\/afibmatters\/2020\/01\/iStock-516900090-2048x1360.jpg 2048w, https:\/\/cdn-endpoint-afib.azureedge.net\/afibmatters\/2020\/01\/iStock-516900090-500x332.jpg 500w\" sizes=\"auto, (max-width: 1024px) 100vw, 1024px\" \/><\/p>\n<p>Lo que se siente al tener la fibrilaci\u00f3n auricular var\u00eda de una persona a otra. Algunos pacientes notan <a href=\"https:\/\/www.afibmatters.org\/es\/que-debo-saber\/que-se-siente-al-tener-fibrilacion-auricular\/palpitaciones\/\">palpitaciones<\/a> y latidos card\u00edacos irregulares y se dan cuenta inmediatamente de cu\u00e1ndo comienza la fibrilaci\u00f3n auricular. Otros sienten <a href=\"https:\/\/www.afibmatters.org\/es\/que-debo-saber\/que-se-siente-al-tener-fibrilacion-auricular\/dolor-toracico\/\">malestar en el pecho<\/a>, <a href=\"https:\/\/www.afibmatters.org\/es\/que-debo-saber\/que-se-siente-al-tener-fibrilacion-auricular\/dificultad-para-respirar\/\">falta de aliento<\/a>, <a href=\"https:\/\/www.afibmatters.org\/es\/que-debo-saber\/que-se-siente-al-tener-fibrilacion-auricular\/mareos-aturdimiento-y-desmayos\/\">aturdimiento, mareos<\/a> o <a href=\"https:\/\/www.afibmatters.org\/es\/que-debo-saber\/que-se-siente-al-tener-fibrilacion-auricular\/fatiga\/\">cansancio general<\/a>, sin tener <a href=\"https:\/\/www.afibmatters.org\/es\/que-debo-saber\/que-se-siente-al-tener-fibrilacion-auricular\/palpitaciones\/\">palpitaciones<\/a>. En algunas personas los s\u00edntomas de fibrilaci\u00f3n auricular pueden estar presentes en reposo, mientras que en otras aparecen durante el ejercicio.<\/p>\n<p>El inicio de un episodio de fibrilaci\u00f3n auricular no siempre es claro. En algunos casos, los s\u00edntomas aparecen de forma abrupta, mientras que en otros hay una reducci\u00f3n en la capacidad para hacer ejercicio. En este \u00faltimo caso, es posible que no se sospeche una fibrilaci\u00f3n auricular y puede pasar mucho tiempo antes de que el paciente busque atenci\u00f3n m\u00e9dica.<\/p>\n<p>Por \u00faltimo, es posible que alguien con fibrilaci\u00f3n auricular no presente ning\u00fan s\u00edntoma y que la arritmia se descubra accidentalmente, por ejemplo, durante una revisi\u00f3n m\u00e9dica de rutina o al utilizar un dispositivo port\u00e1til.<\/p>\n<p>La raz\u00f3n por la que algunas personas con fibrilaci\u00f3n auricular experimentan s\u00edntomas, mientras que otras no, no est\u00e1 clara. En muchos pacientes, los s\u00edntomas se limitan a un latido card\u00edaco m\u00e1s r\u00e1pido. Sin embargo, algunos pacientes tienen s\u00edntomas, incluso sin que la frecuencia card\u00edaca sea r\u00e1pida. En otros casos, el coraz\u00f3n late demasiado lentamente durante la fibrilaci\u00f3n auricular, lo que tambi\u00e9n puede causar s\u00edntomas.<\/p>\n<p>Los episodios de fibrilaci\u00f3n auricular pueden desaparecer sin tratamiento, sin embargo, debe hablar con su m\u00e9dico sobre qu\u00e9 hacer si se produce un episodio. Si presenta s\u00edntomas desagradables que le hagan sentir muy mal (como n\u00e1useas, <a href=\"https:\/\/www.afibmatters.org\/es\/que-debo-saber\/que-se-siente-al-tener-fibrilacion-auricular\/dolor-toracico\/\">dolor de pecho<\/a>, <a href=\"https:\/\/www.afibmatters.org\/es\/que-debo-saber\/que-se-siente-al-tener-fibrilacion-auricular\/mareos-aturdimiento-y-desmayos\/\">desmayos<\/a>, etc.), debe recibir atenci\u00f3n m\u00e9dica de inmediato en un hospital.<\/p>\n<p>&nbsp;<\/p>\n","protected":false},"excerpt":{"rendered":"<p>Lo que se siente al tener la fibrilaci\u00f3n auricular var\u00eda de una persona a otra. Algunos pacientes notan palpitaciones y latidos card\u00edacos irregulares y se dan cuenta inmediatamente de cu\u00e1ndo comienza la fibrilaci\u00f3n auricular. Otros sienten malestar en el pecho, falta de aliento, aturdimiento, mareos o cansancio general, sin tener palpitaciones. En algunas personas los [&hellip;]<\/p>\n","protected":false},"author":1,"featured_media":0,"parent":1431,"menu_order":9,"comment_status":"closed","ping_status":"closed","template":"","meta":{"_acf_changed":false,"footnotes":""},"categories":[55],"tags":[],"class_list":["post-1439","page","type-page","status-publish","hentry","category-que-debo-saber"],"acf":[],"_links":{"self":[{"href":"https:\/\/www.afibmatters.org\/es\/wp-json\/wp\/v2\/pages\/1439","targetHints":{"allow":["GET"]}}],"collection":[{"href":"https:\/\/www.afibmatters.org\/es\/wp-json\/wp\/v2\/pages"}],"about":[{"href":"https:\/\/www.afibmatters.org\/es\/wp-json\/wp\/v2\/types\/page"}],"author":[{"embeddable":true,"href":"https:\/\/www.afibmatters.org\/es\/wp-json\/wp\/v2\/users\/1"}],"replies":[{"embeddable":true,"href":"https:\/\/www.afibmatters.org\/es\/wp-json\/wp\/v2\/comments?post=1439"}],"version-history":[{"count":3,"href":"https:\/\/www.afibmatters.org\/es\/wp-json\/wp\/v2\/pages\/1439\/revisions"}],"predecessor-version":[{"id":6594,"href":"https:\/\/www.afibmatters.org\/es\/wp-json\/wp\/v2\/pages\/1439\/revisions\/6594"}],"up":[{"embeddable":true,"href":"https:\/\/www.afibmatters.org\/es\/wp-json\/wp\/v2\/pages\/1431"}],"wp:attachment":[{"href":"https:\/\/www.afibmatters.org\/es\/wp-json\/wp\/v2\/media?parent=1439"}],"wp:term":[{"taxonomy":"category","embeddable":true,"href":"https:\/\/www.afibmatters.org\/es\/wp-json\/wp\/v2\/categories?post=1439"},{"taxonomy":"post_tag","embeddable":true,"href":"https:\/\/www.afibmatters.org\/es\/wp-json\/wp\/v2\/tags?post=1439"}],"curies":[{"name":"wp","href":"https:\/\/api.w.org\/{rel}","templated":true}]}}