{"id":1398,"date":"2020-03-03T11:56:35","date_gmt":"2020-03-03T11:56:35","guid":{"rendered":"https:\/\/www.afibmatters.org\/que-es-la-fibrilacion-auricular\/los-distintos-tipos-de-fibrilacion-auricular\/"},"modified":"2022-01-26T15:42:33","modified_gmt":"2022-01-26T15:42:33","slug":"los-distintos-tipos-de-fibrilacion-auricular","status":"publish","type":"page","link":"https:\/\/www.afibmatters.org\/es\/que-es-la-fibrilacion-auricular\/los-distintos-tipos-de-fibrilacion-auricular\/","title":{"rendered":"Los distintos tipos de fibrilaci\u00f3n auricular"},"content":{"rendered":"<p><img loading=\"lazy\" decoding=\"async\" class=\"aligncenter wp-image-5530\" src=\"https:\/\/cdn-endpoint-afib.azureedge.net\/afibmatters\/2022\/01\/iStock-653030504-Converted-e1576842831897-1024x865-min.jpg?_t=1643211739\" alt=\"\" width=\"400\" height=\"338\" srcset=\"https:\/\/www.afibmatters.org\/wp-content\/uploads\/2022\/01\/iStock-653030504-Converted-e1576842831897-1024x865-min.jpg 1024w, https:\/\/www.afibmatters.org\/wp-content\/uploads\/2022\/01\/iStock-653030504-Converted-e1576842831897-1024x865-min-300x253.jpg 300w, https:\/\/www.afibmatters.org\/wp-content\/uploads\/2022\/01\/iStock-653030504-Converted-e1576842831897-1024x865-min-768x649.jpg 768w, https:\/\/www.afibmatters.org\/wp-content\/uploads\/2022\/01\/iStock-653030504-Converted-e1576842831897-1024x865-min-429x362.jpg 429w\" sizes=\"auto, (max-width: 400px) 100vw, 400px\" \/><\/p>\n<p>&nbsp;<\/p>\n<p>Si la fibrilaci\u00f3n auricular se detiene en poco tiempo o se autolimita, se llama <strong>parox\u00edstica<\/strong>, pero si el episodio es m\u00e1s prolongado y se contin\u00faa, se denomina <strong>persistente<\/strong>. Cuando el ritmo card\u00edaco normal no se puede restaurar, la fibrilaci\u00f3n auricular se denomina <strong>permanente<\/strong>. Estos tipos de fibrilaci\u00f3n auricular responden de manera distinta al tratamiento, por lo que su tratamiento es diferente.<\/p>\n<p>&nbsp;<\/p>\n<table>\n<tbody>\n<tr>\n<th><strong>Parox\u00edstica<\/strong><\/th>\n<td>Episodios de fibrilaci\u00f3n auricular que duran menos de 7 d\u00edas.<\/td>\n<\/tr>\n<tr>\n<th><strong>Persistente<\/strong><\/th>\n<td>Un episodio de fibrilaci\u00f3n auricular que dura m\u00e1s de 7 d\u00edas.<\/td>\n<\/tr>\n<tr>\n<th><strong>Persistente de larga duraci\u00f3n\u00a0<\/strong><\/th>\n<td>Un episodio de fibrilaci\u00f3n auricular que dura m\u00e1s de 1 a\u00f1o.<\/td>\n<\/tr>\n<tr>\n<th><strong>Permanente<\/strong><\/th>\n<td>Cuando no se intenta o no es posible restaurar el ritmo normal.<\/td>\n<\/tr>\n<\/tbody>\n<\/table>\n<p>&nbsp;<\/p>\n<p>&nbsp;<\/p>\n","protected":false},"excerpt":{"rendered":"<p>&nbsp; Si la fibrilaci\u00f3n auricular se detiene en poco tiempo o se autolimita, se llama parox\u00edstica, pero si el episodio es m\u00e1s prolongado y se contin\u00faa, se denomina persistente. Cuando el ritmo card\u00edaco normal no se puede restaurar, la fibrilaci\u00f3n auricular se denomina permanente. Estos tipos de fibrilaci\u00f3n auricular responden de manera distinta al tratamiento, [&hellip;]<\/p>\n","protected":false},"author":1,"featured_media":0,"parent":1390,"menu_order":5,"comment_status":"closed","ping_status":"closed","template":"","meta":{"_acf_changed":false,"footnotes":""},"categories":[43],"tags":[],"class_list":["post-1398","page","type-page","status-publish","hentry","category-que-es-la-fiba"],"acf":[],"_links":{"self":[{"href":"https:\/\/www.afibmatters.org\/es\/wp-json\/wp\/v2\/pages\/1398","targetHints":{"allow":["GET"]}}],"collection":[{"href":"https:\/\/www.afibmatters.org\/es\/wp-json\/wp\/v2\/pages"}],"about":[{"href":"https:\/\/www.afibmatters.org\/es\/wp-json\/wp\/v2\/types\/page"}],"author":[{"embeddable":true,"href":"https:\/\/www.afibmatters.org\/es\/wp-json\/wp\/v2\/users\/1"}],"replies":[{"embeddable":true,"href":"https:\/\/www.afibmatters.org\/es\/wp-json\/wp\/v2\/comments?post=1398"}],"version-history":[{"count":4,"href":"https:\/\/www.afibmatters.org\/es\/wp-json\/wp\/v2\/pages\/1398\/revisions"}],"predecessor-version":[{"id":5895,"href":"https:\/\/www.afibmatters.org\/es\/wp-json\/wp\/v2\/pages\/1398\/revisions\/5895"}],"up":[{"embeddable":true,"href":"https:\/\/www.afibmatters.org\/es\/wp-json\/wp\/v2\/pages\/1390"}],"wp:attachment":[{"href":"https:\/\/www.afibmatters.org\/es\/wp-json\/wp\/v2\/media?parent=1398"}],"wp:term":[{"taxonomy":"category","embeddable":true,"href":"https:\/\/www.afibmatters.org\/es\/wp-json\/wp\/v2\/categories?post=1398"},{"taxonomy":"post_tag","embeddable":true,"href":"https:\/\/www.afibmatters.org\/es\/wp-json\/wp\/v2\/tags?post=1398"}],"curies":[{"name":"wp","href":"https:\/\/api.w.org\/{rel}","templated":true}]}}