{"id":1390,"date":"2020-03-03T11:51:15","date_gmt":"2020-03-03T11:51:15","guid":{"rendered":"https:\/\/www.afibmatters.org\/que-es-la-fibrilacion-auricular\/"},"modified":"2021-08-03T15:03:29","modified_gmt":"2021-08-03T14:03:29","slug":"que-es-la-fibrilacion-auricular","status":"publish","type":"page","link":"https:\/\/www.afibmatters.org\/es\/que-es-la-fibrilacion-auricular\/","title":{"rendered":"\u00bfQu\u00e9 es la fibrilaci\u00f3n auricular?"},"content":{"rendered":"<p>La fibrilaci\u00f3n auricular es un trastorno card\u00edaco que causa un ritmo card\u00edaco irregular y anormalmente r\u00e1pido. Una frecuencia card\u00edaca en reposo normal debe ser regular y con entre 60 y 100 latidos por minuto, pero los pacientes con fibrilaci\u00f3n auricular, a menudo, pueden tener frecuencias card\u00edacas en reposo de 100 a 120 latidos por minuto o incluso m\u00e1s altas.<\/p>\n<p>La fibrilaci\u00f3n auricular es el trastorno del ritmo card\u00edaco m\u00e1s frecuente y afecta a alrededor del 1 % de la poblaci\u00f3n. Si bien es poco frecuente que los j\u00f3venes desarrollen fibrilaci\u00f3n auricular, alrededor del 5\u00a0% de los mayores de 65 a\u00f1os y el 10\u00a0% de los mayores de 80 padecen la afecci\u00f3n.<\/p>\n<h2><\/h2>\n<h2><a href=\"https:\/\/www.afibmatters.org\/es\/que-es-la-fibrilacion-auricular\/el-ritmo-cardiaco-normal-y-la-anatomia\/\">El ritmo card\u00edaco normal<\/a><\/h2>\n<p>Al latir con normalidad, las paredes musculares del coraz\u00f3n se tensan y contraen para expulsar la sangre del coraz\u00f3n e impulsarla por todo el cuerpo. A continuaci\u00f3n, los m\u00fasculos se relajan, el coraz\u00f3n puede llenarse de sangre de nuevo y el proceso se repite cada vez que el coraz\u00f3n late.<\/p>\n<p>&nbsp;<\/p>\n<h2><a href=\"https:\/\/www.afibmatters.org\/es\/que-es-la-fibrilacion-auricular\/el-corazon-durante-la-fibrilacion-auricular\/\">C\u00f3mo afecta la fibrilaci\u00f3n auricular al coraz\u00f3n<\/a><\/h2>\n<p>La fibrilaci\u00f3n auricular aparece cuando los impulsos el\u00e9ctricos anormales, de repente, comienzan a producirse en las c\u00e1maras superiores del coraz\u00f3n (aur\u00edculas). Esto hace que las aur\u00edculas se contraigan de forma err\u00e1tica y, a veces, demasiado r\u00e1pido para que el m\u00fasculo card\u00edaco se relaje adecuadamente entre contracciones, lo que reduce el rendimiento y la eficiencia del coraz\u00f3n.<\/p>\n<p>Las causas de la fibrilaci\u00f3n auricular no se conocen por completo y, aunque por lo general no es potencialmente mortal en s\u00ed misma, en algunas personas es una afecci\u00f3n m\u00e9dica grave que puede requerir tratamiento urgente. Una de las razones es que aumenta la probabilidad de desarrollar co\u00e1gulos de sangre dentro de las c\u00e1maras superiores del coraz\u00f3n que pueden ser bombeados a otros \u00f3rganos. Si estos co\u00e1gulos bloquean las arterias en otros \u00f3rganos, como el cerebro, detienen el suministro de sangre y ox\u00edgeno y pueden causar da\u00f1os graves, como un accidente cerebrovascular.<\/p>\n<p>&nbsp;<\/p>\n<h2><a href=\"https:\/\/www.afibmatters.org\/es\/que-es-la-fibrilacion-auricular\/los-distintos-tipos-de-fibrilacion-auricular\/\">Tipos de fibrilaci\u00f3n auricular<\/a><\/h2>\n<p>La fibrilaci\u00f3n auricular se puede definir de diferentes maneras, dependiendo de la frecuencia y la duraci\u00f3n de los episodios. La fibrilaci\u00f3n auricular parox\u00edstica describe episodios que van y vienen y que, por lo general, duran menos de siete d\u00edas. De hecho, en muchas personas duran minutos u horas. Los episodios de fibrilaci\u00f3n auricular persistente duran m\u00e1s de siete d\u00edas en modo persistente y de larga duraci\u00f3n, que consiste en padecer fibrilaci\u00f3n auricular continua durante un a\u00f1o o m\u00e1s. La fibrilaci\u00f3n auricular permanente son casos en los que se acepta que la fibrilaci\u00f3n auricular ser\u00e1 permanente y no se har\u00e1 nada para evitarla o tratar de devolver el coraz\u00f3n a su ritmo normal.<\/p>\n<p>&nbsp;<\/p>\n<h2>Signos y s\u00edntomas de la fibrilaci\u00f3n auricular<\/h2>\n<p>Los s\u00edntomas de la fibrilaci\u00f3n auricular incluyen palpitaciones card\u00edacas, aturdimiento, mareos, dificultades para respirar y fatiga. Las palpitaciones son los latidos card\u00edacos que las personas \u00abnotan\u00bb de una manera desagradable y en la fibrilaci\u00f3n auricular se trata de una sensaci\u00f3n de aleteo o de un latido irregular y ca\u00f3tico. Otros s\u00edntomas incluyen opresi\u00f3n en el pecho, sensaci\u00f3n de congesti\u00f3n o una sensaci\u00f3n de aletargamiento generalizada.<\/p>\n<p>&nbsp;<\/p>\n<h2>Complicaciones de la fibrilaci\u00f3n auricular<\/h2>\n<p>Muchas personas con fibrilaci\u00f3n auricular no son conscientes de que la padecen, ya que es posible que no presente ning\u00fan s\u00edntoma. Sin embargo, la ausencia de s\u00edntomas no significa que el riesgo de padecer co\u00e1gulos de sangre y accidentes cerebrovasculares sea menor. Los pacientes con fibrilaci\u00f3n auricular tienen de 4 a 5 veces m\u00e1s probabilidades de sufrir un accidente cerebrovascular que aquellos que no la padecen; de hecho, el accidente cerebrovascular suele producirse en personas que no saben que padecen la enfermedad ni toman medicaci\u00f3n para ello.<\/p>\n<p>Adem\u00e1s, si la frecuencia card\u00edaca es muy r\u00e1pida durante muchas semanas, puede debilitar el m\u00fasculo card\u00edaco y causar insuficiencia card\u00edaca, una afecci\u00f3n en la que el coraz\u00f3n no puede hacer circular la sangre necesaria para satisfacer las necesidades del organismo.<\/p>\n<p>Esta secci\u00f3n del sitio web proporciona informaci\u00f3n detallada sobre la anatom\u00eda del coraz\u00f3n, c\u00f3mo la fibrilaci\u00f3n auricular le afecta forma negativa e informaci\u00f3n sobre los diferentes tipos de fibrilaci\u00f3n auricular y el grado en que cada tipo afecta a los pacientes.<\/p>\n<p>&nbsp;<\/p>\n","protected":false},"excerpt":{"rendered":"<p>La fibrilaci\u00f3n auricular es un trastorno card\u00edaco que causa un ritmo card\u00edaco irregular y anormalmente r\u00e1pido. Una frecuencia card\u00edaca en reposo normal debe ser regular y con entre 60 y 100 latidos por minuto, pero los pacientes con fibrilaci\u00f3n auricular, a menudo, pueden tener frecuencias card\u00edacas en reposo de 100 a 120 latidos por minuto [&hellip;]<\/p>\n","protected":false},"author":1,"featured_media":904,"parent":0,"menu_order":2,"comment_status":"closed","ping_status":"closed","template":"templates\/parent.php","meta":{"_acf_changed":false,"footnotes":""},"categories":[43],"tags":[],"class_list":["post-1390","page","type-page","status-publish","has-post-thumbnail","hentry","category-que-es-la-fiba"],"acf":[],"_links":{"self":[{"href":"https:\/\/www.afibmatters.org\/es\/wp-json\/wp\/v2\/pages\/1390","targetHints":{"allow":["GET"]}}],"collection":[{"href":"https:\/\/www.afibmatters.org\/es\/wp-json\/wp\/v2\/pages"}],"about":[{"href":"https:\/\/www.afibmatters.org\/es\/wp-json\/wp\/v2\/types\/page"}],"author":[{"embeddable":true,"href":"https:\/\/www.afibmatters.org\/es\/wp-json\/wp\/v2\/users\/1"}],"replies":[{"embeddable":true,"href":"https:\/\/www.afibmatters.org\/es\/wp-json\/wp\/v2\/comments?post=1390"}],"version-history":[{"count":4,"href":"https:\/\/www.afibmatters.org\/es\/wp-json\/wp\/v2\/pages\/1390\/revisions"}],"predecessor-version":[{"id":4922,"href":"https:\/\/www.afibmatters.org\/es\/wp-json\/wp\/v2\/pages\/1390\/revisions\/4922"}],"wp:featuredmedia":[{"embeddable":true,"href":"https:\/\/www.afibmatters.org\/es\/wp-json\/wp\/v2\/media\/904"}],"wp:attachment":[{"href":"https:\/\/www.afibmatters.org\/es\/wp-json\/wp\/v2\/media?parent=1390"}],"wp:term":[{"taxonomy":"category","embeddable":true,"href":"https:\/\/www.afibmatters.org\/es\/wp-json\/wp\/v2\/categories?post=1390"},{"taxonomy":"post_tag","embeddable":true,"href":"https:\/\/www.afibmatters.org\/es\/wp-json\/wp\/v2\/tags?post=1390"}],"curies":[{"name":"wp","href":"https:\/\/api.w.org\/{rel}","templated":true}]}}