{"id":6697,"date":"2022-03-24T10:49:58","date_gmt":"2022-03-24T10:49:58","guid":{"rendered":"https:\/\/www.afibmatters.org\/was-kann-ich-tun\/wie-sollte-ich-mein-leben-aendern\/rauchen\/"},"modified":"2022-03-24T10:49:58","modified_gmt":"2022-03-24T10:49:58","slug":"rauchen","status":"publish","type":"page","link":"https:\/\/www.afibmatters.org\/de\/was-kann-ich-tun\/wie-sollte-ich-mein-leben-aendern\/rauchen\/","title":{"rendered":"Rauchen"},"content":{"rendered":"<h3><img loading=\"lazy\" decoding=\"async\" class=\"alignnone wp-image-6429 size-full\" src=\"https:\/\/cdn-endpoint-afib.azureedge.net\/afibmatters\/2022\/03\/shutterstock_1252774594-1-min.jpg?_t=1646320517\" alt=\"\" width=\"900\" height=\"600\" srcset=\"https:\/\/cdn-endpoint-afib.azureedge.net\/afibmatters\/2022\/03\/shutterstock_1252774594-1-min.jpg 900w, https:\/\/cdn-endpoint-afib.azureedge.net\/afibmatters\/2022\/03\/shutterstock_1252774594-1-min-300x200.jpg 300w, https:\/\/cdn-endpoint-afib.azureedge.net\/afibmatters\/2022\/03\/shutterstock_1252774594-1-min-768x512.jpg 768w, https:\/\/cdn-endpoint-afib.azureedge.net\/afibmatters\/2022\/03\/shutterstock_1252774594-1-min-500x333.jpg 500w\" sizes=\"auto, (max-width: 900px) 100vw, 900px\" \/><\/h3>\n<h3>Tabakzigarette<\/h3>\n<p>Rauchen ist der wichtigste vermeidbare Gesundheitsrisikofaktor f\u00fcr Herzkrankheiten. Es verursacht Atherosklerose (Gef\u00e4\u00dfverkalkung) und Verengungen der Herzkranzgef\u00e4\u00dfe, die schlie\u00dflich zu Herzinfarkten und pl\u00f6tzlichem Herztod f\u00fchren.<\/p>\n<p>Dar\u00fcber hinaus ist das Rauchen f\u00fcr 27 % aller Krebserkrankungen verantwortlich und steht in direktem Zusammenhang mit 700.000 vorzeitigen Todesf\u00e4llen in Europa pro Jahr. In den meisten europ\u00e4ischen L\u00e4ndern hat die Zahl der Raucher in den letzten Jahrzehnten stagniert oder abgenommen. Im Jahr 2020 waren jedoch 25 % der europ\u00e4ischen Gesamtbev\u00f6lkerung und bis zu 29 % der 15- bis 24-J\u00e4hrigen Raucher.<\/p>\n<p>Heutzutage muss niemand mehr von diesen negativen Auswirkungen des Rauchens \u00fcberzeugt werden. In der Allgemeinbev\u00f6lkerung weniger bekannt ist, dass Raucher ein deutlich erh\u00f6htes Risiko f\u00fcr Vorhofflimmern haben. Im Gegensatz zur Entwicklung von Gef\u00e4\u00dfkrankheiten ist der Mechanismus, durch den das Rauchen f\u00fcr dieses Ph\u00e4nomen verantwortlich ist, weniger gut bekannt. Fest steht jedoch, dass Raucher im Vergleich zu Nichtrauchern ein 1,5- bis 2-fach h\u00f6heres Risiko haben, im Laufe ihres Lebens Vorhofflimmern zu entwickeln.<\/p>\n<p>Das Risiko steigt mit der Menge des Rauchens und der Anzahl der Jahre, in denen geraucht wird. Wenn man mit dem Rauchen aufh\u00f6rt, sinkt das Risiko, aber es bleibt immer noch deutlich h\u00f6her als bei Personen, die nie geraucht haben. Die eigentliche Botschaft lautet also: <strong>Niemals mit dem Rauchen anfangen! <\/strong> <\/p>\n<p>Dar\u00fcber hinaus tr\u00e4gt das Rauchen zu Erkrankungen bei, die das Risiko f\u00fcr Vorhofflimmern erh\u00f6hen, wie z. B. bestimmte Lungenerkrankungen (z. B. COPD \u2013 Chronisch obstruktive Lungenerkrankung), Schlafapnoe, isch\u00e4mische Herzerkrankungen und Herzinsuffizienz.<\/p>\n<p>Die Behandlung dieser Risikofaktoren ist Teil der Behandlung von Vorhofflimmern. Die Raucherentw\u00f6hnung wirkt sich positiv auf diese Risikofaktoren und damit indirekt auch auf die Pr\u00e4vention von Vorhofflimmern aus.<\/p>\n<p>Auch Passivrauchen erh\u00f6ht bekannterma\u00dfen das Risiko f\u00fcr Vorhofflimmern. Das Risiko erh\u00f6ht sich erheblich, insbesondere wenn die Exposition in j\u00fcngeren Jahren erfolgt. Das Passivrauchen w\u00e4hrend der Schwangerschaft und in der Kindheit ist mit einem um bis zu 40 % erh\u00f6hten Risiko f\u00fcr Vorhofflimmern verbunden.<\/p>\n<p>&nbsp;<\/p>\n<h3>E-Zigarette<\/h3>\n<p>Seit 2007 ist die Zahl der Raucher von E-Zigaretten deutlich gestiegen. Diese Art des Rauchens soll den Menschen helfen, mit dem Rauchen vollst\u00e4ndig aufzuh\u00f6ren, und sie gilt als sicherer als die klassische Tabakzigarette. Diese Ger\u00e4te enthalten keine typischen Verbrennungsprodukte, wie das sch\u00e4dliche Kohlenmonoxid und viele wichtige krebserregende Stoffe.<\/p>\n<p>Gro\u00dfe Studien stehen jedoch noch aus, die die langfristigen Auswirkungen der E-Zigarette auf die kardiovaskul\u00e4re Gesundheit, einschlie\u00dflich eines m\u00f6glichen erh\u00f6hten Risikos von Vorhofflimmern, untersuchen.<\/p>\n<p>In der Literatur sind einige wenige F\u00e4lle beschrieben worden, in denen der Gebrauch der elektronischen Zigarette mit dem Auftreten von Vorhofflimmern in Verbindung gebracht werden kann. Die Datenlage ist jedoch noch begrenzt, und es konnte noch nicht nachgewiesen werden, ob dieses m\u00f6glicherweise erh\u00f6hte Risiko mit Nikotin oder mit anderen Abgasen aus der E-Zigarette zusammenh\u00e4ngt.<\/p>\n<p>Viele Emissionen, die bei der elektronischen Zigarette durch das Erhitzen der Kombination aus Wasser, Aromastoffen, L\u00f6sungsmitteln und Nikotin entstehen, sind noch nicht untersucht worden.<\/p>\n<p>&nbsp;<\/p>\n<h3>Nikotinersatztherapie<\/h3>\n<p>Nikotin ist die bisher am besten untersuchte Komponente. Der Zusammenhang zwischen Nikotin und Vorhofflimmern ist jedoch noch unklar. Es gibt einige Kurzzeitstudien zur Nikotinersatztherapie, z. B. mit Nikotinpflastern. Dies scheint jedoch nicht auf ein deutlich erh\u00f6htes Risiko f\u00fcr die Entwicklung von Vorhofflimmern hinzuweisen.<\/p>\n","protected":false},"excerpt":{"rendered":"<p>Tabakzigarette Rauchen ist der wichtigste vermeidbare Gesundheitsrisikofaktor f\u00fcr Herzkrankheiten. Es verursacht Atherosklerose (Gef\u00e4\u00dfverkalkung) und Verengungen der Herzkranzgef\u00e4\u00dfe, die schlie\u00dflich zu Herzinfarkten und pl\u00f6tzlichem Herztod f\u00fchren. Dar\u00fcber hinaus ist das Rauchen f\u00fcr 27 % aller Krebserkrankungen verantwortlich und steht in direktem Zusammenhang mit 700.000 vorzeitigen Todesf\u00e4llen in Europa pro Jahr. In den meisten europ\u00e4ischen L\u00e4ndern hat [&hellip;]<\/p>\n","protected":false},"author":1,"featured_media":0,"parent":1549,"menu_order":9,"comment_status":"closed","ping_status":"closed","template":"","meta":{"_acf_changed":false,"footnotes":""},"categories":[63],"tags":[],"class_list":["post-6697","page","type-page","status-publish","hentry","category-was-kann-ich-tun"],"acf":[],"_links":{"self":[{"href":"https:\/\/www.afibmatters.org\/de\/wp-json\/wp\/v2\/pages\/6697","targetHints":{"allow":["GET"]}}],"collection":[{"href":"https:\/\/www.afibmatters.org\/de\/wp-json\/wp\/v2\/pages"}],"about":[{"href":"https:\/\/www.afibmatters.org\/de\/wp-json\/wp\/v2\/types\/page"}],"author":[{"embeddable":true,"href":"https:\/\/www.afibmatters.org\/de\/wp-json\/wp\/v2\/users\/1"}],"replies":[{"embeddable":true,"href":"https:\/\/www.afibmatters.org\/de\/wp-json\/wp\/v2\/comments?post=6697"}],"version-history":[{"count":0,"href":"https:\/\/www.afibmatters.org\/de\/wp-json\/wp\/v2\/pages\/6697\/revisions"}],"up":[{"embeddable":true,"href":"https:\/\/www.afibmatters.org\/de\/wp-json\/wp\/v2\/pages\/1549"}],"wp:attachment":[{"href":"https:\/\/www.afibmatters.org\/de\/wp-json\/wp\/v2\/media?parent=6697"}],"wp:term":[{"taxonomy":"category","embeddable":true,"href":"https:\/\/www.afibmatters.org\/de\/wp-json\/wp\/v2\/categories?post=6697"},{"taxonomy":"post_tag","embeddable":true,"href":"https:\/\/www.afibmatters.org\/de\/wp-json\/wp\/v2\/tags?post=6697"}],"curies":[{"name":"wp","href":"https:\/\/api.w.org\/{rel}","templated":true}]}}