{"id":6689,"date":"2022-03-24T10:49:45","date_gmt":"2022-03-24T10:49:45","guid":{"rendered":"https:\/\/www.afibmatters.org\/was-kann-ich-tun\/wie-sollte-ich-mein-leben-aendern\/alkohol\/"},"modified":"2022-03-24T10:49:45","modified_gmt":"2022-03-24T10:49:45","slug":"alkohol","status":"publish","type":"page","link":"https:\/\/www.afibmatters.org\/de\/was-kann-ich-tun\/wie-sollte-ich-mein-leben-aendern\/alkohol\/","title":{"rendered":"Alkohol"},"content":{"rendered":"<p><img loading=\"lazy\" decoding=\"async\" class=\"alignnone wp-image-6400 size-full\" src=\"https:\/\/cdn-endpoint-afib.azureedge.net\/afibmatters\/2022\/03\/shutterstock_1671285592-1-min.jpg?_t=1646320271\" alt=\"\" width=\"900\" height=\"450\" srcset=\"https:\/\/cdn-endpoint-afib.azureedge.net\/afibmatters\/2022\/03\/shutterstock_1671285592-1-min.jpg 900w, https:\/\/cdn-endpoint-afib.azureedge.net\/afibmatters\/2022\/03\/shutterstock_1671285592-1-min-300x150.jpg 300w, https:\/\/cdn-endpoint-afib.azureedge.net\/afibmatters\/2022\/03\/shutterstock_1671285592-1-min-768x384.jpg 768w, https:\/\/cdn-endpoint-afib.azureedge.net\/afibmatters\/2022\/03\/shutterstock_1671285592-1-min-500x250.jpg 500w\" sizes=\"auto, (max-width: 900px) 100vw, 900px\" \/><\/p>\n<p>Viele Menschen trinken gerne Alkohol, um abzuschalten, sei es in Gesellschaft oder zur Entspannung zu Hause. Gelegentlicher oder ma\u00dfvoller Alkoholkonsum geh\u00f6rt f\u00fcr viele Menschen zu ihrem Lebensstil, \u00fcberm\u00e4\u00dfiger Alkoholkonsum ist jedoch \u00e4u\u00dferst sch\u00e4dlich f\u00fcr die allgemeine Gesundheit und das Wohlbefinden.<\/p>\n<p>Welche Auswirkungen hat Alkohol auf Ihr Herz? Alkohol ist eine depressive Droge, was bedeutet, dass er die Kontrolle des Gehirns \u00fcber den K\u00f6rper verlangsamt. H\u00e4ufiger \u00fcberm\u00e4\u00dfiger Alkoholkonsum kann Herzrhythmusst\u00f6rungen, insbesondere Vorhofflimmern, hervorrufen und den Herzmuskel schw\u00e4chen, was zu Herzversagen f\u00fchren kann. Es kann auch Ihren Blutdruck erh\u00f6hen (d. h. Bluthochdruck hervorrufen).<\/p>\n<p>Da Alkohol viel Zucker enth\u00e4lt, kann er au\u00dferdem zu einer Gewichtszunahme f\u00fchren, was wiederum die Arbeitsbelastung f\u00fcr Ihr Herz erh\u00f6ht. Eine Gewichtszunahme kann auch zu Diabetes und anderen Komplikationen f\u00fchren.<br \/>\nWenn bei Ihnen Vorhofflimmern diagnostiziert wurde und Sie zu den Menschen geh\u00f6ren, die gerne ein oder zwei Gl\u00e4schen trinken, sollten Sie vielleicht Ihren Alkoholkonsum anpassen.<\/p>\n<p>&nbsp;<\/p>\n<h3>Verzicht auf Alkohol<\/h3>\n<p>Auch wenn es verlockend sein mag, Alkohol als Bew\u00e4ltigungsmechanismus oder zur Entspannung zu verwenden (vor allem, wenn Sie eine ersch\u00fctternde Nachricht erhalten haben), w\u00e4re es weitaus besser, einen anderen Weg zu finden, um sich zu entspannen und abzuschalten. Zum Beispiel durch tiefe Atem\u00fcbungen, Stretching, Yoga oder Pilates.<\/p>\n<p>Wenn Sie sich dazu in der Lage f\u00fchlen, ist es am besten, auf Alkohol zu verzichten, w\u00e4hrend Ihre Herzerkrankung behandelt wird. Wenn Sie sich dazu nicht in der Lage f\u00fchlen, sollten Sie zumindest versuchen, Ihren Alkoholkonsum zu reduzieren.<\/p>\n<p>Wenn Sie den Geschmack von Alkohol oder das Ritual \u201eein Glas zur Entspannung zu trinken\u201c vermissen, warum probieren Sie dann nicht einige Alternativen zu Ihrem \u00fcblichen Getr\u00e4nk, wie alkoholfreies Bier bzw. Wein oder \u201eMocktails\u201c?<\/p>\n<p>In vielen Superm\u00e4rkten gibt es inzwischen eine gro\u00dfe Auswahl an alkoholfreien Getr\u00e4nken, und im Internet finden Sie eine Vielzahl k\u00f6stlicher Rezepte f\u00fcr Mocktails (d.h. alkoholfreie Cocktails). Wenn es Ihnen schwer f\u00e4llt, auf Alkohol zu verzichten, und Sie mit anderen Menschen zusammenleben, z. B. mit Ihrem Partner, engen Freunden oder Ihrer Familie, k\u00f6nnen Sie sie bitten, Sie zu unterst\u00fctzen, indem sie mit Ihnen zusammen den Alkoholkonsum f\u00fcr eine Weile aufgeben oder reduzieren. Sie k\u00f6nnen auch mit Ihrem Hausarzt \u00fcber Dienste in Ihrer Umgebung sprechen, die Sie beim Aufh\u00f6ren mit dem Trinken unterst\u00fctzen.<\/p>\n<p>Wenn Ihre Herzrhythmusst\u00f6rungen durch Medikamente oder durch Verfahren, die als Kardioversion oder Ablation bekannt sind, behoben werden k\u00f6nnen, k\u00f6nnen Sie weiterhin in Ma\u00dfen oder gar nicht trinken.<\/p>\n<p>Um mehr \u00fcber diese Verfahren zu erfahren, klicken Sie auf den Link zu den folgenden Seiten:<\/p>\n<ul>\n<li><a href=\"https:\/\/www.afibmatters.org\/what-can-my-doctor-do\/what-is-a-cardioversion\/\">\u201eWas ist eine Kardioversion?\u201c<\/a><\/li>\n<li><a href=\"https:\/\/www.afibmatters.org\/what-can-my-doctor-do\/atrial-fibrillation-ablation\/\">\u201eWas ist eine Ablation?\u201c<\/a><\/li>\n<\/ul>\n<p>&nbsp;<\/p>\n<h3>Hinweise zum Alkoholkonsum<\/h3>\n<p>Nach den aktuellen medizinischen Empfehlungen sollten sowohl M\u00e4nner als auch Frauen nicht mehr als 14 Einheiten Alkohol pro Woche trinken (etwa 6 Liter Bier mit mittlerem Alkoholgehalt, 10 kleine Gl\u00e4ser Wein mit niedrigem Alkoholgehalt oder 14 Gl\u00e4ser Spirituosen).<\/p>\n<p>Wenn Sie weiterhin trinken m\u00f6chten, sobald Ihre Herzerkrankung behoben oder unter Kontrolle ist, sollten Sie dies verantwortungsbewusst und im Rahmen einer gesunden, ausgewogenen Ern\u00e4hrung und eines aktiven Lebensstils tun.<\/p>\n<p>In den meisten F\u00e4llen m\u00fcssen Patienten mit Vorhofflimmern ein Blutverd\u00fcnnungsmittel (oder Antikoagulans) einnehmen, um einen Schlaganfall zu verhindern. Wenn Ihnen ein blutverd\u00fcnnendes Medikament wie Warfarin, Heparin, Apixaban, Dabigatran, Edoxaban oder Rivaroxaban zur Behandlung von Vorhofflimmern verschrieben wurde, wird Ihnen Ihr Arzt m\u00f6glicherweise auch raten, Ihren Alkoholkonsum zu reduzieren oder ganz aufzugeben.<\/p>\n<p>Das liegt daran, dass Alkohol Wechselwirkungen mit blutgerinnungshemmenden Medikamenten hervorruft, so dass diese weniger oder gar nicht mehr wirken. Der Konsum von Alkohol kann auch dazu f\u00fchren, dass Ihr K\u00f6rper weniger Blutpl\u00e4ttchen (die Blutzellen, die die Blutgerinnung erm\u00f6glichen) produziert, wodurch die gerinnungshemmende Wirkung von Warfarin verst\u00e4rkt wird, was zu einem erh\u00f6hten Risiko f\u00fcr innere oder \u00e4u\u00dfere Blutungen f\u00fchrt.<\/p>\n","protected":false},"excerpt":{"rendered":"<p>Viele Menschen trinken gerne Alkohol, um abzuschalten, sei es in Gesellschaft oder zur Entspannung zu Hause. Gelegentlicher oder ma\u00dfvoller Alkoholkonsum geh\u00f6rt f\u00fcr viele Menschen zu ihrem Lebensstil, \u00fcberm\u00e4\u00dfiger Alkoholkonsum ist jedoch \u00e4u\u00dferst sch\u00e4dlich f\u00fcr die allgemeine Gesundheit und das Wohlbefinden. Welche Auswirkungen hat Alkohol auf Ihr Herz? Alkohol ist eine depressive Droge, was bedeutet, dass [&hellip;]<\/p>\n","protected":false},"author":1,"featured_media":0,"parent":1549,"menu_order":7,"comment_status":"closed","ping_status":"closed","template":"","meta":{"_acf_changed":false,"footnotes":""},"categories":[63],"tags":[],"class_list":["post-6689","page","type-page","status-publish","hentry","category-was-kann-ich-tun"],"acf":[],"_links":{"self":[{"href":"https:\/\/www.afibmatters.org\/de\/wp-json\/wp\/v2\/pages\/6689","targetHints":{"allow":["GET"]}}],"collection":[{"href":"https:\/\/www.afibmatters.org\/de\/wp-json\/wp\/v2\/pages"}],"about":[{"href":"https:\/\/www.afibmatters.org\/de\/wp-json\/wp\/v2\/types\/page"}],"author":[{"embeddable":true,"href":"https:\/\/www.afibmatters.org\/de\/wp-json\/wp\/v2\/users\/1"}],"replies":[{"embeddable":true,"href":"https:\/\/www.afibmatters.org\/de\/wp-json\/wp\/v2\/comments?post=6689"}],"version-history":[{"count":0,"href":"https:\/\/www.afibmatters.org\/de\/wp-json\/wp\/v2\/pages\/6689\/revisions"}],"up":[{"embeddable":true,"href":"https:\/\/www.afibmatters.org\/de\/wp-json\/wp\/v2\/pages\/1549"}],"wp:attachment":[{"href":"https:\/\/www.afibmatters.org\/de\/wp-json\/wp\/v2\/media?parent=6689"}],"wp:term":[{"taxonomy":"category","embeddable":true,"href":"https:\/\/www.afibmatters.org\/de\/wp-json\/wp\/v2\/categories?post=6689"},{"taxonomy":"post_tag","embeddable":true,"href":"https:\/\/www.afibmatters.org\/de\/wp-json\/wp\/v2\/tags?post=6689"}],"curies":[{"name":"wp","href":"https:\/\/api.w.org\/{rel}","templated":true}]}}