{"id":6656,"date":"2022-03-24T10:49:14","date_gmt":"2022-03-24T10:49:14","guid":{"rendered":"https:\/\/www.afibmatters.org\/was-muss-ich-wissen\/wie-fuehlt-es-sich-an-vorhofflimmern-zu-haben\/brustschmerzen\/"},"modified":"2022-03-24T10:49:14","modified_gmt":"2022-03-24T10:49:14","slug":"brustschmerzen","status":"publish","type":"page","link":"https:\/\/www.afibmatters.org\/de\/was-muss-ich-wissen\/wie-fuehlt-es-sich-an-vorhofflimmern-zu-haben\/brustschmerzen\/","title":{"rendered":"Brustschmerzen"},"content":{"rendered":"<p><img loading=\"lazy\" decoding=\"async\" class=\"alignnone wp-image-3635 size-large\" src=\"https:\/\/cdn-endpoint-afib.azureedge.net\/afibmatters\/2021\/06\/shutterstock_1720383349-2-1024x667.jpg?_t=1646320234\" alt=\"\" width=\"1024\" height=\"667\" srcset=\"https:\/\/cdn-endpoint-afib.azureedge.net\/afibmatters\/2021\/06\/shutterstock_1720383349-2-1024x667.jpg 1024w, https:\/\/cdn-endpoint-afib.azureedge.net\/afibmatters\/2021\/06\/shutterstock_1720383349-2-300x196.jpg 300w, https:\/\/cdn-endpoint-afib.azureedge.net\/afibmatters\/2021\/06\/shutterstock_1720383349-2-768x501.jpg 768w, https:\/\/cdn-endpoint-afib.azureedge.net\/afibmatters\/2021\/06\/shutterstock_1720383349-2-1536x1001.jpg 1536w, https:\/\/cdn-endpoint-afib.azureedge.net\/afibmatters\/2021\/06\/shutterstock_1720383349-2-2048x1335.jpg 2048w, https:\/\/cdn-endpoint-afib.azureedge.net\/afibmatters\/2021\/06\/shutterstock_1720383349-2-500x326.jpg 500w\" sizes=\"auto, (max-width: 1024px) 100vw, 1024px\" \/><\/p>\n<p>Schmerzen in der Brust, die auf Herzprobleme zur\u00fcckzuf\u00fchren sind, werden von den Patienten typischerweise als dr\u00fcckender oder dumpfer Schmerz in der Brust beschrieben, oder als ob etwas Schweres in der Mitte der Brust platziert wurde. Es kann manchmal in den Kiefer und\/oder in den linken Arm ausstrahlen und wird auch als Angina bezeichnet.<\/p>\n<p>Seltener kann es sich um ein brennendes Gef\u00fchl im oberen Teil des Bauches handeln, das leicht mit Bauchschmerzen oder Verdauungsst\u00f6rungen verwechselt werden kann. Ein stechender oder scharfer Schmerz in der Brust, vor allem wenn er sich beim Ein- und Ausatmen verschlimmert, ist selten auf ein Herzproblem zur\u00fcckzuf\u00fchren.<\/p>\n<p>In den meisten F\u00e4llen sind herzbedingte Brustschmerzen ein Symptom der koronaren Herzkrankheit, bei der die Gef\u00e4\u00dfe, die den Herzmuskel mit Blut versorgen, verengt sind und das Herzgewebe nicht ausreichend mit Sauerstoff versorgt wird. In einem solchen Fall treten die Schmerzen in der Brust zun\u00e4chst und vor allem nach erheblicher Anstrengung auf. Mit der Zeit werden diese durch immer weniger Anstrengung ausgel\u00f6st.<\/p>\n<p>Halten die Schmerzen trotz Ruhe an, kann dies ein Anzeichen f\u00fcr einen Herzinfarkt sein. In diesem Fall ist es notwendig, einen Krankenwagen zu rufen.<\/p>\n<p>Brustschmerzen, die w\u00e4hrend eines Vorhofflimmerns auftreten, haben die gleichen Merkmale. Es tritt jedoch auch w\u00e4hrend Episoden von Vorhofflimmern auf, die nicht durch k\u00f6rperliche Anstrengung ausgel\u00f6st werden. Schmerzen in der Brust k\u00f6nnen das einzige Symptom von Vorhofflimmern sein, aber h\u00e4ufiger ist es mit Herzklopfen, Kurzatmigkeit und dem Gef\u00fchl von Herzrasen verbunden, manchmal sogar mit Schwindelgef\u00fchl und Ohnmacht.<\/p>\n<p>Es kann ein sehr unangenehmes Gef\u00fchl sein, und Sie sollten sich dringend in \u00e4rztliche Behandlung begeben, am besten durch Rufen eines Krankenwagens. Wenn die Brustschmerzen schubweise auftreten und nicht mit anderen Symptomen einhergehen, sollten Sie Ihren Hausarzt aufsuchen. M\u00f6glicherweise r\u00e4t man Ihnen, ein EKG (Elektrokardiogramm) oder ein Holter-Tape (auch bekannt als 24-Stunden-Tape\/ECG) zu machen.<\/p>\n<p>Bei rechtzeitiger Behandlung kann Vorhofflimmern h\u00e4ufig mit Medikamenten unter Kontrolle gebracht und in vielen F\u00e4llen durch medizinische Verfahren, die als Kardioversion und Ablation bekannt sind, vor\u00fcbergehend oder dauerhaft beseitigt werden. Die meisten Patienten kommen f\u00fcr diese Behandlung in Frage. Es gibt jedoch bestimmte Umst\u00e4nde oder Komorbidit\u00e4ten, die solche Versuche aussichtslos machen w\u00fcrden und daher im Allgemeinen vermieden werden.<\/p>\n<p>Um mehr \u00fcber diese Verfahren zu erfahren, klicken Sie auf den Link zu den folgenden Seiten: <a href=\"https:\/\/www.afibmatters.org\/what-can-my-doctor-do\/what-is-a-cardioversion\/\">\u201eWas ist eine Kardioversion?\u201c<\/a> und <a href=\"https:\/\/www.afibmatters.org\/what-can-my-doctor-do\/atrial-fibrillation-ablation\/\">\u201eWas ist eine Ablation?\u201c<\/a>.<\/p>\n","protected":false},"excerpt":{"rendered":"<p>Schmerzen in der Brust, die auf Herzprobleme zur\u00fcckzuf\u00fchren sind, werden von den Patienten typischerweise als dr\u00fcckender oder dumpfer Schmerz in der Brust beschrieben, oder als ob etwas Schweres in der Mitte der Brust platziert wurde. Es kann manchmal in den Kiefer und\/oder in den linken Arm ausstrahlen und wird auch als Angina bezeichnet. Seltener kann [&hellip;]<\/p>\n","protected":false},"author":1,"featured_media":0,"parent":1443,"menu_order":5,"comment_status":"closed","ping_status":"closed","template":"","meta":{"_acf_changed":false,"footnotes":""},"categories":[50],"tags":[],"class_list":["post-6656","page","type-page","status-publish","hentry","category-was-muss-ich-wissen"],"acf":[],"_links":{"self":[{"href":"https:\/\/www.afibmatters.org\/de\/wp-json\/wp\/v2\/pages\/6656","targetHints":{"allow":["GET"]}}],"collection":[{"href":"https:\/\/www.afibmatters.org\/de\/wp-json\/wp\/v2\/pages"}],"about":[{"href":"https:\/\/www.afibmatters.org\/de\/wp-json\/wp\/v2\/types\/page"}],"author":[{"embeddable":true,"href":"https:\/\/www.afibmatters.org\/de\/wp-json\/wp\/v2\/users\/1"}],"replies":[{"embeddable":true,"href":"https:\/\/www.afibmatters.org\/de\/wp-json\/wp\/v2\/comments?post=6656"}],"version-history":[{"count":0,"href":"https:\/\/www.afibmatters.org\/de\/wp-json\/wp\/v2\/pages\/6656\/revisions"}],"up":[{"embeddable":true,"href":"https:\/\/www.afibmatters.org\/de\/wp-json\/wp\/v2\/pages\/1443"}],"wp:attachment":[{"href":"https:\/\/www.afibmatters.org\/de\/wp-json\/wp\/v2\/media?parent=6656"}],"wp:term":[{"taxonomy":"category","embeddable":true,"href":"https:\/\/www.afibmatters.org\/de\/wp-json\/wp\/v2\/categories?post=6656"},{"taxonomy":"post_tag","embeddable":true,"href":"https:\/\/www.afibmatters.org\/de\/wp-json\/wp\/v2\/tags?post=6656"}],"curies":[{"name":"wp","href":"https:\/\/api.w.org\/{rel}","templated":true}]}}