{"id":6643,"date":"2022-03-24T10:49:03","date_gmt":"2022-03-24T10:49:03","guid":{"rendered":"https:\/\/www.afibmatters.org\/was-muss-ich-wissen\/wie-fuehlt-es-sich-an-vorhofflimmern-zu-haben\/ermuedung\/"},"modified":"2022-03-24T10:49:03","modified_gmt":"2022-03-24T10:49:03","slug":"ermuedung","status":"publish","type":"page","link":"https:\/\/www.afibmatters.org\/de\/was-muss-ich-wissen\/wie-fuehlt-es-sich-an-vorhofflimmern-zu-haben\/ermuedung\/","title":{"rendered":"Erm\u00fcdung"},"content":{"rendered":"<p><img loading=\"lazy\" decoding=\"async\" class=\"alignnone wp-image-6357 size-full\" src=\"https:\/\/cdn-endpoint-afib.azureedge.net\/afibmatters\/2022\/03\/shutterstock_1018438789-1-min.jpg?_t=1646320214\" alt=\"\" width=\"900\" height=\"600\" srcset=\"https:\/\/cdn-endpoint-afib.azureedge.net\/afibmatters\/2022\/03\/shutterstock_1018438789-1-min.jpg 900w, https:\/\/cdn-endpoint-afib.azureedge.net\/afibmatters\/2022\/03\/shutterstock_1018438789-1-min-300x200.jpg 300w, https:\/\/cdn-endpoint-afib.azureedge.net\/afibmatters\/2022\/03\/shutterstock_1018438789-1-min-768x512.jpg 768w, https:\/\/cdn-endpoint-afib.azureedge.net\/afibmatters\/2022\/03\/shutterstock_1018438789-1-min-500x333.jpg 500w\" sizes=\"auto, (max-width: 900px) 100vw, 900px\" \/><\/p>\n<p>Eines der Symptome von Vorhofflimmern ist M\u00fcdigkeit. Sicherlich ist es normal, sich von Zeit zu Zeit m\u00fcde zu f\u00fchlen. Wenn Sie sich jedoch st\u00e4ndig ersch\u00f6pft oder m\u00fcde f\u00fchlen, entweder pl\u00f6tzlich oder anhaltend, dann ist eine weitere Untersuchung erforderlich.<\/p>\n<p>M\u00fcdigkeit, Ersch\u00f6pfung, leichte Erm\u00fcdbarkeit oder ein allgemeiner Mangel an Energie k\u00f6nnen auf eine Vielzahl von Grunderkrankungen zur\u00fcckzuf\u00fchren sein, die Ihnen vielleicht nicht bewusst sind. H\u00e4ufige Erkrankungen sind An\u00e4mie, Vitamin-D-Mangel, Schilddr\u00fcsenprobleme und Vorhofflimmern.<\/p>\n<p>M\u00fcdigkeit infolge von Vorhofflimmern wird durch einen schnelleren und unregelm\u00e4\u00dfigen Herzschlag als \u00fcblich verursacht. Dies f\u00fchrt zu einer mangelnden Koordination zwischen den verschiedenen Herzkammern, was die Effizienz des Blutpumpens beeintr\u00e4chtigt. Infolgedessen wird die Sauerstoffversorgung der Organe beeintr\u00e4chtigt, was zu einem Gef\u00fchl der Ersch\u00f6pfung f\u00fchrt.<\/p>\n<p>Einige Medikamente, die Ihr Arzt verschreibt, k\u00f6nnen die M\u00fcdigkeit bei Vorhofflimmern lindern, aber die wirksamste Behandlung ist die Wiederherstellung eines normalen Herzrhythmus. Vorhofflimmern kann manchmal mit Medikamenten und\/oder medizinischen Verfahren, der so genannten Kardioversion und Ablation, unter Kontrolle gebracht werden. Die meisten Patienten kommen f\u00fcr diese Behandlung in Frage. Es gibt jedoch bestimmte Umst\u00e4nde oder Komorbidit\u00e4ten, die solche Versuche aussichtslos machen w\u00fcrden und daher im Allgemeinen vermieden werden.<\/p>\n<p>Um mehr \u00fcber diese Verfahren zu erfahren, klicken Sie auf den Link zu den folgenden Seiten:<\/p>\n<ul>\n<li><a href=\"https:\/\/www.afibmatters.org\/what-can-my-doctor-do\/what-is-a-cardioversion\/\">\u201eWas ist eine Kardioversion?\u201c<\/a><\/li>\n<li><a href=\"https:\/\/www.afibmatters.org\/what-can-my-doctor-do\/atrial-fibrillation-ablation\/\">\u201eWas ist eine Ablation?\u201c<\/a><\/li>\n<\/ul>\n","protected":false},"excerpt":{"rendered":"<p>Eines der Symptome von Vorhofflimmern ist M\u00fcdigkeit. Sicherlich ist es normal, sich von Zeit zu Zeit m\u00fcde zu f\u00fchlen. Wenn Sie sich jedoch st\u00e4ndig ersch\u00f6pft oder m\u00fcde f\u00fchlen, entweder pl\u00f6tzlich oder anhaltend, dann ist eine weitere Untersuchung erforderlich. M\u00fcdigkeit, Ersch\u00f6pfung, leichte Erm\u00fcdbarkeit oder ein allgemeiner Mangel an Energie k\u00f6nnen auf eine Vielzahl von Grunderkrankungen zur\u00fcckzuf\u00fchren [&hellip;]<\/p>\n","protected":false},"author":1,"featured_media":0,"parent":1443,"menu_order":0,"comment_status":"closed","ping_status":"closed","template":"","meta":{"_acf_changed":false,"footnotes":""},"categories":[50],"tags":[],"class_list":["post-6643","page","type-page","status-publish","hentry","category-was-muss-ich-wissen"],"acf":[],"_links":{"self":[{"href":"https:\/\/www.afibmatters.org\/de\/wp-json\/wp\/v2\/pages\/6643","targetHints":{"allow":["GET"]}}],"collection":[{"href":"https:\/\/www.afibmatters.org\/de\/wp-json\/wp\/v2\/pages"}],"about":[{"href":"https:\/\/www.afibmatters.org\/de\/wp-json\/wp\/v2\/types\/page"}],"author":[{"embeddable":true,"href":"https:\/\/www.afibmatters.org\/de\/wp-json\/wp\/v2\/users\/1"}],"replies":[{"embeddable":true,"href":"https:\/\/www.afibmatters.org\/de\/wp-json\/wp\/v2\/comments?post=6643"}],"version-history":[{"count":0,"href":"https:\/\/www.afibmatters.org\/de\/wp-json\/wp\/v2\/pages\/6643\/revisions"}],"up":[{"embeddable":true,"href":"https:\/\/www.afibmatters.org\/de\/wp-json\/wp\/v2\/pages\/1443"}],"wp:attachment":[{"href":"https:\/\/www.afibmatters.org\/de\/wp-json\/wp\/v2\/media?parent=6643"}],"wp:term":[{"taxonomy":"category","embeddable":true,"href":"https:\/\/www.afibmatters.org\/de\/wp-json\/wp\/v2\/categories?post=6643"},{"taxonomy":"post_tag","embeddable":true,"href":"https:\/\/www.afibmatters.org\/de\/wp-json\/wp\/v2\/tags?post=6643"}],"curies":[{"name":"wp","href":"https:\/\/api.w.org\/{rel}","templated":true}]}}