{"id":6621,"date":"2022-03-24T10:48:40","date_gmt":"2022-03-24T10:48:40","guid":{"rendered":"https:\/\/www.afibmatters.org\/was-muss-ich-wissen\/wie-fuehlt-es-sich-an-vorhofflimmern-zu-haben\/herzklopfen\/"},"modified":"2022-03-29T15:20:46","modified_gmt":"2022-03-29T14:20:46","slug":"herzklopfen","status":"publish","type":"page","link":"https:\/\/www.afibmatters.org\/de\/was-muss-ich-wissen\/wie-fuehlt-es-sich-an-vorhofflimmern-zu-haben\/herzklopfen\/","title":{"rendered":"Herzklopfen"},"content":{"rendered":"<p><img loading=\"lazy\" decoding=\"async\" class=\"alignnone wp-image-3635 size-large\" src=\"https:\/\/cdn-endpoint-afib.azureedge.net\/afibmatters\/2021\/06\/shutterstock_1720383349-2-1024x667.jpg?_t=1646320170\" alt=\"\" width=\"1024\" height=\"667\" srcset=\"https:\/\/cdn-endpoint-afib.azureedge.net\/afibmatters\/2021\/06\/shutterstock_1720383349-2-1024x667.jpg 1024w, https:\/\/cdn-endpoint-afib.azureedge.net\/afibmatters\/2021\/06\/shutterstock_1720383349-2-300x196.jpg 300w, https:\/\/cdn-endpoint-afib.azureedge.net\/afibmatters\/2021\/06\/shutterstock_1720383349-2-768x501.jpg 768w, https:\/\/cdn-endpoint-afib.azureedge.net\/afibmatters\/2021\/06\/shutterstock_1720383349-2-1536x1001.jpg 1536w, https:\/\/cdn-endpoint-afib.azureedge.net\/afibmatters\/2021\/06\/shutterstock_1720383349-2-2048x1335.jpg 2048w, https:\/\/cdn-endpoint-afib.azureedge.net\/afibmatters\/2021\/06\/shutterstock_1720383349-2-500x326.jpg 500w\" sizes=\"auto, (max-width: 1024px) 100vw, 1024px\" \/><\/p>\n<p>Einer der h\u00e4ufigsten Gr\u00fcnde, warum Menschen ihren Arzt aufsuchen, ist das Gef\u00fchl, den eigenen Herzschlag oder Herzklopfen wahrzunehmen. Jeder von uns wird von Zeit zu Zeit seinen Herzschlag wahrnehmen, vor allem nach sportlicher Bet\u00e4tigung, bei Nervosit\u00e4t oder wenn wir uns aufgrund einer Infektion unwohl f\u00fchlen. Es ist verst\u00e4ndlich, dass diese Symptome beunruhigend sind, aber bedenken Sie, dass sie nicht immer ein Merkmal einer Herzerkrankung sind.<\/p>\n<p>Der Begriff Herzklopfen umfasst ein breites Spektrum von Herzrhythmen, einschlie\u00dflich der Wahrnehmung eines normalen Herzrhythmus, der sich st\u00e4rker oder etwas schneller als normal anf\u00fchlen kann. Andere h\u00e4ufige Symptome sind ein unregelm\u00e4\u00dfiger Herzschlag, der entweder ausbleibt, aussetzt, abf\u00e4llt oder ungleichm\u00e4\u00dfig schl\u00e4gt.<\/p>\n<p>Seltener kommt es zu einem Gef\u00fchl von sehr schnellem Herzschlag \u2013 entweder \u201eFlattern\u201c oder ein Gef\u00fchl von \u201eHerzrasen\u201c. Es gibt verschiedene Ursachen f\u00fcr diese Auftreten. Wir konzentrieren uns hier jedoch auf diejenigen, die mit Vorhofflimmern zusammenh\u00e4ngen.<\/p>\n<p>Obwohl das Bewusstsein f\u00fcr eine Ver\u00e4nderung des Herzrhythmus ein Hauptmerkmal von Vorhofflimmern ist, ist sich ein erheblicher Teil der Betroffenen m\u00f6glicherweise keiner Ver\u00e4nderung des Herzrhythmus bewusst. Stattdessen k\u00f6nnen die Betroffenen entweder symptomlos sein oder andere Symptome wie Kurzatmigkeit, M\u00fcdigkeit, Brustbeschwerden oder Schwindel versp\u00fcren.<\/p>\n<p>Im modernen Zeitalter von Smartwatches und Fitness-Trackern (oder beim Besuch eines Fitnessstudios) wurden Sie vielleicht auf eine m\u00f6gliche Anomalie im Herzrhythmus aufmerksam gemacht, die Ihnen nicht bewusst war. Dies l\u00f6st oft gro\u00dfe \u00c4ngste aus, und es ist zu beachten, dass diese Ger\u00e4te nicht immer genau sind und eine niedrige Schwelle f\u00fcr die Meldung von Anomalien haben.<\/p>\n<p>&nbsp;<\/p>\n<h3>Herzklopfen bei Vorhofflimmern<\/h3>\n<p>Das Hauptmerkmal des Vorhofflimmerns ist, dass der Herzschlag unregelm\u00e4\u00dfig ist \u2013 die Pause zwischen den einzelnen Schl\u00e4gen variiert in unvorhersehbarer Weise, was zu dem Begriff \u201eunregelm\u00e4\u00dfig unregelm\u00e4\u00dfig\u201c f\u00fchrt. Dies k\u00f6nnen Sie durch ein flatterndes Gef\u00fchl oder ein Gef\u00fchl der Unregelm\u00e4\u00dfigkeit der Schl\u00e4ge, wahrnehmen \u2013 insbesondere durch die Wahrnehmung st\u00e4rkerer, auf unregelm\u00e4\u00dfige Weise auftretender Schl\u00e4ge.<\/p>\n<p>Sie oder Ihr Arzt k\u00f6nnen diese Unregelm\u00e4\u00dfigkeit m\u00f6glicherweise feststellen, wenn Sie Ihren Puls f\u00fchlen. Es gibt jedoch auch andere Ursachen f\u00fcr dieses Gef\u00fchl. Zum Beispiel zus\u00e4tzliche oder ektope Schl\u00e4ge, die es oft schwierig machen, ohne eine Aufzeichnung des Herzens (auch bekannt als Elektrokardiogramm \u2013 EKG) eine endg\u00fcltige Diagnose zu stellen, wenn Symptome auftreten.<\/p>\n<p>Dies kann auch der Fall sein, wenn die Herzfrequenz besonders schnell ist und Sie oder Ihr Arzt allein anhand des Pulses nicht feststellen k\u00f6nnen, ob der Rhythmus unregelm\u00e4\u00dfig ist (siehe Abschnitte \u00fcber supraventrikul\u00e4re Tachykardie).<\/p>\n<p>Herzklopfen aufgrund von Vorhofflimmern kann \u201eanhaltend\u201c sein. Dies bedeutet, dass das Herzklopfen entweder sieben Tage oder l\u00e4nger anh\u00e4lt (oft bis ein medizinischer Eingriff, wie z. B. eine Kardioversion, durchgef\u00fchrt wird, um das Herz wieder in einen normalen Rhythmus zu bringen), oder es tritt \u201eparoxysmal\u201c auf, d. h. das Herzklopfen h\u00e4lt eine Zeit lang an, bevor das Herz spontan wieder in einen normalen Rhythmus zur\u00fcckkehrt.<\/p>\n<p>Episoden von Vorhofflimmern, insbesondere wenn die Herzfrequenz schnell ist, k\u00f6nnen sehr l\u00e4stig und behindernd sein, entweder durch die Wahrnehmung des Rhythmus allein oder durch die damit verbundenen Symptome wie Atemnot, Schwindelgef\u00fchl, Blackouts oder Brustschmerzen. Solche Episoden erfordern ein sofortiges medizinisches Eingreifen.<\/p>\n<p>Das Bewusstsein f\u00fcr die Unregelm\u00e4\u00dfigkeiten des Herzens bei Patienten mit langj\u00e4hrigem Vorhofflimmern und \u201epermanentem\u201c Herzrhythmus kann sich \u00fcber einen Zeitraum von Wochen bis Monaten spontan oder mit Hilfe einer Behandlung zur Kontrolle der Herzfrequenz zur\u00fcckbilden.<\/p>\n<h3>\nBesuch bei Ihrem Arzt<\/h3>\n<p>Bevor Sie Ihren Arzt aufsuchen, ist es sinnvoll, ein Tagebuch \u00fcber Ihre Symptome zu f\u00fchren, in dem Sie vor allem alle Begleiterscheinungen wie Schmerzen in der Brust oder Atemnot, ihre Dauer und die ausl\u00f6senden Ursachen (z. B. Sport, Alkohol oder Koffein) festhalten.<\/p>\n<p>Wenn das Gef\u00fchl des Herzklopfens kontinuierlich auftritt, kann die Diagnose oft mit einer Ruhe-EKG-Aufzeichnung in der Klinik gestellt werden. Wenn die Symptome jedoch schubweise auftreten und beim Arztbesuch nicht vorhanden sind, kann auf diese Weise m\u00f6glicherweise keine endg\u00fcltige Diagnose gestellt werden.<\/p>\n<p><img loading=\"lazy\" decoding=\"async\" class=\"alignnone wp-image-6338 size-full\" src=\"https:\/\/cdn-endpoint-afib.azureedge.net\/afibmatters\/2022\/03\/shutterstock_1382268998-1-min.jpg?_t=1646320183\" alt=\"\" width=\"900\" height=\"601\" srcset=\"https:\/\/cdn-endpoint-afib.azureedge.net\/afibmatters\/2022\/03\/shutterstock_1382268998-1-min.jpg 900w, https:\/\/cdn-endpoint-afib.azureedge.net\/afibmatters\/2022\/03\/shutterstock_1382268998-1-min-300x200.jpg 300w, https:\/\/cdn-endpoint-afib.azureedge.net\/afibmatters\/2022\/03\/shutterstock_1382268998-1-min-768x513.jpg 768w, https:\/\/cdn-endpoint-afib.azureedge.net\/afibmatters\/2022\/03\/shutterstock_1382268998-1-min-500x334.jpg 500w\" sizes=\"auto, (max-width: 900px) 100vw, 900px\" \/><\/p>\n<p>Der Schl\u00fcssel zur Identifizierung der Ursache von Herzklopfen ist eine Herzuntersuchung, die bei Auftreten der Symptome durchgef\u00fchrt wird. Daher kann es sein, dass Sie mit einem Aufzeichnungsger\u00e4t ausgestattet werden oder ein solches erhalten, um das EKG zu dokumentieren, wenn Sie symptomatisch sind.<\/p>\n<p>Wenn die Symptome seltener auftreten, kann ein kleiner, unter die Haut implantierter Monitor (ein so genannter Implantable Loop Recorder \u2013 ILR) erforderlich sein, um die Herzfrequenz \u00fcber mehrere Jahre oder bis zum Wiederauftreten der Symptome zu \u00fcberwachen.<\/p>\n","protected":false},"excerpt":{"rendered":"<p>Einer der h\u00e4ufigsten Gr\u00fcnde, warum Menschen ihren Arzt aufsuchen, ist das Gef\u00fchl, den eigenen Herzschlag oder Herzklopfen wahrzunehmen. Jeder von uns wird von Zeit zu Zeit seinen Herzschlag wahrnehmen, vor allem nach sportlicher Bet\u00e4tigung, bei Nervosit\u00e4t oder wenn wir uns aufgrund einer Infektion unwohl f\u00fchlen. Es ist verst\u00e4ndlich, dass diese Symptome beunruhigend sind, aber bedenken [&hellip;]<\/p>\n","protected":false},"author":1,"featured_media":0,"parent":1443,"menu_order":3,"comment_status":"closed","ping_status":"closed","template":"","meta":{"_acf_changed":false,"footnotes":""},"categories":[50],"tags":[],"class_list":["post-6621","page","type-page","status-publish","hentry","category-was-muss-ich-wissen"],"acf":[],"_links":{"self":[{"href":"https:\/\/www.afibmatters.org\/de\/wp-json\/wp\/v2\/pages\/6621","targetHints":{"allow":["GET"]}}],"collection":[{"href":"https:\/\/www.afibmatters.org\/de\/wp-json\/wp\/v2\/pages"}],"about":[{"href":"https:\/\/www.afibmatters.org\/de\/wp-json\/wp\/v2\/types\/page"}],"author":[{"embeddable":true,"href":"https:\/\/www.afibmatters.org\/de\/wp-json\/wp\/v2\/users\/1"}],"replies":[{"embeddable":true,"href":"https:\/\/www.afibmatters.org\/de\/wp-json\/wp\/v2\/comments?post=6621"}],"version-history":[{"count":1,"href":"https:\/\/www.afibmatters.org\/de\/wp-json\/wp\/v2\/pages\/6621\/revisions"}],"predecessor-version":[{"id":6893,"href":"https:\/\/www.afibmatters.org\/de\/wp-json\/wp\/v2\/pages\/6621\/revisions\/6893"}],"up":[{"embeddable":true,"href":"https:\/\/www.afibmatters.org\/de\/wp-json\/wp\/v2\/pages\/1443"}],"wp:attachment":[{"href":"https:\/\/www.afibmatters.org\/de\/wp-json\/wp\/v2\/media?parent=6621"}],"wp:term":[{"taxonomy":"category","embeddable":true,"href":"https:\/\/www.afibmatters.org\/de\/wp-json\/wp\/v2\/categories?post=6621"},{"taxonomy":"post_tag","embeddable":true,"href":"https:\/\/www.afibmatters.org\/de\/wp-json\/wp\/v2\/tags?post=6621"}],"curies":[{"name":"wp","href":"https:\/\/api.w.org\/{rel}","templated":true}]}}