{"id":2898,"date":"2020-06-05T10:14:12","date_gmt":"2020-06-05T09:14:12","guid":{"rendered":"https:\/\/www.afibmatters.org\/nuetzliche-links\/"},"modified":"2024-03-04T09:52:48","modified_gmt":"2024-03-04T09:52:48","slug":"nuetzliche-links","status":"publish","type":"page","link":"https:\/\/www.afibmatters.org\/de\/nuetzliche-links\/","title":{"rendered":"N\u00fctzliche Links"},"content":{"rendered":"<h3><a href=\"https:\/\/www.escardio.org\/Sub-specialty-communities\/European-Heart-Rhythm-Association-(EHRA)\/Advocacy\/find-my-ep\" target=\"_blank\" rel=\"noopener\">Nach einer passenden Fachkraft suchen<\/a><\/h3>\n<p>Durchsuchen Sie das EHRA-Verzeichnis mit EP-Fachkr\u00e4ften.<\/p>\n<p>&nbsp;<\/p>\n<h3><a href=\"https:\/\/www.myrhythmdevice.org\/\" target=\"_blank\" rel=\"noopener\">www.MyRhythmDevice.org<\/a><\/h3>\n<p>Besuchen Sie die EHRA-Website f\u00fcr Patienten mit implantierten Herzger\u00e4ten.<\/p>\n<p>&nbsp;<\/p>\n<h3><a href=\"https:\/\/www.healthy-heart.org\" target=\"_blank\" rel=\"noopener noreferrer\">www.Healthy-Heart.org<\/a><\/h3>\n<p>Zuverl\u00e4ssige Antworten und Ratschl\u00e4ge der Europ\u00e4ischen Gesellschaft f\u00fcr Kardiologie (ESC) f\u00fcr Patienten zum Schutz ihres Herzens.<\/p>\n<p>&nbsp;<\/p>\n<h3><a href=\"https:\/\/www.heartfailurematters.org\" target=\"_blank\" rel=\"noopener noreferrer\">www.HeartFailureMatters.org<\/a><\/h3>\n<p>Praktische Informationen \u00fcber Herzinsuffizienz f\u00fcr Patienten, Angeh\u00f6rige und Pflegepersonen, bereitgestellt von der Vereinigung Herzinsuffizienz (HFA) der Europ\u00e4ischen Gesellschaft f\u00fcr Kardiologie (ESC).<\/p>\n<p>&nbsp;<\/p>\n<h3><a href=\"https:\/\/www.heartrhythmalliance.org\/aa\/uk\/news\/coronavirus-information-uk\" target=\"_blank\" rel=\"noopener noreferrer\">www.HeartRhythmAlliance.org<\/a><\/h3>\n<p>Die Hilfsorganisation Arrhythmia Alliance und ihre Schwesterorganisationen (AF Association und STARS &#8211; Syncope Trust) haben COVID-19-spezifische Ressourcen f\u00fcr Patienten und Angeh\u00f6rige des Gesundheitswesens entwickelt, um ihre bestehenden Ressourcen zu allen Arrhythmien, Behandlungen, zum Management und speziell von AF und Syncope zu erg\u00e4nzen.<\/p>\n<p>&nbsp;<\/p>\n<h3><a href=\"https:\/\/www.escardio.org\/Sub-specialty-communities\/European-Heart-Rhythm-Association-(EHRA)\/Advocacy\/pulse-day\" target=\"_blank\" rel=\"noopener\">Pulse Day<\/a><\/h3>\n<p>Welttag des Bewusstseins f\u00fcr Herzrhythmusst\u00f6rungen<\/p>\n<p>&nbsp;<\/p>\n","protected":false},"excerpt":{"rendered":"<p>Nach einer passenden Fachkraft suchen Durchsuchen Sie das EHRA-Verzeichnis mit EP-Fachkr\u00e4ften. &nbsp; www.MyRhythmDevice.org Besuchen Sie die EHRA-Website f\u00fcr Patienten mit implantierten Herzger\u00e4ten. &nbsp; www.Healthy-Heart.org Zuverl\u00e4ssige Antworten und Ratschl\u00e4ge der Europ\u00e4ischen Gesellschaft f\u00fcr Kardiologie (ESC) f\u00fcr Patienten zum Schutz ihres Herzens. &nbsp; www.HeartFailureMatters.org Praktische Informationen \u00fcber Herzinsuffizienz f\u00fcr Patienten, Angeh\u00f6rige und Pflegepersonen, bereitgestellt von der Vereinigung [&hellip;]<\/p>\n","protected":false},"author":1,"featured_media":0,"parent":0,"menu_order":0,"comment_status":"closed","ping_status":"closed","template":"","meta":{"_acf_changed":false,"footnotes":""},"categories":[],"tags":[],"class_list":["post-2898","page","type-page","status-publish","hentry"],"acf":[],"_links":{"self":[{"href":"https:\/\/www.afibmatters.org\/de\/wp-json\/wp\/v2\/pages\/2898","targetHints":{"allow":["GET"]}}],"collection":[{"href":"https:\/\/www.afibmatters.org\/de\/wp-json\/wp\/v2\/pages"}],"about":[{"href":"https:\/\/www.afibmatters.org\/de\/wp-json\/wp\/v2\/types\/page"}],"author":[{"embeddable":true,"href":"https:\/\/www.afibmatters.org\/de\/wp-json\/wp\/v2\/users\/1"}],"replies":[{"embeddable":true,"href":"https:\/\/www.afibmatters.org\/de\/wp-json\/wp\/v2\/comments?post=2898"}],"version-history":[{"count":5,"href":"https:\/\/www.afibmatters.org\/de\/wp-json\/wp\/v2\/pages\/2898\/revisions"}],"predecessor-version":[{"id":9101,"href":"https:\/\/www.afibmatters.org\/de\/wp-json\/wp\/v2\/pages\/2898\/revisions\/9101"}],"wp:attachment":[{"href":"https:\/\/www.afibmatters.org\/de\/wp-json\/wp\/v2\/media?parent=2898"}],"wp:term":[{"taxonomy":"category","embeddable":true,"href":"https:\/\/www.afibmatters.org\/de\/wp-json\/wp\/v2\/categories?post=2898"},{"taxonomy":"post_tag","embeddable":true,"href":"https:\/\/www.afibmatters.org\/de\/wp-json\/wp\/v2\/tags?post=2898"}],"curies":[{"name":"wp","href":"https:\/\/api.w.org\/{rel}","templated":true}]}}