{"id":1569,"date":"2020-03-03T12:01:01","date_gmt":"2020-03-03T12:01:01","guid":{"rendered":"https:\/\/www.afibmatters.org\/ueber-die-ehra-esc\/"},"modified":"2020-03-03T12:01:01","modified_gmt":"2020-03-03T12:01:01","slug":"ueber-die-ehra-esc","status":"publish","type":"page","link":"https:\/\/www.afibmatters.org\/de\/ueber-die-ehra-esc\/","title":{"rendered":"\u00dcber die EHRA \/ ESC"},"content":{"rendered":"<h3>\u00dcber die Website afibmatters.org<\/h3>\n<p>Die Website afibmatters. org wurde unter der Leitung der Europ\u00e4ischen Herzrhythmus-Gesellschaft der Europ\u00e4ischen Gesellschaft f\u00fcr Kardiologie (EHRA der ESC) erstellt. Ziel der Website ist es, Menschen mit Vorhofflimmern, ihren Familien und Betreuern klare und zuverl\u00e4ssige Informationen und praktische Ratschl\u00e4ge zur Verf\u00fcgung zu stellen. Durch ein besseres und tiefgreifendes Verst\u00e4ndnis von Vorhofflimmern hoffen wir, dass es Menschen mit dieser Erkrankung m\u00f6glich ist, ihre Gesundheit besser im Griff zu haben und dadurch ein l\u00e4ngeres und aktiveres Leben f\u00fchren zu k\u00f6nnen.<\/p>\n<p>Die auf dieser Website enthaltenen Informationen und Ratschl\u00e4ge sollen die Unterst\u00fctzung und Pflege, die Sie von Ihrem Arzt oder einem anderen Gesundheitsdienstleister erhalten, erg\u00e4nzen. Sie ersetzt diese Pflege in keinster Weise.<\/p>\n<p>Wenn Sie Kommentare oder Feedback zur Website haben, kontaktieren Sie uns bitte.<\/p>\n<h3>\u00dcber die Europ\u00e4ische Herzrhytmus-Gesellschaft<\/h3>\n<p>Die Europ\u00e4ische Herzrhythmus-Gesellschaft (EHRA) ist eine Abteilung der Europ\u00e4ischen Gesellschaft f\u00fcr Kardiologie (ESC). Sie wurde 2003 offiziell ins Leben gerufen und z\u00e4hlt \u00fcber 2000 Kardiologen und andere Fachkr\u00e4fte zu ihren Mitgliedern.<\/p>\n<p>Ziel der EHRA ist es, die Auswirkungen von Herzrhythmusst\u00f6rungen zu begrenzen und dadurch die Lebensqualit\u00e4t zu verbessern und pl\u00f6tzlichen Herztod zu reduzieren.<\/p>\n<p>Weitere Informationen zur EHRA finden Sie auf <a href=\"https:\/\/www.escardio.org\/Sub-specialty-communities\/European-Heart-Rhythm-Association-%28EHRA%29\">der offiziellen Website des ESC.<\/a><\/p>\n<h3>\u00dcber die Europ\u00e4ische Gesellschaft f\u00fcr Kardiologie (ESC)<\/h3>\n<p>Die Europ\u00e4ische Gesellschaft f\u00fcr Kardiologie (ESC) vertritt \u00fcber 95.000 Kardiologen, haupts\u00e4chlich aus ganz Europa und dem Mittelmeerraum, aber auch aus dem Rest der Welt. Ihr Ziel ist es, die Belastung durch Herz-Kreislauf-Erkrankungen zu verringern.<\/p>\n<p>Die ESC erreicht dies durch eine Vielzahl von wissenschaftlichen und p\u00e4dagogischen Aktivit\u00e4ten, einschlie\u00dflich der Koordinierung von Leitlinien f\u00fcr die klinische Praxis, Bildungskursen und -initiativen, gesamteurop\u00e4ischen Erhebungen zu bestimmten Krankheitsgebieten und dem ESC-Kongress, der gr\u00f6\u00dften j\u00e4hrlichen medizinischen Tagung in Europa.<\/p>\n<p>Weitere Informationen zur ESC finden Sie auf <a href=\"https:\/\/www.escardio.org\/\">der offiziellen Website der ESC.<\/a><\/p>\n","protected":false},"excerpt":{"rendered":"<p>\u00dcber die Website afibmatters.org Die Website afibmatters. org wurde unter der Leitung der Europ\u00e4ischen Herzrhythmus-Gesellschaft der Europ\u00e4ischen Gesellschaft f\u00fcr Kardiologie (EHRA der ESC) erstellt. Ziel der Website ist es, Menschen mit Vorhofflimmern, ihren Familien und Betreuern klare und zuverl\u00e4ssige Informationen und praktische Ratschl\u00e4ge zur Verf\u00fcgung zu stellen. Durch ein besseres und tiefgreifendes Verst\u00e4ndnis von Vorhofflimmern [&hellip;]<\/p>\n","protected":false},"author":1,"featured_media":0,"parent":0,"menu_order":28,"comment_status":"closed","ping_status":"closed","template":"","meta":{"_acf_changed":false,"footnotes":""},"categories":[],"tags":[],"class_list":["post-1569","page","type-page","status-publish","hentry"],"acf":[],"_links":{"self":[{"href":"https:\/\/www.afibmatters.org\/de\/wp-json\/wp\/v2\/pages\/1569","targetHints":{"allow":["GET"]}}],"collection":[{"href":"https:\/\/www.afibmatters.org\/de\/wp-json\/wp\/v2\/pages"}],"about":[{"href":"https:\/\/www.afibmatters.org\/de\/wp-json\/wp\/v2\/types\/page"}],"author":[{"embeddable":true,"href":"https:\/\/www.afibmatters.org\/de\/wp-json\/wp\/v2\/users\/1"}],"replies":[{"embeddable":true,"href":"https:\/\/www.afibmatters.org\/de\/wp-json\/wp\/v2\/comments?post=1569"}],"version-history":[{"count":0,"href":"https:\/\/www.afibmatters.org\/de\/wp-json\/wp\/v2\/pages\/1569\/revisions"}],"wp:attachment":[{"href":"https:\/\/www.afibmatters.org\/de\/wp-json\/wp\/v2\/media?parent=1569"}],"wp:term":[{"taxonomy":"category","embeddable":true,"href":"https:\/\/www.afibmatters.org\/de\/wp-json\/wp\/v2\/categories?post=1569"},{"taxonomy":"post_tag","embeddable":true,"href":"https:\/\/www.afibmatters.org\/de\/wp-json\/wp\/v2\/tags?post=1569"}],"curies":[{"name":"wp","href":"https:\/\/api.w.org\/{rel}","templated":true}]}}