{"id":1552,"date":"2020-03-03T12:00:41","date_gmt":"2020-03-03T12:00:41","guid":{"rendered":"https:\/\/www.afibmatters.org\/leitbild-und-nutzungsbedingungen\/"},"modified":"2020-03-03T12:00:41","modified_gmt":"2020-03-03T12:00:41","slug":"leitbild-und-nutzungsbedingungen","status":"publish","type":"page","link":"https:\/\/www.afibmatters.org\/de\/leitbild-und-nutzungsbedingungen\/","title":{"rendered":"Leitbild und Nutzungsbedingungen"},"content":{"rendered":"<h2>ZWECK DIESER WEBSITE:<\/h2>\n<p>Zur Verbesserung der Lebensqualit\u00e4t und Gesundheit von Patienten mit Vorhofflimmern beizutragen.<br \/>\nUm Patienten, ihren Angeh\u00f6rigen und Betreuern zu helfen, Vorhofflimmern besser zu verstehen.<br \/>\nAlle Empfehlungen auf dieser Website stehen im Einklang mit den europ\u00e4ischen Leitlinien <a href=\"https:\/\/www.escardio.org\/Guidelines\/Clinical-Practice-Guidelines\/Atrial-Fibrillation-Management\">(finden Sie hier die Praxisleitlinien der Europ\u00e4ischen Gesellschaft f\u00fcr Kardiologie Praxis zum Thema Vorhofflimmern).<\/a><\/p>\n<h3>1.Nutzungsbedingungen<\/h3>\n<p>Die Website afibmatters.org wurde unter der Leitung der Europ\u00e4ischen Herzrhythmus-Gesellschaft der Europ\u00e4ischen Gesellschaft f\u00fcr Kardiologie (EHRA der ESC) erstellt. Die Europ\u00e4ische Herzrhythmus-Gesellschaft der ESC ist eine eingetragene Unterorganisation der Europ\u00e4ischen Gesellschaft f\u00fcr Kardiologie (ESC). Der von der ESC zur Verf\u00fcgung gestellte Zugang zu dieser Website und deren Nutzung unterliegen folgenden Nutzungsbedingungen:<\/p>\n<p>1. Durch Ihre Nutzung dieser Website akzeptieren Sie diese Nutzungsbedingungen ab dem Datum Ihrer ersten Nutzung der Website.<\/p>\n<p>2. Die ESC beh\u00e4lt sich das Recht vor, diese Nutzungsbedingungen jederzeit zu \u00e4ndern, indem sie die \u00c4nderungen online ver\u00f6ffentlicht. Ihre weitere Nutzung dieser Website nach Ver\u00f6ffentlichung dieser \u00c4nderungen gilt als Annahme dieser Vereinbarung in ihrer ge\u00e4nderten Fassung.<\/p>\n<p>3. Sie stimmen zu, diese Website nur f\u00fcr rechtm\u00e4\u00dfige Zwecke und in einer Weise zu nutzen, die die Rechte nicht verletzt oder die Nutzung und den Genuss der Website durch Dritte einschr\u00e4nkt oder behindert.<\/p>\n<h3>2. Haftungsausschluss<\/h3>\n<p>1. In keinem Fall haftet die ESC gegen\u00fcber dem Nutzer oder Dritten f\u00fcr Entscheidungen oder Ma\u00dfnahmen, die im Vertrauen auf die in dieser Website enthaltenen oder durch die Nutzung dieser Website bereitgestellten Informationen getroffen oder ergriffen werden sowie f\u00fcr zuf\u00e4llige, indirekte, besondere oder Folgesch\u00e4den.<\/p>\n<p>2. Die auf dieser Website enthaltenen Informationen sollen die Unterst\u00fctzung und Pflege durch qualifiziertes medizinisches Fachpersonal erg\u00e4nzen Diese Website ist kein Ersatz f\u00fcr professionelle medizinische Beratung oder medizinische Versorgung. Sie sollten vor Beginn (oder Beendigung) jeder Form der medizinischen Behandlung stets den Rat eines Arztes einholen. Zu diesem Zweck werden alle auf der Website enthaltenen Informationen ausschlie\u00dflich zu Informations- und Schulungszwecken bereitgestellt.<\/p>\n<p>3. Obwohl die ESC bei der Erstellung dieser Website alle Vorsichtsma\u00dfnahmen getroffen hat, kann sie nicht alle Informationen genau pr\u00fcfen, um die Wahrhaftigkeit, Genauigkeit, Zuverl\u00e4ssigkeit, Vollst\u00e4ndigkeit oder Relevanz dieser Informationen zu ermitteln. In keinem Fall haftet die ESC f\u00fcr Sch\u00e4den, einschlie\u00dflich, aber nicht beschr\u00e4nkt auf indirekte oder Folgesch\u00e4den, oder f\u00fcr Sch\u00e4den oder entgangenen Gewinn, die sich aus der Nutzung oder im Zusammenhang mit einer solchen Nutzung oder einem solchen Verlust der Nutzung der Website ergeben, sei es vertraglich oder fahrl\u00e4ssig.<\/p>\n<p>4. Unter keinen Umst\u00e4nden haftet die ESC oder deren Mitarbeiter bzw. an der Erstellung der Website beteiligten Personen Ihnen gegen\u00fcber als Website-Besucher oder einer anderen Person oder Einrichtung f\u00fcr Entscheidungen, die aufgrund des Vertrauens auf die auf der Website enthaltenen Informationen getroffen oder ergriffen wurden. Sie erkl\u00e4ren sich damit einverstanden, dass weder die ESC noch deren Mitarbeiter bzw. an der Erstellung der Website beteiligten Personen f\u00fcr Sch\u00e4den (einschlie\u00dflich, aber nicht beschr\u00e4nkt auf direkte, indirekte, zuf\u00e4llige, besondere oder Folgesch\u00e4den) oder Datenverluste oder Gewinnverluste verantwortlich sind, selbst wenn die EHRA der ESC oder deren Mitarbeiter bzw. an der Erstellung der Website beteiligten Personen \u00fcber die M\u00f6glichkeit solcher Sch\u00e4den informiert wurden.<\/p>\n<p>5. Die ESC garantiert nicht, dass die technischen Funktionen des auf dieser Website enthaltenen Materials ununterbrochen oder fehlerfrei sind, dass Fehler behoben werden oder dass diese Website oder der Server, der sie zur Verf\u00fcgung stellt, frei von Viren oder Fehlern ist oder die volle Funktionalit\u00e4t, Genauigkeit und Zuverl\u00e4ssigkeit der Materialien darstellt.<\/p>\n<h3>3. Einschr\u00e4nkungen des Urheberrechts<\/h3>\n<p>1. Die Website afibmatters.org geh\u00f6rt der Europ\u00e4ischen Gesellschaft f\u00fcr Kardiologie (ESC). Die kommerzielle Nutzung oder Ver\u00f6ffentlichung jeglicher auf der Website dargestellten Informationen ist ohne vorherige schriftliche Genehmigung der ESC strengstens untersagt.<\/p>\n<p>Dokumente auf dieser Website d\u00fcrfen f\u00fcr den pers\u00f6nlichen, nicht-kommerziellen Gebrauch nur unter der Bedingung kopiert werden, dass auch Urheberrechts- und Quellenangaben kopiert werden, keine \u00c4nderungen vorgenommen werden und das Dokument vollst\u00e4ndig kopiert wird. Einige Dokumente und Fotos wurden jedoch mit Genehmigung der jeweiligen Urheberrechtsinhaber (die nicht der ESC angeh\u00f6rig sind) auf dieser Website ver\u00f6ffentlicht. Alle Rechte an diesen Dokumenten sind vorbehalten und die Erlaubnis zum Kopieren muss bei den Urheberrechtsinhabern angefordert werden (die Quellen sind in diesen Dokumenten\/Fotos angegeben).<\/p>\n<p>2. Jede nicht genehmigte Verwendung kann dazu f\u00fchren, dass die ESC Ma\u00dfnahmen ergreift, um die Entfernung des betreffenden Materials aus der Anzeige\/Ver\u00f6ffentlichung zu verlangen und m\u00f6gliche rechtliche Schritte einleitet.<\/p>\n<p>3. Die Website enth\u00e4lt Links zu Websites, die von anderen Parteien als der ESC betrieben werden. Solche Links dienen ausschlie\u00dflich der Benutzerfreundlichkeit. Die ESC hat keine Kontrolle \u00fcber solche Websites und ist nicht f\u00fcr deren Inhalt verantwortlich. Die Aufnahme von Links zu solchen Websites durch die ESC bedeutet weder eine Billigung der Inhalte dieser Websites noch eine Verbindung zu deren Betreibern. Der Nutzer ist allein verantwortlich f\u00fcr die Bewertung der Richtigkeit und Vollst\u00e4ndigkeit der auf den Websites Dritter enthaltenen Informationen sowie des Wertes und der Integrit\u00e4t der auf diesen Websites angebotenen Waren und Dienstleistungen.<\/p>\n<p>Wenn diese Nutzungsbedingungen nicht vollst\u00e4ndig akzeptiert werden, muss die Nutzung dieser Website unverz\u00fcglich beendet werden.<\/p>\n","protected":false},"excerpt":{"rendered":"<p>ZWECK DIESER WEBSITE: Zur Verbesserung der Lebensqualit\u00e4t und Gesundheit von Patienten mit Vorhofflimmern beizutragen. Um Patienten, ihren Angeh\u00f6rigen und Betreuern zu helfen, Vorhofflimmern besser zu verstehen. Alle Empfehlungen auf dieser Website stehen im Einklang mit den europ\u00e4ischen Leitlinien (finden Sie hier die Praxisleitlinien der Europ\u00e4ischen Gesellschaft f\u00fcr Kardiologie Praxis zum Thema Vorhofflimmern). 1.Nutzungsbedingungen Die Website [&hellip;]<\/p>\n","protected":false},"author":1,"featured_media":0,"parent":0,"menu_order":0,"comment_status":"closed","ping_status":"closed","template":"","meta":{"_acf_changed":false,"footnotes":""},"categories":[],"tags":[],"class_list":["post-1552","page","type-page","status-publish","hentry"],"acf":[],"_links":{"self":[{"href":"https:\/\/www.afibmatters.org\/de\/wp-json\/wp\/v2\/pages\/1552","targetHints":{"allow":["GET"]}}],"collection":[{"href":"https:\/\/www.afibmatters.org\/de\/wp-json\/wp\/v2\/pages"}],"about":[{"href":"https:\/\/www.afibmatters.org\/de\/wp-json\/wp\/v2\/types\/page"}],"author":[{"embeddable":true,"href":"https:\/\/www.afibmatters.org\/de\/wp-json\/wp\/v2\/users\/1"}],"replies":[{"embeddable":true,"href":"https:\/\/www.afibmatters.org\/de\/wp-json\/wp\/v2\/comments?post=1552"}],"version-history":[{"count":0,"href":"https:\/\/www.afibmatters.org\/de\/wp-json\/wp\/v2\/pages\/1552\/revisions"}],"wp:attachment":[{"href":"https:\/\/www.afibmatters.org\/de\/wp-json\/wp\/v2\/media?parent=1552"}],"wp:term":[{"taxonomy":"category","embeddable":true,"href":"https:\/\/www.afibmatters.org\/de\/wp-json\/wp\/v2\/categories?post=1552"},{"taxonomy":"post_tag","embeddable":true,"href":"https:\/\/www.afibmatters.org\/de\/wp-json\/wp\/v2\/tags?post=1552"}],"curies":[{"name":"wp","href":"https:\/\/api.w.org\/{rel}","templated":true}]}}