{"id":1541,"date":"2020-03-03T11:57:33","date_gmt":"2020-03-03T11:57:33","guid":{"rendered":"https:\/\/www.afibmatters.org\/was-kann-ich-tun\/"},"modified":"2021-08-03T15:15:52","modified_gmt":"2021-08-03T14:15:52","slug":"was-kann-ich-tun","status":"publish","type":"page","link":"https:\/\/www.afibmatters.org\/de\/was-kann-ich-tun\/","title":{"rendered":"Was kann ich tun?"},"content":{"rendered":"<p>Obgleich es viele M\u00f6glichkeiten gibt, um Vorhofflimmern zu behandeln, ist die beste Vorgehensweise, Ihren Hausarzt zu konsultieren, falls Sie sich Sorgen um Ihre Herzgesundheit machen. Sie sollten vor allem mit Ihrem Hausarzt sprechen, wenn Sie eine pl\u00f6tzliche Ver\u00e4nderung oder Unregelm\u00e4\u00dfigkeit Ihres Ruhepulses bemerken, wenn dieser weniger als 60 Schl\u00e4ge pro Minute oder mehr als 100 Schl\u00e4ge pro Minute betr\u00e4gt und wenn Sie andere Symptome eines Vorhofflimmerns wie Schwindel, Atemnot und M\u00fcdigkeit versp\u00fcren.<\/p>\n<p>Abgesehen von der Verwendung von Medikamenten oder medizinischen Eingriffen k\u00f6nnen Sie Ihre Herzgesundheit verbessern, indem Sie Ihre Ern\u00e4hrung umstellen und Ihren Lebensstil langfristig ver\u00e4ndern.<\/p>\n<p>&nbsp;<\/p>\n<h2><a href=\"https:\/\/www.afibmatters.org\/de\/was-kann-ich-tun\/wie-sollte-ich-mein-leben-aendern\/\">Wie sollte ich mein Leben \u00e4ndern?<\/a><\/h2>\n<p>Regelm\u00e4\u00dfige, moderate Bewegung ist eine gute M\u00f6glichkeit f\u00fcr die meisten Menschen, um das Risiko von Herzerkrankungen zu verringern, da dies dabei hilft, den biologischen Rhythmus zu regulieren, das Gewicht unter Kontrolle zu halten und Ihre Stimmung und Ihren Schlaf zu verbessern. Sprechen Sie stets mit Ihrem Arzt oder qualifiziertem medizinischen Fachpersonal, bevor Sie mit einem Trainingsprogramm beginnen.<\/p>\n<p>Alkoholkonsum ist mit einem erh\u00f6hten Risiko auf Vorhofflimmern verbunden. Ein geringer bis moderater Alkoholkonsum muss nicht unbedingt zu gr\u00f6\u00dferen Problemen f\u00fchren, ein \u00fcberm\u00e4\u00dfiger Alkoholkonsum sollte jedoch vermieden werden. Falls ein geringer bis moderater Alkoholkonsum ein Vorhofflimmern ausl\u00f6st, wird empfohlen, vollst\u00e4ndig auf Alkohol zu verzichten.<\/p>\n<p>Ein aktiver Lebensstil, der auf eine gesunde Ern\u00e4hrung abgestimmt ist, ist entscheidend f\u00fcr das Management Ihrer Herzgesundheit. Es wird empfohlen, stark bearbeitete oder fettreiche Lebensmittel aus dem Ern\u00e4hrungsplan zu streichen, beispielsweise durch den Umstieg auf eine mediterrane Ern\u00e4hrung. Falls Sie Bluthochdruck haben, empfiehlt es sich auch, Ihren Salzkonsum zu senken.<\/p>\n<p>Stress und Fettleibigkeit sind mit der Entstehung von Vorhofflimmern verbunden. Es empfiehlt sich, den Stresslevel durch verschiedene Techniken wie Atem\u00fcbungen, Meditation oder Yoga zu minimieren. Regelm\u00e4\u00dfige, moderate Bewegung und eine gesunde Ern\u00e4hrung k\u00f6nnen zu einer besseren Gewichtsregulierung beitragen, was widerum bei der Pr\u00e4vention oder beim Management von Vorhofflimmern helfen kann. Messen Sie Ihre K\u00f6rpergr\u00f6\u00dfe und Ihr Gewicht, berechnen Sie Ihren BMI und senken Sie diesen auf unter 25. Ein Gewichtsverlust verl\u00e4uft schrittweise und kann lange Zeit dauern \u2013 dranzubleiben lohnt sich aber!<\/p>\n<p>Rauchen senkt den Sauerstoffgehalt im Blut und erh\u00f6ht den Herzschlag, w\u00e4hrend Koffein Ihren Blutdruck und Ihre Herzfrequenz erh\u00f6hen kann. Infolgedessen ist es ratsam, mit dem Rauchen aufzuh\u00f6ren (was auch Ihre Lungengesundheit verbessern wird) und Koffein auf nicht mehr als 2-3 Tassen pro Tag zu begrenzen, um Ihre Herzgesundheit besser in den Griff zu bekommen.<\/p>\n<p>&nbsp;<\/p>\n<h2><a href=\"https:\/\/www.afibmatters.org\/de\/was-kann-ich-tun\/wie-sollte-ich-mein-leben-aendern\/kann-ich-eine-reiseversicherung-abschliessen-wenn-ich-vorhofflimmern-habe\/\">Kann ich eine Reiseversicherung abschlie\u00dfen, wenn ich ein Vorhofflimmern habe?<\/a><\/h2>\n<p>Die meisten Patienten mit Vorhofflimmern k\u00f6nnen eine Reiseversicherung abschlie\u00dfen. Die Reiseversicherungspolice umfasst in der Regel eine Krankenversicherung. M\u00f6glicherweise m\u00fcssen Sie jedoch h\u00f6here Pr\u00e4mien zahlen, da manche Versicherungen keine bereits bestehenden Herzerkrankungen abdecken. Die meisten Reiseversicherer m\u00fcssen wissen, ob Sie in der Vergangenheit von Herzerkrankungen betroffen waren, unabh\u00e4ngig davon, wie lange dies her ist.<\/p>\n<p>Es wird empfohlen, die Versicherungspolicen von mehreren Reiseversicherungsunternehmen zu vergleichen, um festzustellen, ob diese Reisende mit bestehenden Herzerkrankungen versichern, damit Ihr Versicherungsschutz sichergestellt ist.<\/p>\n<p>&nbsp;<\/p>\n<h2><a href=\"https:\/\/www.afibmatters.org\/de\/was-kann-ich-tun\/wo-erhalte-ich-weitere-beratung-und-unterstuetzung\/\">Wo erhalte ich weitere Beratung und Unterst\u00fctzung?<\/a><\/h2>\n<p>Sie sollten stets Ihren Arzt konsultieren, wenn es um Ihre allgemeine Gesundheit und Herzgesundheit geht. Alternativ dazu k\u00f6nnen Sie sich an einen Kardiologen oder an einen anderen Facharzt wenden, wenn Sie bereits eine Herzerkrankung haben und an einen solchen Spezialisten \u00fcberwiesen wurden.<\/p>\n<p>&nbsp;<\/p>\n","protected":false},"excerpt":{"rendered":"<p>Obgleich es viele M\u00f6glichkeiten gibt, um Vorhofflimmern zu behandeln, ist die beste Vorgehensweise, Ihren Hausarzt zu konsultieren, falls Sie sich Sorgen um Ihre Herzgesundheit machen. Sie sollten vor allem mit Ihrem Hausarzt sprechen, wenn Sie eine pl\u00f6tzliche Ver\u00e4nderung oder Unregelm\u00e4\u00dfigkeit Ihres Ruhepulses bemerken, wenn dieser weniger als 60 Schl\u00e4ge pro Minute oder mehr als 100 [&hellip;]<\/p>\n","protected":false},"author":1,"featured_media":0,"parent":0,"menu_order":23,"comment_status":"closed","ping_status":"closed","template":"templates\/parent.php","meta":{"_acf_changed":false,"footnotes":""},"categories":[63],"tags":[],"class_list":["post-1541","page","type-page","status-publish","hentry","category-was-kann-ich-tun"],"acf":[],"_links":{"self":[{"href":"https:\/\/www.afibmatters.org\/de\/wp-json\/wp\/v2\/pages\/1541","targetHints":{"allow":["GET"]}}],"collection":[{"href":"https:\/\/www.afibmatters.org\/de\/wp-json\/wp\/v2\/pages"}],"about":[{"href":"https:\/\/www.afibmatters.org\/de\/wp-json\/wp\/v2\/types\/page"}],"author":[{"embeddable":true,"href":"https:\/\/www.afibmatters.org\/de\/wp-json\/wp\/v2\/users\/1"}],"replies":[{"embeddable":true,"href":"https:\/\/www.afibmatters.org\/de\/wp-json\/wp\/v2\/comments?post=1541"}],"version-history":[{"count":3,"href":"https:\/\/www.afibmatters.org\/de\/wp-json\/wp\/v2\/pages\/1541\/revisions"}],"predecessor-version":[{"id":4882,"href":"https:\/\/www.afibmatters.org\/de\/wp-json\/wp\/v2\/pages\/1541\/revisions\/4882"}],"wp:attachment":[{"href":"https:\/\/www.afibmatters.org\/de\/wp-json\/wp\/v2\/media?parent=1541"}],"wp:term":[{"taxonomy":"category","embeddable":true,"href":"https:\/\/www.afibmatters.org\/de\/wp-json\/wp\/v2\/categories?post=1541"},{"taxonomy":"post_tag","embeddable":true,"href":"https:\/\/www.afibmatters.org\/de\/wp-json\/wp\/v2\/tags?post=1541"}],"curies":[{"name":"wp","href":"https:\/\/api.w.org\/{rel}","templated":true}]}}