{"id":1526,"date":"2020-03-03T11:57:12","date_gmt":"2020-03-03T11:57:12","guid":{"rendered":"https:\/\/www.afibmatters.org\/was-kann-mein-arzt-tun\/wie-man-einer-herzinsuffizienz-vorbeugt\/"},"modified":"2020-03-03T11:57:12","modified_gmt":"2020-03-03T11:57:12","slug":"wie-man-einer-herzinsuffizienz-vorbeugt","status":"publish","type":"page","link":"https:\/\/www.afibmatters.org\/de\/was-kann-mein-arzt-tun\/wie-man-einer-herzinsuffizienz-vorbeugt\/","title":{"rendered":"Wie man einer Herzinsuffizienz vorbeugt"},"content":{"rendered":"<p>Die normale Frequenz des Herzens betr\u00e4gt 60-100 Schl\u00e4ge pro Minute im Ruhezustand. Wenn Vorhofflimmern auftritt, erh\u00f6ht sich die Herzfrequenz auf 150 \u2013 180 Schl\u00e4ge pro Minute oder h\u00f6her. Selbst bei normaler Herzfunktion zu Beginn k\u00f6nnen langanhaltende hohe Herzfrequenzen Ihr Herz sch\u00e4digen, dieser Zustand wird als Tachykardiomyopathie bezeichnet. Wenn der Versuch, den Sinusrhythmus wiederherzustellen, fehlschl\u00e4gt, ist es von gr\u00f6\u00dfter Wichtigkeit, die Herzfrequenz zu verlangsamen.<\/p>\n<p>Es ist sehr wichtig, dass Sie den Rat Ihres Arztes befolgen und Ihre Medikamente wie verschrieben einnehmen.<\/p>\n<p>&nbsp;<\/p>\n<p>&nbsp;<\/p>\n","protected":false},"excerpt":{"rendered":"<p>Die normale Frequenz des Herzens betr\u00e4gt 60-100 Schl\u00e4ge pro Minute im Ruhezustand. Wenn Vorhofflimmern auftritt, erh\u00f6ht sich die Herzfrequenz auf 150 \u2013 180 Schl\u00e4ge pro Minute oder h\u00f6her. Selbst bei normaler Herzfunktion zu Beginn k\u00f6nnen langanhaltende hohe Herzfrequenzen Ihr Herz sch\u00e4digen, dieser Zustand wird als Tachykardiomyopathie bezeichnet. Wenn der Versuch, den Sinusrhythmus wiederherzustellen, fehlschl\u00e4gt, ist [&hellip;]<\/p>\n","protected":false},"author":1,"featured_media":0,"parent":1459,"menu_order":21,"comment_status":"closed","ping_status":"closed","template":"","meta":{"_acf_changed":false,"footnotes":""},"categories":[57],"tags":[],"class_list":["post-1526","page","type-page","status-publish","hentry","category-was-kann-mein-arzt-tun"],"acf":[],"_links":{"self":[{"href":"https:\/\/www.afibmatters.org\/de\/wp-json\/wp\/v2\/pages\/1526","targetHints":{"allow":["GET"]}}],"collection":[{"href":"https:\/\/www.afibmatters.org\/de\/wp-json\/wp\/v2\/pages"}],"about":[{"href":"https:\/\/www.afibmatters.org\/de\/wp-json\/wp\/v2\/types\/page"}],"author":[{"embeddable":true,"href":"https:\/\/www.afibmatters.org\/de\/wp-json\/wp\/v2\/users\/1"}],"replies":[{"embeddable":true,"href":"https:\/\/www.afibmatters.org\/de\/wp-json\/wp\/v2\/comments?post=1526"}],"version-history":[{"count":0,"href":"https:\/\/www.afibmatters.org\/de\/wp-json\/wp\/v2\/pages\/1526\/revisions"}],"up":[{"embeddable":true,"href":"https:\/\/www.afibmatters.org\/de\/wp-json\/wp\/v2\/pages\/1459"}],"wp:attachment":[{"href":"https:\/\/www.afibmatters.org\/de\/wp-json\/wp\/v2\/media?parent=1526"}],"wp:term":[{"taxonomy":"category","embeddable":true,"href":"https:\/\/www.afibmatters.org\/de\/wp-json\/wp\/v2\/categories?post=1526"},{"taxonomy":"post_tag","embeddable":true,"href":"https:\/\/www.afibmatters.org\/de\/wp-json\/wp\/v2\/tags?post=1526"}],"curies":[{"name":"wp","href":"https:\/\/api.w.org\/{rel}","templated":true}]}}