{"id":1504,"date":"2020-03-03T11:57:04","date_gmt":"2020-03-03T11:57:04","guid":{"rendered":"https:\/\/www.afibmatters.org\/was-kann-mein-arzt-tun\/wie-ein-rueckfall-verhindert-werden-kann\/"},"modified":"2020-03-03T11:57:04","modified_gmt":"2020-03-03T11:57:04","slug":"wie-ein-rueckfall-verhindert-werden-kann","status":"publish","type":"page","link":"https:\/\/www.afibmatters.org\/de\/was-kann-mein-arzt-tun\/wie-ein-rueckfall-verhindert-werden-kann\/","title":{"rendered":"Wie ein R\u00fcckfall verhindert werden kann"},"content":{"rendered":"<p>Um ein Wiederauftreten der Arrhythmie zu verhindern, ist es sehr wichtig, dass Sie entsprechend der Empfehlungen Ihres Arztes \u00c4nderungen an Ihrem Lebensstil vornehmen und die Risikofaktorkontrolle wie besprochen durchf\u00fchren.<\/p>\n<blockquote><p>Weiterlesen: <a href=\"https:\/\/www.afibmatters.org\/what-can-i-do\/how-should-i-change-my-life\/\">Wie sollte ich mein Leben ver\u00e4ndern?<\/a><\/p><\/blockquote>\n<p>Dar\u00fcber hinaus k\u00f6nnen spezifische Medikamente und Ablationsverfahren dazu beitragen, die Wahrscheinlichkeit einer wiederkehrenden Arrhythmie zu verringern<strong> (Verkn\u00fcpfung &#8211; Wiederherstellung des normalen Rhythmus mit Medikamenten; Wiederherstellung des normalen Rhythmus mit Ablation).<\/strong><\/p>\n<blockquote><p>Weiterlesen:<\/p>\n<ul>\n<li><a href=\"https:\/\/www.afibmatters.org\/what-can-my-doctor-do\/restore-a-normal-heart-rhythm\/\">Wiederherstellung des normalen Rhythmus mit Medikamenten<\/a><\/li>\n<li><a href=\"https:\/\/www.afibmatters.org\/what-can-my-doctor-do\/atrial-fibrillation-ablation\/\">Wiederherstellung des normalen Rhythmus mit Ablation<\/a><\/li>\n<\/ul>\n<p>&nbsp;<\/p><\/blockquote>\n","protected":false},"excerpt":{"rendered":"<p>Um ein Wiederauftreten der Arrhythmie zu verhindern, ist es sehr wichtig, dass Sie entsprechend der Empfehlungen Ihres Arztes \u00c4nderungen an Ihrem Lebensstil vornehmen und die Risikofaktorkontrolle wie besprochen durchf\u00fchren. Weiterlesen: Wie sollte ich mein Leben ver\u00e4ndern? Dar\u00fcber hinaus k\u00f6nnen spezifische Medikamente und Ablationsverfahren dazu beitragen, die Wahrscheinlichkeit einer wiederkehrenden Arrhythmie zu verringern (Verkn\u00fcpfung &#8211; Wiederherstellung [&hellip;]<\/p>\n","protected":false},"author":1,"featured_media":0,"parent":1459,"menu_order":22,"comment_status":"closed","ping_status":"closed","template":"","meta":{"_acf_changed":false,"footnotes":""},"categories":[57],"tags":[],"class_list":["post-1504","page","type-page","status-publish","hentry","category-was-kann-mein-arzt-tun"],"acf":[],"_links":{"self":[{"href":"https:\/\/www.afibmatters.org\/de\/wp-json\/wp\/v2\/pages\/1504","targetHints":{"allow":["GET"]}}],"collection":[{"href":"https:\/\/www.afibmatters.org\/de\/wp-json\/wp\/v2\/pages"}],"about":[{"href":"https:\/\/www.afibmatters.org\/de\/wp-json\/wp\/v2\/types\/page"}],"author":[{"embeddable":true,"href":"https:\/\/www.afibmatters.org\/de\/wp-json\/wp\/v2\/users\/1"}],"replies":[{"embeddable":true,"href":"https:\/\/www.afibmatters.org\/de\/wp-json\/wp\/v2\/comments?post=1504"}],"version-history":[{"count":0,"href":"https:\/\/www.afibmatters.org\/de\/wp-json\/wp\/v2\/pages\/1504\/revisions"}],"up":[{"embeddable":true,"href":"https:\/\/www.afibmatters.org\/de\/wp-json\/wp\/v2\/pages\/1459"}],"wp:attachment":[{"href":"https:\/\/www.afibmatters.org\/de\/wp-json\/wp\/v2\/media?parent=1504"}],"wp:term":[{"taxonomy":"category","embeddable":true,"href":"https:\/\/www.afibmatters.org\/de\/wp-json\/wp\/v2\/categories?post=1504"},{"taxonomy":"post_tag","embeddable":true,"href":"https:\/\/www.afibmatters.org\/de\/wp-json\/wp\/v2\/tags?post=1504"}],"curies":[{"name":"wp","href":"https:\/\/api.w.org\/{rel}","templated":true}]}}