{"id":1496,"date":"2020-03-03T11:57:02","date_gmt":"2020-03-03T11:57:02","guid":{"rendered":"https:\/\/www.afibmatters.org\/was-kann-mein-arzt-tun\/was-ist-eine-kardioversion\/"},"modified":"2020-03-03T11:57:02","modified_gmt":"2020-03-03T11:57:02","slug":"was-ist-eine-kardioversion","status":"publish","type":"page","link":"https:\/\/www.afibmatters.org\/de\/was-kann-mein-arzt-tun\/was-ist-eine-kardioversion\/","title":{"rendered":"Was ist eine Kardioversion?"},"content":{"rendered":"<p>Die elektrische Kardioversion wird im Krankenhaus mit einem sogenannten <strong>Defibrillator<\/strong> durchgef\u00fchrt. Der Stromschlag wird \u00fcber zwei gro\u00dfe Aufkleber (Elektroden) auf dem Brustkorb abgegeben. Die Aufkleber werden in der Regel auf der Vorder- und R\u00fcckseite des Brustkorbs oder auf der rechten und linken Seite des Brustkorbs angebracht.<\/p>\n<p>Dieser Eingriff ist in der Regel im Voraus geplant und beinhaltet die Abgabe eines kontrollierten Stromschlags auf Ihre Brust, der auf das Herz gerichtet ist. Der elektrische Impuls ist stark genug, um alle vom Herzen erzeugten elektrischen Signale kurzzeitig zu stoppen und erlaubt es dem nat\u00fcrlichen Herzschrittmacher: \u201edem Sinusknoten\u201d, die Kontrolle \u00fcber den Herzrhythmus wieder zu erlangen.<\/p>\n<p><img loading=\"lazy\" decoding=\"async\" class=\"alignleft wp-image-479 size-large\" src=\"https:\/\/cdn-endpoint-afib.azureedge.net\/afibmatters\/2019\/12\/iStock-155152624-1024x683.jpg\" alt=\"\" width=\"1024\" height=\"683\" srcset=\"https:\/\/cdn-endpoint-afib.azureedge.net\/afibmatters\/2019\/12\/iStock-155152624-1024x683.jpg 1024w, https:\/\/cdn-endpoint-afib.azureedge.net\/afibmatters\/2019\/12\/iStock-155152624-300x200.jpg 300w, https:\/\/cdn-endpoint-afib.azureedge.net\/afibmatters\/2019\/12\/iStock-155152624-768x512.jpg 768w, https:\/\/cdn-endpoint-afib.azureedge.net\/afibmatters\/2019\/12\/iStock-155152624-1536x1024.jpg 1536w, https:\/\/cdn-endpoint-afib.azureedge.net\/afibmatters\/2019\/12\/iStock-155152624-2048x1365.jpg 2048w, https:\/\/cdn-endpoint-afib.azureedge.net\/afibmatters\/2019\/12\/iStock-155152624-500x333.jpg 500w, https:\/\/www.afibmatters.org\/wp-content\/uploads\/2019\/12\/iStock-155152624-659x439.jpg 659w, https:\/\/www.afibmatters.org\/wp-content\/uploads\/2019\/12\/iStock-155152624-696x464.jpg 696w\" sizes=\"auto, (max-width: 1024px) 100vw, 1024px\" \/><\/p>\n<p>Vor der Kardioversion werden Sie eine Sedierung (An\u00e4sthetikum) erhalten, damit Sie sich schl\u00e4frig f\u00fchlen, weshalb Sie w\u00e4hrend der Kardioversion nichts f\u00fchlen werden. Bringt der erste Stromschlag Ihr Herz nicht wieder in einen normalen Rhythmus (Sinusrhythmus), wird Ihnen ein weiterer Stromschlag mit einem etwas st\u00e4rkeren elektrischen Impuls versetzt. W\u00e4hrend der Kardioversion sollten Sie keine Schmerzen sp\u00fcren, aber oft k\u00f6nnen die Bereiche unter den Elektroden ein oder zwei Tage nach dem Eingriff etwas wund sein.<\/p>\n<p>Sie sollten sich bewusst sein, dass es auch <strong>nach einer erfolgreichen Kardioversion<\/strong> (Ihr Herzrhythmus hat wieder einen normalen Sinusrhythmus erreicht) m\u00f6glich ist, dass <strong>Vorhofflimmern wieder auftritt<\/strong>. Dies geschieht bei etwa der H\u00e4lfte der Patienten im ersten Jahr nach der Kardioversion. Ob Vorhofflimmern wieder auftritt, h\u00e4ngt von vielen Faktoren ab. Es ist allerdings wahrscheinlicher, wenn Sie andere Herzprobleme haben (einschlie\u00dflich Bluthochdruck) und wenn Sie seit mehr als 1 Jahr Vorhofflimmern hatten.<\/p>\n<p>&nbsp;<\/p>\n<p>&nbsp;<\/p>\n","protected":false},"excerpt":{"rendered":"<p>Die elektrische Kardioversion wird im Krankenhaus mit einem sogenannten Defibrillator durchgef\u00fchrt. Der Stromschlag wird \u00fcber zwei gro\u00dfe Aufkleber (Elektroden) auf dem Brustkorb abgegeben. Die Aufkleber werden in der Regel auf der Vorder- und R\u00fcckseite des Brustkorbs oder auf der rechten und linken Seite des Brustkorbs angebracht. Dieser Eingriff ist in der Regel im Voraus geplant [&hellip;]<\/p>\n","protected":false},"author":1,"featured_media":0,"parent":1459,"menu_order":17,"comment_status":"closed","ping_status":"closed","template":"","meta":{"_acf_changed":false,"footnotes":""},"categories":[57],"tags":[],"class_list":["post-1496","page","type-page","status-publish","hentry","category-was-kann-mein-arzt-tun"],"acf":[],"_links":{"self":[{"href":"https:\/\/www.afibmatters.org\/de\/wp-json\/wp\/v2\/pages\/1496","targetHints":{"allow":["GET"]}}],"collection":[{"href":"https:\/\/www.afibmatters.org\/de\/wp-json\/wp\/v2\/pages"}],"about":[{"href":"https:\/\/www.afibmatters.org\/de\/wp-json\/wp\/v2\/types\/page"}],"author":[{"embeddable":true,"href":"https:\/\/www.afibmatters.org\/de\/wp-json\/wp\/v2\/users\/1"}],"replies":[{"embeddable":true,"href":"https:\/\/www.afibmatters.org\/de\/wp-json\/wp\/v2\/comments?post=1496"}],"version-history":[{"count":0,"href":"https:\/\/www.afibmatters.org\/de\/wp-json\/wp\/v2\/pages\/1496\/revisions"}],"up":[{"embeddable":true,"href":"https:\/\/www.afibmatters.org\/de\/wp-json\/wp\/v2\/pages\/1459"}],"wp:attachment":[{"href":"https:\/\/www.afibmatters.org\/de\/wp-json\/wp\/v2\/media?parent=1496"}],"wp:term":[{"taxonomy":"category","embeddable":true,"href":"https:\/\/www.afibmatters.org\/de\/wp-json\/wp\/v2\/categories?post=1496"},{"taxonomy":"post_tag","embeddable":true,"href":"https:\/\/www.afibmatters.org\/de\/wp-json\/wp\/v2\/tags?post=1496"}],"curies":[{"name":"wp","href":"https:\/\/api.w.org\/{rel}","templated":true}]}}