{"id":1489,"date":"2020-03-03T11:56:59","date_gmt":"2020-03-03T11:56:59","guid":{"rendered":"https:\/\/www.afibmatters.org\/was-kann-mein-arzt-tun\/nuetzliche-tests\/"},"modified":"2020-03-03T11:56:59","modified_gmt":"2020-03-03T11:56:59","slug":"nuetzliche-tests","status":"publish","type":"page","link":"https:\/\/www.afibmatters.org\/de\/was-kann-mein-arzt-tun\/nuetzliche-tests\/","title":{"rendered":"N\u00fctzliche Tests"},"content":{"rendered":"<h2>\u00dcberwachung von EKG und Herzrhythmus<\/h2>\n<h3>Elektrokardiogramm (EKG)<\/h3>\n<p>&nbsp;<\/p>\n<p>Der wichtigste Test zur Diagnose von Vorhofflimmern ist das Elektrokardiogramm (EKG). Spezielle Aufkleber (Elektroden) werden an Armen, Beinen und auf der Brust angebracht (siehe Bild unten) und die elektrische Aktivit\u00e4t Ihres Herzens wird von Ihrer Haut aufgezeichnet. Der gesamte Eingriff dauert in der Regel nur wenige Minuten und kann in Ihrer Hausarztpraxis oder in einem Krankenhaus durchgef\u00fchrt werden.<\/p>\n<p><img loading=\"lazy\" decoding=\"async\" class=\"size-large wp-image-1073\" src=\"https:\/\/cdn-endpoint-afib.azureedge.net\/afibmatters\/2020\/01\/iStock-171372917-1024x683.jpg\" alt=\"\" width=\"1024\" height=\"683\" srcset=\"https:\/\/cdn-endpoint-afib.azureedge.net\/afibmatters\/2020\/01\/iStock-171372917-1024x683.jpg 1024w, https:\/\/cdn-endpoint-afib.azureedge.net\/afibmatters\/2020\/01\/iStock-171372917-300x200.jpg 300w, https:\/\/cdn-endpoint-afib.azureedge.net\/afibmatters\/2020\/01\/iStock-171372917-768x512.jpg 768w, https:\/\/cdn-endpoint-afib.azureedge.net\/afibmatters\/2020\/01\/iStock-171372917-1536x1024.jpg 1536w, https:\/\/cdn-endpoint-afib.azureedge.net\/afibmatters\/2020\/01\/iStock-171372917-2048x1365.jpg 2048w, https:\/\/cdn-endpoint-afib.azureedge.net\/afibmatters\/2020\/01\/iStock-171372917-500x333.jpg 500w\" sizes=\"auto, (max-width: 1024px) 100vw, 1024px\" \/><\/p>\n<p>Da ein standardm\u00e4\u00dfiges Ruhe-EKG den Herzschlag nur f\u00fcr einige Sekunden aufzeichnet, kann eine l\u00e4ngere \u00dcberwachung erforderlich sein, wenn w\u00e4hrend dieser Zeit kein Vorhofflimmern auftritt.<\/p>\n<p>&nbsp;<\/p>\n<h3>\u00dcberwachung des Herzens<\/h3>\n<p><img loading=\"lazy\" decoding=\"async\" class=\"alignnone size-large wp-image-1007\" src=\"https:\/\/cdn-endpoint-afib.azureedge.net\/afibmatters\/2020\/01\/shutterstock_1084333610-1024x683.jpg\" alt=\"\" width=\"1024\" height=\"683\" srcset=\"https:\/\/cdn-endpoint-afib.azureedge.net\/afibmatters\/2020\/01\/shutterstock_1084333610-1024x683.jpg 1024w, https:\/\/cdn-endpoint-afib.azureedge.net\/afibmatters\/2020\/01\/shutterstock_1084333610-300x200.jpg 300w, https:\/\/cdn-endpoint-afib.azureedge.net\/afibmatters\/2020\/01\/shutterstock_1084333610-768x512.jpg 768w, https:\/\/cdn-endpoint-afib.azureedge.net\/afibmatters\/2020\/01\/shutterstock_1084333610-1536x1024.jpg 1536w, https:\/\/cdn-endpoint-afib.azureedge.net\/afibmatters\/2020\/01\/shutterstock_1084333610-2048x1365.jpg 2048w, https:\/\/cdn-endpoint-afib.azureedge.net\/afibmatters\/2020\/01\/shutterstock_1084333610-500x333.jpg 500w\" sizes=\"auto, (max-width: 1024px) 100vw, 1024px\" \/><\/p>\n<p>Wenn Ihr Vorhofflimmern nur f\u00fcr einen kurzen Zeitraum andauert, kann es notwendig sein, Ihr Herz f\u00fcr 24 Stunden oder l\u00e4nger (manchmal f\u00fcr 7 Tage oder l\u00e4nger) zu \u00fcberwachen. Bei diesem Langzeit-EKG, auch \u201e<strong>Holter-EKG<\/strong>\u201c genannt, wird ein kleines Aufzeichnungsger\u00e4t verwendet, das mit 4 speziellen Dr\u00e4hten an speziellen, auf ihrer Brust angebrachten Aufklebern (Elektroden) befestigt ist (siehe oben). Das Ger\u00e4t l\u00e4sst sich w\u00e4hrend Ihres Tagesgesch\u00e4fts leicht unter der Kleidung tragen. Ein Tagebuch \u00fcber Ihre Aktivit\u00e4ten und alle Symptome, die Sie w\u00e4hrend des Tragens des Ger\u00e4ts erleben, kann hilfreich sein. Dieser Test wird Ihrem Arzt detaillierte Informationen \u00fcber Ihren Herzrhythmus und die Korrelation mit Ihren Symptomen liefern.<\/p>\n<p>Ein alternativer Test ist <strong>die Ereignis\u00fcberwachung. <\/strong>Dieser Monitor zeichnet nicht ununterbrochen auf, sondern zeichnet Ihr EKG stattdessen automatisch zu bestimmten Zeiten auf oder wenn Sie manuell eine Aufnahme ausl\u00f6sen, z. B. wenn Sie Symptome versp\u00fcren. Diese tragbaren Ereignismonitore k\u00f6nnen in der Regel f\u00fcr bis zu 2 Wochen verwendet werden.<\/p>\n<p>Wenn Vorhofflimmern immer noch nicht erkannt, aber vermutet wird, kann ein <strong>implantierbarer Herzmonitor<\/strong> f\u00fcr die kontinuierliche Herzrhythmus\u00fcberwachung verwendet werden. Diese Monitore befinden sich unter der Brusthaut und k\u00f6nnen Ver\u00e4nderungen des Herzrhythmus aufzeichnen, in der Regel f\u00fcr bis zu drei Jahre.<\/p>\n<p>Neue Technologien, die in Smartphones und Smartwatches integriert sind, erm\u00f6glichen Patienten die Nutzung Ihrer eigenen Monitore (tragbare Ger\u00e4te oder Wearables genannt), um Ihren Herzrhythmus auf einer EKG-Abtastung aufzuzeichnen. Die Zuverl\u00e4ssigkeit dieser Ger\u00e4te wird derzeit in klinischen Studien getestet. Um Vorhofflimmern zu diagnostizieren, sollten diese Aufzeichnungen von einem Arzt untersucht werden.<\/p>\n<p>&nbsp;<\/p>\n<h2>Ultraschallkardiografie<\/h2>\n<p><img loading=\"lazy\" decoding=\"async\" class=\"alignnone wp-image-1017 size-full\" src=\"https:\/\/cdn-endpoint-afib.azureedge.net\/afibmatters\/2020\/01\/echocardiogram-1.jpg\" alt=\"\" width=\"800\" height=\"534\" srcset=\"https:\/\/cdn-endpoint-afib.azureedge.net\/afibmatters\/2020\/01\/echocardiogram-1.jpg 800w, https:\/\/cdn-endpoint-afib.azureedge.net\/afibmatters\/2020\/01\/echocardiogram-1-300x200.jpg 300w, https:\/\/cdn-endpoint-afib.azureedge.net\/afibmatters\/2020\/01\/echocardiogram-1-768x513.jpg 768w, https:\/\/cdn-endpoint-afib.azureedge.net\/afibmatters\/2020\/01\/echocardiogram-1-500x334.jpg 500w\" sizes=\"auto, (max-width: 800px) 100vw, 800px\" \/><\/p>\n<h3>Echokardiogramm<\/h3>\n<p>Wenn bei Ihnen Vorhofflimmern diagnostiziert wurde, kann Ihr Arzt Ihr Herz mit einem Echokardiogramm untersuchen, das oft als \u201eEcho\u201d oder \u201eHerzultraschall\u201d bezeichnet wird. W\u00e4hrend dieses Tests scannt ein Arzt oder ein Kardiotechniker Ihre Brust mit einer Handsonde mit etwas Gel darauf, um die Gr\u00f6\u00dfe und Funktion der vier Hauptkammern des Herzens, des Herzmuskels und der Klappen zu \u00fcberpr\u00fcfen.<br \/>\nEin Echokardiogramm hilft Ihrem Arzt nicht, Vorhofflimmern zu erkennen, aber es liefert wichtige Informationen \u00fcber die Wirkung von Vorhofflimmern auf Ihr Herz und f\u00fcr Ihre Prognose.<\/p>\n<h3>Trans\u00f6sophageale Echokardiographie<\/h3>\n<p>Manchmal entscheidet sich Ihr Arzt daf\u00fcr, Ihr Herz mit einem trans\u00f6sophagealen Echokardiogramm, auch \u201eTEE\u201c genannt, zu untersuchen. W\u00e4hrend dieses Tests wird ein flexibler Schlauch durch den Mund eingef\u00fchrt und in Ihre Speiser\u00f6hre gelegt. Da das Herz direkt vor der Speiser\u00f6hre positioniert ist, k\u00f6nnen durch TEE sehr detaillierte Bilder der wichtigsten Teile des Herzens geliefert werden. TEE ist ebenfalls der Gold-Standard f\u00fcr Tests zum Nachweis von <strong>Blutgerinnseln<\/strong>, die sich aufgrund von Vorhofflimmern im linken Vorhof bilden k\u00f6nnen.<br \/>\nEin TEE wird oft vor einer Kardioversion verwendet, wenn unklar ist, wann das Vorhofflimmern begonnen hat und Ihr Arzt sicherstellen m\u00f6chte, dass sich in Ihrem Herzen noch keine Blutgerinnsel gebildet haben.<\/p>\n<h2>Weitere Tests<\/h2>\n<p>&nbsp;<\/p>\n<h3>Bluttests<img loading=\"lazy\" decoding=\"async\" class=\"alignnone size-large wp-image-907\" src=\"https:\/\/cdn-endpoint-afib.azureedge.net\/afibmatters\/2020\/01\/shutterstock_189924716-1024x683.jpg\" alt=\"\" width=\"1024\" height=\"683\" srcset=\"https:\/\/cdn-endpoint-afib.azureedge.net\/afibmatters\/2020\/01\/shutterstock_189924716-1024x683.jpg 1024w, https:\/\/cdn-endpoint-afib.azureedge.net\/afibmatters\/2020\/01\/shutterstock_189924716-300x200.jpg 300w, https:\/\/cdn-endpoint-afib.azureedge.net\/afibmatters\/2020\/01\/shutterstock_189924716-768x512.jpg 768w, https:\/\/cdn-endpoint-afib.azureedge.net\/afibmatters\/2020\/01\/shutterstock_189924716-1536x1024.jpg 1536w, https:\/\/cdn-endpoint-afib.azureedge.net\/afibmatters\/2020\/01\/shutterstock_189924716-2048x1365.jpg 2048w, https:\/\/cdn-endpoint-afib.azureedge.net\/afibmatters\/2020\/01\/shutterstock_189924716-500x333.jpg 500w\" sizes=\"auto, (max-width: 1024px) 100vw, 1024px\" \/><\/h3>\n<p>Sobald Vorhofflimmern diagnostiziert ist, k\u00f6nnen Sie auch aufgefordert werden, einige Bluttests durchzuf\u00fchren. Obwohl die Bluttests f\u00fcr die Diagnose nicht erforderlich sind, k\u00f6nnen sie aufzeigen, warum Sie Vorhofflimmern entwickelt haben, zum Beispiel aufgrund von <strong>Schilddr\u00fcsenproblemen<\/strong> oder einem Ungleichgewicht der <strong>Elektrolyte in Ihrem K\u00f6rper<\/strong>. Die Bluttests helfen Ihrem Arzt auch dabei, die beste(n) Behandlungsmethode(n) f\u00fcr Sie auszuw\u00e4hlen.<\/p>\n<h3>Zus\u00e4tzliche Herzbildgebung<\/h3>\n<p>In manchen F\u00e4llen kann Ihr Arzt einen <strong>Belastungstest<\/strong> durchf\u00fchren wollen, um zu untersuchen, was mit Ihrem Herzen geschieht, wenn es schneller schl\u00e4gt. Die <strong>Computertomographie<\/strong> oder <strong>Magnetresonanztomographie<\/strong> des Herzens kann ebenfalls f\u00fcr eine detaillierte Analyse der Struktur und Funktion des Herzens verwendet werden. Ob weitere Untersuchungen erforderlich sind, h\u00e4ngt von Ihrem Zustand ab und sollte mit Ihrem Arzt besprochen werden.<\/p>\n","protected":false},"excerpt":{"rendered":"<p>\u00dcberwachung von EKG und Herzrhythmus Elektrokardiogramm (EKG) &nbsp; Der wichtigste Test zur Diagnose von Vorhofflimmern ist das Elektrokardiogramm (EKG). Spezielle Aufkleber (Elektroden) werden an Armen, Beinen und auf der Brust angebracht (siehe Bild unten) und die elektrische Aktivit\u00e4t Ihres Herzens wird von Ihrer Haut aufgezeichnet. Der gesamte Eingriff dauert in der Regel nur wenige Minuten [&hellip;]<\/p>\n","protected":false},"author":1,"featured_media":0,"parent":1459,"menu_order":14,"comment_status":"closed","ping_status":"closed","template":"","meta":{"_acf_changed":false,"footnotes":""},"categories":[57],"tags":[],"class_list":["post-1489","page","type-page","status-publish","hentry","category-was-kann-mein-arzt-tun"],"acf":[],"_links":{"self":[{"href":"https:\/\/www.afibmatters.org\/de\/wp-json\/wp\/v2\/pages\/1489","targetHints":{"allow":["GET"]}}],"collection":[{"href":"https:\/\/www.afibmatters.org\/de\/wp-json\/wp\/v2\/pages"}],"about":[{"href":"https:\/\/www.afibmatters.org\/de\/wp-json\/wp\/v2\/types\/page"}],"author":[{"embeddable":true,"href":"https:\/\/www.afibmatters.org\/de\/wp-json\/wp\/v2\/users\/1"}],"replies":[{"embeddable":true,"href":"https:\/\/www.afibmatters.org\/de\/wp-json\/wp\/v2\/comments?post=1489"}],"version-history":[{"count":0,"href":"https:\/\/www.afibmatters.org\/de\/wp-json\/wp\/v2\/pages\/1489\/revisions"}],"up":[{"embeddable":true,"href":"https:\/\/www.afibmatters.org\/de\/wp-json\/wp\/v2\/pages\/1459"}],"wp:attachment":[{"href":"https:\/\/www.afibmatters.org\/de\/wp-json\/wp\/v2\/media?parent=1489"}],"wp:term":[{"taxonomy":"category","embeddable":true,"href":"https:\/\/www.afibmatters.org\/de\/wp-json\/wp\/v2\/categories?post=1489"},{"taxonomy":"post_tag","embeddable":true,"href":"https:\/\/www.afibmatters.org\/de\/wp-json\/wp\/v2\/tags?post=1489"}],"curies":[{"name":"wp","href":"https:\/\/api.w.org\/{rel}","templated":true}]}}