{"id":1487,"date":"2020-03-03T11:56:58","date_gmt":"2020-03-03T11:56:58","guid":{"rendered":"https:\/\/www.afibmatters.org\/was-kann-mein-arzt-tun\/kontrolle-der-herzfrequenz-frequenzkontrolle\/"},"modified":"2020-03-05T11:22:59","modified_gmt":"2020-03-05T11:22:59","slug":"kontrolle-der-herzfrequenz-frequenzkontrolle","status":"publish","type":"page","link":"https:\/\/www.afibmatters.org\/de\/was-kann-mein-arzt-tun\/kontrolle-der-herzfrequenz-frequenzkontrolle\/","title":{"rendered":"Kontrolle der Herzfrequenz (Frequenzkontrolle)"},"content":{"rendered":"<p><img loading=\"lazy\" decoding=\"async\" class=\"alignnone size-large wp-image-917\" src=\"https:\/\/www.afibmatters.org\/wp-content\/uploads\/2020\/01\/shutterstock_1057509995-1024x692.jpg\" alt=\"\" width=\"1024\" height=\"692\" srcset=\"https:\/\/cdn-endpoint-afib.azureedge.net\/afibmatters\/2020\/01\/shutterstock_1057509995-1024x692.jpg 1024w, https:\/\/cdn-endpoint-afib.azureedge.net\/afibmatters\/2020\/01\/shutterstock_1057509995-300x203.jpg 300w, https:\/\/cdn-endpoint-afib.azureedge.net\/afibmatters\/2020\/01\/shutterstock_1057509995-768x519.jpg 768w, https:\/\/cdn-endpoint-afib.azureedge.net\/afibmatters\/2020\/01\/shutterstock_1057509995-1536x1039.jpg 1536w, https:\/\/cdn-endpoint-afib.azureedge.net\/afibmatters\/2020\/01\/shutterstock_1057509995-2048x1385.jpg 2048w, https:\/\/cdn-endpoint-afib.azureedge.net\/afibmatters\/2020\/01\/shutterstock_1057509995-500x338.jpg 500w\" sizes=\"auto, (max-width: 1024px) 100vw, 1024px\" \/><\/p>\n<p>Herzfrequenzkontrolle setzt voraus, dass Sie und Ihr Arzt das Vorliegen von Vorhofflimmern als Erkrankung akzeptiert haben, es jedoch m\u00f6glicherweise n\u00f6tig ist, die Herzfrequenz (Herzschl\u00e4ge pro Minute) zu kontrollieren, um Symptome zu vermeiden.<\/p>\n<p>Die Kontrolle der Herzfrequenz wird als Behandlungsoption gew\u00e4hlt, wenn Ihr Arzt nicht in der Lage war, den normalen Rhythmus wiederherzustellen (erfolgloser Versuch), oder der Arzt der Ansicht ist, dass aufgrund Ihrer zugrunde liegenden Herzerkrankung die Wiederherstellung des normalen Sinusrhythmus fast unm\u00f6glich ist.<\/p>\n<ul>\n<li>\n<h3>Mit Medikamenten<\/h3>\n<\/li>\n<\/ul>\n<p>Ihr Arzt kann Medikamente zur Normalisierung Ihrer Herzfrequenz (70-110 Schl\u00e4ge pro Minute im Ruhezustand) verschreiben.<\/p>\n<p>Abh\u00e4ngig von Ihren Symptomen kann der Arzt eine strenge Herzfrequenzkontrolle (mit einer Herzfrequenz von 70-90 Herzschl\u00e4gen pro Minute im Ruhezustand) oder eine milde Herzfrequenzkontrolle (mit Herzfrequenz von 100-110 Herzschl\u00e4gen pro Minute im Ruhezustand) w\u00e4hlen.<\/p>\n<p>Medikamente, die zur Steuerung Ihrer Herzfrequenz verwendet werden k\u00f6nnen, sind:<\/p>\n<ul>\n<li><strong>Betablocker:<\/strong> Diese Medikamente verlangsamen die Herzfrequenz im Ruhezustand und bei Aktivit\u00e4t. Sie sind in der Regel die erste Wahl, unabh\u00e4ngig von der zugrunde liegenden Herzkrankheit.<\/li>\n<li><strong>Calciumkanalblocker<\/strong> : Diese Medikamente steuern ebenfalls Ihre Herzfrequenz, m\u00fcssen aber m\u00f6glicherweise vermieden werden, wenn Sie an Herzinsuffizienz oder niedrigem Blutdruck leiden.<\/li>\n<li><strong>Digoxin<\/strong> : Dieses Medikament kontrolliert die Herzfrequenz im Ruhezustand, aber nicht bei Aktivit\u00e4t. Es kann zus\u00e4tzlich zu Betablockern oder, in selteneren F\u00e4llen, Calziumkanalblockern verwendet werden, wenn eine einzelne Therapie die Herzfrequenz nicht ausreichend verlangsamt hat.<\/li>\n<li><strong>Amiodaron<\/strong> : In sehr seltenen F\u00e4llen kann Ihr Arzt entscheiden, Ihre Herzfrequenz mit diesem Medikament allein oder in Kombination mit Betablockern zu kontrollieren. Amiodaron ist sehr wirksam bei der Kontrolle der Herzfrequenz, hat aber schwerwiegende Nebenwirkungen in der chronischen Therapie. Es sammelt sich in der Schilddr\u00fcse, in der Lunge, der Haut usw. an.<\/li>\n<\/ul>\n<p>&nbsp;<\/p>\n<ul>\n<li><a href=\"https:\/\/www.afibmatters.org\/de\/was-kann-mein-arzt-tun\/ablation-von-vorhofflimmern\/\">Mit Ablation<\/a><\/li>\n<\/ul>\n<p>&nbsp;<\/p>\n<p><a href=\"https:\/\/www.afibmatters.org\/de\/was-kann-ich-tun\/wie-sollte-ich-mein-leben-aendern\/\"><strong>Erfahren Sie mehr \u00fcber: \u201eWie sollte ich mein Leben ver\u00e4ndern?\u201d<\/strong><\/a><\/p>\n<p>&nbsp;<\/p>\n","protected":false},"excerpt":{"rendered":"<p>Herzfrequenzkontrolle setzt voraus, dass Sie und Ihr Arzt das Vorliegen von Vorhofflimmern als Erkrankung akzeptiert haben, es jedoch m\u00f6glicherweise n\u00f6tig ist, die Herzfrequenz (Herzschl\u00e4ge pro Minute) zu kontrollieren, um Symptome zu vermeiden. Die Kontrolle der Herzfrequenz wird als Behandlungsoption gew\u00e4hlt, wenn Ihr Arzt nicht in der Lage war, den normalen Rhythmus wiederherzustellen (erfolgloser Versuch), oder [&hellip;]<\/p>\n","protected":false},"author":1,"featured_media":0,"parent":1459,"menu_order":16,"comment_status":"closed","ping_status":"closed","template":"","meta":{"_acf_changed":false,"footnotes":""},"categories":[57],"tags":[],"class_list":["post-1487","page","type-page","status-publish","hentry","category-was-kann-mein-arzt-tun"],"acf":[],"_links":{"self":[{"href":"https:\/\/www.afibmatters.org\/de\/wp-json\/wp\/v2\/pages\/1487","targetHints":{"allow":["GET"]}}],"collection":[{"href":"https:\/\/www.afibmatters.org\/de\/wp-json\/wp\/v2\/pages"}],"about":[{"href":"https:\/\/www.afibmatters.org\/de\/wp-json\/wp\/v2\/types\/page"}],"author":[{"embeddable":true,"href":"https:\/\/www.afibmatters.org\/de\/wp-json\/wp\/v2\/users\/1"}],"replies":[{"embeddable":true,"href":"https:\/\/www.afibmatters.org\/de\/wp-json\/wp\/v2\/comments?post=1487"}],"version-history":[{"count":1,"href":"https:\/\/www.afibmatters.org\/de\/wp-json\/wp\/v2\/pages\/1487\/revisions"}],"predecessor-version":[{"id":1692,"href":"https:\/\/www.afibmatters.org\/de\/wp-json\/wp\/v2\/pages\/1487\/revisions\/1692"}],"up":[{"embeddable":true,"href":"https:\/\/www.afibmatters.org\/de\/wp-json\/wp\/v2\/pages\/1459"}],"wp:attachment":[{"href":"https:\/\/www.afibmatters.org\/de\/wp-json\/wp\/v2\/media?parent=1487"}],"wp:term":[{"taxonomy":"category","embeddable":true,"href":"https:\/\/www.afibmatters.org\/de\/wp-json\/wp\/v2\/categories?post=1487"},{"taxonomy":"post_tag","embeddable":true,"href":"https:\/\/www.afibmatters.org\/de\/wp-json\/wp\/v2\/tags?post=1487"}],"curies":[{"name":"wp","href":"https:\/\/api.w.org\/{rel}","templated":true}]}}