{"id":1475,"date":"2020-03-03T11:56:56","date_gmt":"2020-03-03T11:56:56","guid":{"rendered":"https:\/\/www.afibmatters.org\/was-kann-mein-arzt-tun\/wiederherstellung-eines-normalen-herzrhythmus-und-vermeidung-von-rueckfaellen\/"},"modified":"2022-01-27T09:58:29","modified_gmt":"2022-01-27T09:58:29","slug":"wiederherstellung-eines-normalen-herzrhythmus-und-vermeidung-von-rueckfaellen","status":"publish","type":"page","link":"https:\/\/www.afibmatters.org\/de\/was-kann-mein-arzt-tun\/wiederherstellung-eines-normalen-herzrhythmus-und-vermeidung-von-rueckfaellen\/","title":{"rendered":"Wiederherstellung eines normalen Herzrhythmus und Vermeidung von R\u00fcckf\u00e4llen"},"content":{"rendered":"<p>Es kann vorkommen, dass der normale Rhythmus nach einer Episode von Vorhofflimmern ohne Behandlung zur\u00fcckkehrt. Wenn dies nicht der Fall ist oder wenn Sie Symptome w\u00e4hrend Ihres Vorhofflimmerns aufweisen, wird Ihr Arzt Ihnen m\u00f6glicherweise empfehlen, <strong>eine Stabilisierung Ihres Herzrhythmus<\/strong> auf einen normalen Rhythmus (Sinusrhythmus) durchzuf\u00fchren. Diesen Vorgang nennt man<strong>Rhythmuskontrolle<\/strong>.<\/p>\n<p>Bei der Wahl der Strategie f\u00fcr eine Rhythmuskontrolle gibt es zwei M\u00f6glichkeiten, den normalen Sinusrhythmus wiederherzustellen: mit Medikamenten (pharmakologische Kardioversion) und mit elektrischer Kardioversion.<\/p>\n<p>Bevor bei Ihnen eine Kardioversion durchgef\u00fchrt wird, sei es eine elektrische oder eine pharmakologische, kann Ihr Arzt Sie dazu auffordern, ab mindestens 3 Wochen vor dem Eingriff Antikoagulantien (Blutverd\u00fcnner) einzunehmen. Andererseits kann Ihr Arzt die Existenz von Blutgerinnseln im Herzen ausschlie\u00dfen, indem er vor der Kardioversion eine spezielle Art der Magnetresonanztomographie namens trans\u00f6sophageale Echokardiographie durchf\u00fchrt. Sie m\u00fcssen Ihre Antikoagulanzien auch nach der Kardioversion mindestens 4 Wochen lang fortsetzen, um Ihr Schlaganfallrisiko zu reduzieren. Abh\u00e4ngig von Ihrem allgemeinen Schlaganfallrisiko kann Ihr Arzt Sie bitten, f\u00fcr den Rest Ihres Lebens weiterhin Blutverd\u00fcnner zu nehmen.<\/p>\n<p>&nbsp;<\/p>\n<ul>\n<li>\n<h3>Medikamente<\/h3>\n<\/li>\n<\/ul>\n<p><img loading=\"lazy\" decoding=\"async\" class=\"alignnone wp-image-6159 size-full\" src=\"https:\/\/cdn-endpoint-afib.azureedge.net\/afibmatters\/2022\/01\/iStock-467032360-1024x686-1-min.jpg?_t=1643277500\" alt=\"\" width=\"800\" height=\"536\" srcset=\"https:\/\/cdn-endpoint-afib.azureedge.net\/afibmatters\/2022\/01\/iStock-467032360-1024x686-1-min.jpg 800w, https:\/\/cdn-endpoint-afib.azureedge.net\/afibmatters\/2022\/01\/iStock-467032360-1024x686-1-min-300x201.jpg 300w, https:\/\/cdn-endpoint-afib.azureedge.net\/afibmatters\/2022\/01\/iStock-467032360-1024x686-1-min-768x515.jpg 768w, https:\/\/cdn-endpoint-afib.azureedge.net\/afibmatters\/2022\/01\/iStock-467032360-1024x686-1-min-500x335.jpg 500w\" sizes=\"auto, (max-width: 800px) 100vw, 800px\" \/><\/p>\n<p>Die Wiederherstellung des normalen Rhythmus kann mit Medikamenten erfolgen. Dies ist als <strong>pharmakologische Kardioversion<\/strong> bekannt. Medikamente sind auch n\u00fctzlich, um einen R\u00fcckfall von Vorhofflimmern zu verhindern.<\/p>\n<p>Die Medikamente, die verwendet werden, um den Sinusrhythmus wiederherzustellen und die Episoden von Vorhofflimmern zu reduzieren, werden als <strong>\u201eAntiarrhythmika\u201c<\/strong> bezeichnet und die am h\u00e4ufigsten verwendeten sind:<\/p>\n<ul>\n<li style=\"list-style-type: none;\">\n<ul>\n<li>Flecainid<\/li>\n<li>Dronedaron<\/li>\n<li>Sotalol<\/li>\n<li>Amiodaron<\/li>\n<li>Propafenon<\/li>\n<li>Disopyramid<\/li>\n<\/ul>\n<\/li>\n<\/ul>\n<p>&nbsp;<\/p>\n<p>Antiarrhythmika ver\u00e4ndern die elektrische Aktivit\u00e4t der Herzzellen, was die Wiederherstellung des normalen Sinusrhythmus erleichtert. Neben der Umwandlung von Vorhofflimmern k\u00f6nnen die Antiarrhythmika auch dazu beitragen, den normalen Sinusrhythmus aufrechtzuerhalten und Ihr Risiko, R\u00fcckf\u00e4lle mit Vorhofflimmern zu erleiden, zu reduzieren.<\/p>\n<p>Es kann vorkommen, dass Sie erst mehrere Antiarrhythmika ausprobieren m\u00fcssen, bevor Sie herausfinden, welches am besten zu Ihnen passt. Da nicht alle Antiarrhythmika f\u00fcr alle Patienten geeignet sind, wird Ihr Arzt in Abh\u00e4ngigkeit von Ihren anderen Erkrankungen entscheiden, welches f\u00fcr Sie am besten geeignet ist.<\/p>\n<p>Manche Antiarrhythmika wie etwa Amiodaron k\u00f6nnen schwere Nebenwirkungen haben. Ihr Arzt wird Sie regelm\u00e4\u00dfig untersuchen, um sicherzustellen, dass Sie dieses Medikament sicher weiter verwenden k\u00f6nnen. Gegebenenfalls ist hierf\u00fcr auch ein Bluttest erforderlich. Ihr Arzt wird Ihnen helfen, das beste Antiarrhythmikum f\u00fcr Ihre klinische Situation auszuw\u00e4hlen und die Vorteile und m\u00f6glichen Nebenwirkungen genauer mit Ihnen besprechen.<\/p>\n<p>&nbsp;<\/p>\n<ul>\n<li><a href=\"https:\/\/www.afibmatters.org\/de\/was-kann-mein-arzt-tun\/was-ist-eine-kardioversion\/\">Kardioversion<\/a><\/li>\n<li><a href=\"https:\/\/www.afibmatters.org\/de\/was-kann-mein-arzt-tun\/ablation-von-vorhofflimmern\/\">Ablation<\/a><\/li>\n<\/ul>\n<p>&nbsp;<\/p>\n<p><a href=\"https:\/\/www.afibmatters.org\/de\/was-kann-ich-tun\/wie-sollte-ich-mein-leben-aendern\/\"><strong>Erfahren Sie mehr \u00fcber: \u201eWie sollte ich mein Leben ver\u00e4ndern?\u201d<\/strong><\/a><\/p>\n","protected":false},"excerpt":{"rendered":"<p>Es kann vorkommen, dass der normale Rhythmus nach einer Episode von Vorhofflimmern ohne Behandlung zur\u00fcckkehrt. Wenn dies nicht der Fall ist oder wenn Sie Symptome w\u00e4hrend Ihres Vorhofflimmerns aufweisen, wird Ihr Arzt Ihnen m\u00f6glicherweise empfehlen, eine Stabilisierung Ihres Herzrhythmus auf einen normalen Rhythmus (Sinusrhythmus) durchzuf\u00fchren. Diesen Vorgang nennt manRhythmuskontrolle. Bei der Wahl der Strategie f\u00fcr [&hellip;]<\/p>\n","protected":false},"author":1,"featured_media":0,"parent":1459,"menu_order":15,"comment_status":"closed","ping_status":"closed","template":"","meta":{"_acf_changed":false,"footnotes":""},"categories":[57],"tags":[],"class_list":["post-1475","page","type-page","status-publish","hentry","category-was-kann-mein-arzt-tun"],"acf":[],"_links":{"self":[{"href":"https:\/\/www.afibmatters.org\/de\/wp-json\/wp\/v2\/pages\/1475","targetHints":{"allow":["GET"]}}],"collection":[{"href":"https:\/\/www.afibmatters.org\/de\/wp-json\/wp\/v2\/pages"}],"about":[{"href":"https:\/\/www.afibmatters.org\/de\/wp-json\/wp\/v2\/types\/page"}],"author":[{"embeddable":true,"href":"https:\/\/www.afibmatters.org\/de\/wp-json\/wp\/v2\/users\/1"}],"replies":[{"embeddable":true,"href":"https:\/\/www.afibmatters.org\/de\/wp-json\/wp\/v2\/comments?post=1475"}],"version-history":[{"count":3,"href":"https:\/\/www.afibmatters.org\/de\/wp-json\/wp\/v2\/pages\/1475\/revisions"}],"predecessor-version":[{"id":6182,"href":"https:\/\/www.afibmatters.org\/de\/wp-json\/wp\/v2\/pages\/1475\/revisions\/6182"}],"up":[{"embeddable":true,"href":"https:\/\/www.afibmatters.org\/de\/wp-json\/wp\/v2\/pages\/1459"}],"wp:attachment":[{"href":"https:\/\/www.afibmatters.org\/de\/wp-json\/wp\/v2\/media?parent=1475"}],"wp:term":[{"taxonomy":"category","embeddable":true,"href":"https:\/\/www.afibmatters.org\/de\/wp-json\/wp\/v2\/categories?post=1475"},{"taxonomy":"post_tag","embeddable":true,"href":"https:\/\/www.afibmatters.org\/de\/wp-json\/wp\/v2\/tags?post=1475"}],"curies":[{"name":"wp","href":"https:\/\/api.w.org\/{rel}","templated":true}]}}