{"id":1401,"date":"2020-03-03T11:56:36","date_gmt":"2020-03-03T11:56:36","guid":{"rendered":"https:\/\/www.afibmatters.org\/was-ist-vorhofflimmern\/die-verschiedenen-arten-von-afib\/"},"modified":"2022-01-26T15:41:51","modified_gmt":"2022-01-26T15:41:51","slug":"die-verschiedenen-arten-von-afib","status":"publish","type":"page","link":"https:\/\/www.afibmatters.org\/de\/was-ist-vorhofflimmern\/die-verschiedenen-arten-von-afib\/","title":{"rendered":"Die verschiedenen Arten von Vorhofflimmern"},"content":{"rendered":"<p><img loading=\"lazy\" decoding=\"async\" class=\"aligncenter wp-image-5520\" src=\"https:\/\/cdn-endpoint-afib.azureedge.net\/afibmatters\/2022\/01\/iStock-653030504-Converted-e1576842831897-1024x865-min.jpg?_t=1643211695\" alt=\"\" width=\"400\" height=\"338\" srcset=\"https:\/\/cdn-endpoint-afib.azureedge.net\/afibmatters\/2022\/01\/iStock-653030504-Converted-e1576842831897-1024x865-min.jpg 1024w, https:\/\/cdn-endpoint-afib.azureedge.net\/afibmatters\/2022\/01\/iStock-653030504-Converted-e1576842831897-1024x865-min-300x253.jpg 300w, https:\/\/cdn-endpoint-afib.azureedge.net\/afibmatters\/2022\/01\/iStock-653030504-Converted-e1576842831897-1024x865-min-768x649.jpg 768w, https:\/\/cdn-endpoint-afib.azureedge.net\/afibmatters\/2022\/01\/iStock-653030504-Converted-e1576842831897-1024x865-min-429x362.jpg 429w\" sizes=\"auto, (max-width: 400px) 100vw, 400px\" \/><\/p>\n<p>&nbsp;<\/p>\n<p>Wenn das Vorhofflimmern innerhalb kurzer Zeit aufh\u00f6rt, wird es als <strong>paroxysmal<\/strong> bezeichnet, wenn das Vorhofflimmern dauerhaft vorhanden ist oder \u00fcber l\u00e4ngere Zeitr\u00e4ume anh\u00e4lt, ist es <strong>persistierend<\/strong>. Wenn der normale Herzrhythmus nicht wiederhergestellt werden kann, spricht man von <strong>permanentem<\/strong> Vorhofflimmern. Diese Arten von Vorhofflimmern sprechen unterschiedlich gut auf die Therapie an und werden daher unterschiedlich behandelt.<\/p>\n<p>&nbsp;<\/p>\n<table>\n<tbody>\n<tr>\n<th><strong>Paroxysmal<\/strong><\/th>\n<td>Episoden von Vorhofflimmern dauern weniger als 7 Tage an<\/td>\n<\/tr>\n<tr>\n<th><strong>Persistierend<\/strong><\/th>\n<td>Eine Episode von Vorhofflimmern, die l\u00e4nger als 7 Tage anhielt.<\/td>\n<\/tr>\n<tr>\n<th><strong>Langanhaltend persistierend<\/strong><\/th>\n<td>Eine Episode von Vorhofflimmern, die l\u00e4nger als 1 Jahr anh\u00e4lt.<\/td>\n<\/tr>\n<tr>\n<th><strong>Permanent<\/strong><\/th>\n<td>Eine Beendigung wird nicht mehr angestrebt oder es ist nicht m\u00f6glich, den normalen Rhythmus wiederherzustellen.<\/td>\n<\/tr>\n<\/tbody>\n<\/table>\n<p>&nbsp;<\/p>\n<p>&nbsp;<\/p>\n","protected":false},"excerpt":{"rendered":"<p>&nbsp; Wenn das Vorhofflimmern innerhalb kurzer Zeit aufh\u00f6rt, wird es als paroxysmal bezeichnet, wenn das Vorhofflimmern dauerhaft vorhanden ist oder \u00fcber l\u00e4ngere Zeitr\u00e4ume anh\u00e4lt, ist es persistierend. Wenn der normale Herzrhythmus nicht wiederhergestellt werden kann, spricht man von permanentem Vorhofflimmern. Diese Arten von Vorhofflimmern sprechen unterschiedlich gut auf die Therapie an und werden daher unterschiedlich [&hellip;]<\/p>\n","protected":false},"author":1,"featured_media":0,"parent":1391,"menu_order":5,"comment_status":"closed","ping_status":"closed","template":"","meta":{"_acf_changed":false,"footnotes":""},"categories":[44],"tags":[],"class_list":["post-1401","page","type-page","status-publish","hentry","category-was-ist-afib"],"acf":[],"_links":{"self":[{"href":"https:\/\/www.afibmatters.org\/de\/wp-json\/wp\/v2\/pages\/1401","targetHints":{"allow":["GET"]}}],"collection":[{"href":"https:\/\/www.afibmatters.org\/de\/wp-json\/wp\/v2\/pages"}],"about":[{"href":"https:\/\/www.afibmatters.org\/de\/wp-json\/wp\/v2\/types\/page"}],"author":[{"embeddable":true,"href":"https:\/\/www.afibmatters.org\/de\/wp-json\/wp\/v2\/users\/1"}],"replies":[{"embeddable":true,"href":"https:\/\/www.afibmatters.org\/de\/wp-json\/wp\/v2\/comments?post=1401"}],"version-history":[{"count":3,"href":"https:\/\/www.afibmatters.org\/de\/wp-json\/wp\/v2\/pages\/1401\/revisions"}],"predecessor-version":[{"id":5893,"href":"https:\/\/www.afibmatters.org\/de\/wp-json\/wp\/v2\/pages\/1401\/revisions\/5893"}],"up":[{"embeddable":true,"href":"https:\/\/www.afibmatters.org\/de\/wp-json\/wp\/v2\/pages\/1391"}],"wp:attachment":[{"href":"https:\/\/www.afibmatters.org\/de\/wp-json\/wp\/v2\/media?parent=1401"}],"wp:term":[{"taxonomy":"category","embeddable":true,"href":"https:\/\/www.afibmatters.org\/de\/wp-json\/wp\/v2\/categories?post=1401"},{"taxonomy":"post_tag","embeddable":true,"href":"https:\/\/www.afibmatters.org\/de\/wp-json\/wp\/v2\/tags?post=1401"}],"curies":[{"name":"wp","href":"https:\/\/api.w.org\/{rel}","templated":true}]}}