{"id":1391,"date":"2020-03-03T11:51:16","date_gmt":"2020-03-03T11:51:16","guid":{"rendered":"https:\/\/www.afibmatters.org\/was-ist-vorhofflimmern\/"},"modified":"2021-08-03T15:03:13","modified_gmt":"2021-08-03T14:03:13","slug":"was-ist-vorhofflimmern","status":"publish","type":"page","link":"https:\/\/www.afibmatters.org\/de\/was-ist-vorhofflimmern\/","title":{"rendered":"Was ist Vorhofflimmern (AFib)?"},"content":{"rendered":"<p>Vorhofflimmern ist eine Herzerkrankung, die eine unregelm\u00e4\u00dfige und oftmals anormal schnelle Herzfrequenz verursacht. Ein normaler Ruhepuls sollte gleichm\u00e4\u00dfig zwischen 60 und 100 Schl\u00e4gen pro Minute liegen. Patienten mit Vorhofflimmern haben aber oftmals einen Ruhepuls von 100 bis 120 Schl\u00e4gen pro Minute und in manchen F\u00e4llen sogar einen noch h\u00f6heren Ruhepuls.<\/p>\n<p>Vorhofflimmern ist die h\u00e4ufigste Herzrhythmusst\u00f6rung, die etwa 1 % der Bev\u00f6lkerung betrifft W\u00e4hrend die Erkrankung selten bei Jugendlichen auftritt, sind etwa 5 % der \u00fcber 65-J\u00e4hrigen und 10 % der \u00fcber 80-J\u00e4hrigen von dieser Erkrankung betroffen.<\/p>\n<p>&nbsp;<\/p>\n<h2><a href=\"https:\/\/www.afibmatters.org\/de\/was-ist-vorhofflimmern\/der-normale-herzrhythmus-und-die-anatomie\/\">Der normale Herzrhythmus<\/a><\/h2>\n<p>Bei normalem Herzschlag werden die Muskelw\u00e4nde des Herzens gestrafft und zusammengezogen, um den K\u00f6rper \u00fcber den Blutkreislauf mit Blut zu versorgen. Daraufhin entspannen sich die Muskeln und das Herz kann sich wieder mit Blut f\u00fcllen. Dieser Vorgang wird bei jedem Herzschlag wiederholt.<\/p>\n<p>&nbsp;<\/p>\n<h2><a href=\"https:\/\/www.afibmatters.org\/de\/was-ist-vorhofflimmern\/das-herz-bei-vorhofflimmern\/\">Wie Vorhofflimmern das Herz beeinflusst<\/a><\/h2>\n<p>Vorhofflimmern tritt auf, wenn anormale elektrische Impulse pl\u00f6tzlich in die Vorh\u00f6fe schie\u00dfen. Dies f\u00fchrt dazu, dass sich die Herzkammern unregelm\u00e4\u00dfig und manchmal zu schnell f\u00fcr den Herzmuskel zusammenziehen, sodass sich der Herzmuskel zwischen den Kontraktionen nicht richtig entspannen kann \u2013 was die Leistung und Effizienz des Herzens verringert.<\/p>\n<p>Die Ursachen von Vorhofflimmern sind nicht vollst\u00e4ndig bekannt und obwohl die Erkrankung in der Regel nicht unbedingt lebensbedrohlich ist, stellt sie bei manchen Menschen eine ernstzunehmende Erkrankung dar, die dringender Behandlung bedarf. Ein Grund daf\u00fcr ist, dass hierdurch die Wahrscheinlichkeit steigt, dass sich Blutgerinnsel in den oberen Herzkammern bilden, die in andere Organe gepumpt werden k\u00f6nnen. Falls diese Blutgerinnsel Arterien in anderen Organen wie dem Gehirn verlegen, stoppen sie die Blut- und Sauerstoffzufuhr und k\u00f6nnen erhebliche Sch\u00e4den wie einen Schlaganfall verursachen.<\/p>\n<p>&nbsp;<\/p>\n<h2><a href=\"https:\/\/www.afibmatters.org\/de\/was-ist-vorhofflimmern\/die-verschiedenen-arten-von-afib\/\">Arten von Vorhofflimmern<\/a><\/h2>\n<p>Vorhofflimmern kann je nach H\u00e4ufigkeit und L\u00e4nge der Episoden auf verschiedene Weise definiert werden. Paroxysmales Vorhofflimmern steht f\u00fcr anfallsweise wiederkehrende Episoden, die in der Regel weniger als 7 Tage andauern, bei vielen Menschen dauern sie Minuten oder Stunden. Episoden eines persistierenden (anhaltenden) Vorhofflimmerns dauern l\u00e4nger als 7 Tage an. Bei permanentem Vorhofflimmern wird davon ausgegangen, dass das Vorhofflimmern chronisch sein wird und es werden keine Versuche mehr unternommen, den normalen Herzrhythmus wiederherzustellen.<\/p>\n<p>&nbsp;<\/p>\n<h2>Symptome von Vorhofflimmern<\/h2>\n<p>Zu den Symptomen von Vorhofflimmern geh\u00f6ren Herzrasen, Benommenheit, Schwindel, Kurzatmigkeit und M\u00fcdigkeit. Herzrasen zeigt sich als f\u00fchlbar auff\u00e4lliger Herzschlag. Bei Vorhofflimmern ist dies ein Gef\u00fchl von Herzflattern oder ein unregelm\u00e4\u00dfiger, chaotischer Herzschlag. Andere Symptome sind ein Engegef\u00fchl in der Brust, ein Stauungsgef\u00fchl oder einfach eine allgemeine Antriebslosigkeit.<\/p>\n<p>&nbsp;<\/p>\n<h2>Komplikationen bei Vorhofflimmern<\/h2>\n<p>Viele Menschen mit Vorhofflimmern sind sich der Erkrankung nicht bewusst, da diese m\u00f6glicherweise keine Symptome verursacht. Ein Mangel an Symptomen bedeutet jedoch nicht, dass das Risiko von Blutgerinnseln und Schlaganf\u00e4llen geringer ist. Patienten mit Vorhofflimmern sind 4- bis 5-mal h\u00e4ufiger von einem Schlaganfall betroffen, als Patienten ohne Vorhofflimmern. Die Schlaganf\u00e4lle treten normalerweise bei Menschen auf, die nicht wissen, dass sie ein Vorhofflimmern haben, und die keine Medikamente zum Schutz erhalten.<\/p>\n<p>Falls die Herzfrequenz viele Woche lang den ganzen Tag und die ganze Nacht \u00fcber sehr schnell ist, kann dies zudem den Herzmuskel schw\u00e4chen und eine Herzinsuffizienz verursachen \u2013 eine Erkrankung, bei der Ihr Herz nicht genug Blut in den Blutkreislauf bringen kann, um den Bedarf Ihres K\u00f6rpers zu decken.<\/p>\n<p>Dieser Abschnitt der Webseite enth\u00e4lt detaillierte Informationen \u00fcber die Anatomie des Herzens, \u00fcber die negativen Auswirkungen von Vorhofflimmern auf das Herz und \u00fcber verschiedene Arten von Vorhofflimmern und inwieweit jede Auswirkungen auf Patienten hat.<\/p>\n<p>&nbsp;<\/p>\n","protected":false},"excerpt":{"rendered":"<p>Vorhofflimmern ist eine Herzerkrankung, die eine unregelm\u00e4\u00dfige und oftmals anormal schnelle Herzfrequenz verursacht. Ein normaler Ruhepuls sollte gleichm\u00e4\u00dfig zwischen 60 und 100 Schl\u00e4gen pro Minute liegen. Patienten mit Vorhofflimmern haben aber oftmals einen Ruhepuls von 100 bis 120 Schl\u00e4gen pro Minute und in manchen F\u00e4llen sogar einen noch h\u00f6heren Ruhepuls. Vorhofflimmern ist die h\u00e4ufigste Herzrhythmusst\u00f6rung, [&hellip;]<\/p>\n","protected":false},"author":1,"featured_media":899,"parent":0,"menu_order":2,"comment_status":"closed","ping_status":"closed","template":"templates\/parent.php","meta":{"_acf_changed":false,"footnotes":""},"categories":[44],"tags":[],"class_list":["post-1391","page","type-page","status-publish","has-post-thumbnail","hentry","category-was-ist-afib"],"acf":[],"_links":{"self":[{"href":"https:\/\/www.afibmatters.org\/de\/wp-json\/wp\/v2\/pages\/1391","targetHints":{"allow":["GET"]}}],"collection":[{"href":"https:\/\/www.afibmatters.org\/de\/wp-json\/wp\/v2\/pages"}],"about":[{"href":"https:\/\/www.afibmatters.org\/de\/wp-json\/wp\/v2\/types\/page"}],"author":[{"embeddable":true,"href":"https:\/\/www.afibmatters.org\/de\/wp-json\/wp\/v2\/users\/1"}],"replies":[{"embeddable":true,"href":"https:\/\/www.afibmatters.org\/de\/wp-json\/wp\/v2\/comments?post=1391"}],"version-history":[{"count":6,"href":"https:\/\/www.afibmatters.org\/de\/wp-json\/wp\/v2\/pages\/1391\/revisions"}],"predecessor-version":[{"id":4921,"href":"https:\/\/www.afibmatters.org\/de\/wp-json\/wp\/v2\/pages\/1391\/revisions\/4921"}],"wp:featuredmedia":[{"embeddable":true,"href":"https:\/\/www.afibmatters.org\/de\/wp-json\/wp\/v2\/media\/899"}],"wp:attachment":[{"href":"https:\/\/www.afibmatters.org\/de\/wp-json\/wp\/v2\/media?parent=1391"}],"wp:term":[{"taxonomy":"category","embeddable":true,"href":"https:\/\/www.afibmatters.org\/de\/wp-json\/wp\/v2\/categories?post=1391"},{"taxonomy":"post_tag","embeddable":true,"href":"https:\/\/www.afibmatters.org\/de\/wp-json\/wp\/v2\/tags?post=1391"}],"curies":[{"name":"wp","href":"https:\/\/api.w.org\/{rel}","templated":true}]}}